{"id":1295,"date":"2024-01-19T13:51:21","date_gmt":"2024-01-19T13:51:21","guid":{"rendered":"https:\/\/thaimassage-kessenich.be\/?page_id=1295"},"modified":"2024-01-21T16:44:31","modified_gmt":"2024-01-21T16:44:31","slug":"aromatherapie-olmassage","status":"publish","type":"page","link":"https:\/\/thaimassage-kessenich.be\/index.php\/deutsch\/behandlungen\/aromatherapie-olmassage\/","title":{"rendered":"Aromatherapie-\u00d6lmassage="},"content":{"rendered":"<p>Die Aromatherapie-\u00d6lmassage ist eine Massagetherapie, bei der dem Massage\u00f6l oder der Lotion jedoch hochkonzentrierte Pflanzen\u00f6le, so genannte \u00e4therische \u00d6le, zugesetzt werden.<br \/>\nMan kann aus einer Reihe verschiedener D\u00fcfte (wie Vanille, Rose, &#8230;) w\u00e4hlen.<\/p>\n<p><img loading=\"lazy\" decoding=\"async\" class=\"alignnone wp-image-222 size-full\" src=\"https:\/\/thaimassage-kessenich.be\/wp-content\/uploads\/2023\/12\/S__3309666.jpg\" alt=\"\" width=\"420\" height=\"258\" srcset=\"https:\/\/thaimassage-kessenich.be\/wp-content\/uploads\/2023\/12\/S__3309666.jpg 420w, https:\/\/thaimassage-kessenich.be\/wp-content\/uploads\/2023\/12\/S__3309666-300x184.jpg 300w\" sizes=\"auto, (max-width: 420px) 100vw, 420px\" \/><\/p>\n<p>Die Aromatherapie-Massage eignet sich besonders f\u00fcr Stresszust\u00e4nde oder zur Verbesserung emotionaler Zust\u00e4nde.<\/p>\n<p>Stress und stressbedingte Zust\u00e4nde wie Schlaflosigkeit<br \/>\nKopfschmerzen<br \/>\nVerdauungsst\u00f6rungen<br \/>\nPr\u00e4menstruelles Syndrom (PMS)<br \/>\nR\u00fcckenschmerzen<\/p>\n<p><strong>Direkte Links zu den anderen Seiten der Behandlungen :<\/strong><\/p>\n<ul>\n<li><a href=\"https:\/\/thaimassage-kessenich.be\/index.php\/deutsch\/behandlungen\/aloe-vera-massage\/\">Aloe-Vera-Massage<\/a><\/li>\n<li><a href=\"https:\/\/thaimassage-kessenich.be\/index.php\/deutsch\/behandlungen\/aromatherapie-olmassage\/\">Aromatherapie-\u00d6l-Massage<\/a><\/li>\n<li><a href=\"https:\/\/thaimassage-kessenich.be\/index.php\/deutsch\/behandlungen\/kokosnussol-massage\/\">Kokosnuss-\u00d6l-Massage<\/a><\/li>\n<li><a href=\"https:\/\/thaimassage-kessenich.be\/index.php\/deutsch\/behandlungen\/heisol-massage\/\">Hei\u00dfe \u00d6lmassage<\/a><\/li>\n<li><a href=\"https:\/\/thaimassage-kessenich.be\/index.php\/deutsch\/behandlungen\/hot-stone-massage\/\">Hot-Stone-Massage<\/a><\/li>\n<li><a href=\"https:\/\/thaimassage-kessenich.be\/index.php\/deutsch\/behandlungen\/krauterstempel-massage\/\">Kr\u00e4uterstempel-Massage<\/a><\/li>\n<li><a href=\"https:\/\/thaimassage-kessenich.be\/index.php\/deutsch\/behandlungen\/ol-massage\/\">\u00d6l-Massage<\/a><\/li>\n<li><a href=\"https:\/\/thaimassage-kessenich.be\/index.php\/deutsch\/behandlungen\/fusreflexzonenmassage\/\">Fu\u00dfreflexzonenmassage<\/a><\/li>\n<li><a href=\"https:\/\/thaimassage-kessenich.be\/index.php\/deutsch\/behandlungen\/sport-massage\/\">Sportmassage<\/a><\/li>\n<li><a href=\"https:\/\/thaimassage-kessenich.be\/index.php\/deutsch\/behandlungen\/thai-krieger-massage\/\">Thai-Krieger-Massage<\/a><\/li>\n<li><a href=\"https:\/\/thaimassage-kessenich.be\/index.php\/deutsch\/behandlungen\/traditionelle-thai-massage\/\">Traditionelle Thai-Massage<\/a><\/li>\n<\/ul>\n","protected":false},"excerpt":{"rendered":"<p>Die Aromatherapie-\u00d6lmassage ist eine Massagetherapie, bei der dem Massage\u00f6l oder der Lotion jedoch hochkonzentrierte Pflanzen\u00f6le, so genannte \u00e4therische \u00d6le, zugesetzt werden. Man kann aus einer Reihe verschiedener D\u00fcfte (wie Vanille, Rose, &#8230;) w\u00e4hlen. Die Aromatherapie-Massage eignet sich besonders f\u00fcr Stresszust\u00e4nde oder zur Verbesserung emotionaler Zust\u00e4nde. Stress und stressbedingte Zust\u00e4nde wie Schlaflosigkeit Kopfschmerzen Verdauungsst\u00f6rungen Pr\u00e4menstruelles Syndrom [&hellip;]<\/p>\n","protected":false},"author":1,"featured_media":0,"parent":1324,"menu_order":0,"comment_status":"closed","ping_status":"closed","template":"","meta":{"_kadence_starter_templates_imported_post":false,"footnotes":""},"class_list":["post-1295","page","type-page","status-publish","hentry"],"yoast_head":"<!-- This site is optimized with the Yoast SEO plugin v27.2 - https:\/\/yoast.com\/product\/yoast-seo-wordpress\/ -->\n<title>Aromatherapie-\u00d6lmassage= - Thai Massage Kessenich - TMK<\/title>\n<meta name=\"description\" content=\"aromatherapy\" \/>\n<meta name=\"robots\" content=\"index, follow, max-snippet:-1, max-image-preview:large, max-video-preview:-1\" \/>\n<link rel=\"canonical\" href=\"https:\/\/thaimassage-kessenich.be\/index.php\/deutsch\/behandlungen\/aromatherapie-olmassage\/\" \/>\n<meta property=\"og:locale\" content=\"en_US\" \/>\n<meta property=\"og:type\" content=\"article\" \/>\n<meta property=\"og:title\" content=\"Aromatherapie-\u00d6lmassage= - Thai Massage Kessenich - TMK\" \/>\n<meta property=\"og:description\" content=\"aromatherapy\" \/>\n<meta property=\"og:url\" content=\"https:\/\/thaimassage-kessenich.be\/index.php\/deutsch\/behandlungen\/aromatherapie-olmassage\/\" \/>\n<meta property=\"og:site_name\" content=\"Thai Massage Kessenich - TMK\" \/>\n<meta property=\"article:modified_time\" content=\"2024-01-21T16:44:31+00:00\" \/>\n<meta property=\"og:image\" content=\"https:\/\/thaimassage-kessenich.be\/wp-content\/uploads\/2023\/12\/S__3309666.jpg\" \/>\n<meta name=\"twitter:card\" content=\"summary_large_image\" \/>\n<meta name=\"twitter:label1\" content=\"Est. reading time\" \/>\n\t<meta name=\"twitter:data1\" content=\"1 minute\" \/>\n<script type=\"application\/ld+json\" class=\"yoast-schema-graph\">{\"@context\":\"https:\/\/schema.org\",\"@graph\":[{\"@type\":\"TechArticle\",\"@id\":\"https:\/\/thaimassage-kessenich.be\/index.php\/deutsch\/behandlungen\/aromatherapie-olmassage\/#article\",\"isPartOf\":{\"@id\":\"https:\/\/thaimassage-kessenich.be\/index.php\/deutsch\/behandlungen\/aromatherapie-olmassage\/\"},\"author\":{\"name\":\"admin\",\"@id\":\"https:\/\/thaimassage-kessenich.be\/#\/schema\/person\/e3c38fff35bab0b4137fae0c0b1f468e\"},\"headline\":\"Aromatherapie-\u00d6lmassage=\",\"datePublished\":\"2024-01-19T13:51:21+00:00\",\"dateModified\":\"2024-01-21T16:44:31+00:00\",\"mainEntityOfPage\":{\"@id\":\"https:\/\/thaimassage-kessenich.be\/index.php\/deutsch\/behandlungen\/aromatherapie-olmassage\/\"},\"wordCount\":96,\"publisher\":{\"@id\":\"https:\/\/thaimassage-kessenich.be\/#organization\"},\"image\":{\"@id\":\"https:\/\/thaimassage-kessenich.be\/index.php\/deutsch\/behandlungen\/aromatherapie-olmassage\/#primaryimage\"},\"thumbnailUrl\":\"https:\/\/thaimassage-kessenich.be\/wp-content\/uploads\/2023\/12\/S__3309666.jpg\",\"inLanguage\":\"en-US\"},{\"@type\":[\"WebPage\",\"ItemPage\"],\"@id\":\"https:\/\/thaimassage-kessenich.be\/index.php\/deutsch\/behandlungen\/aromatherapie-olmassage\/\",\"url\":\"https:\/\/thaimassage-kessenich.be\/index.php\/deutsch\/behandlungen\/aromatherapie-olmassage\/\",\"name\":\"Aromatherapie-\u00d6lmassage= - Thai Massage Kessenich - TMK\",\"isPartOf\":{\"@id\":\"https:\/\/thaimassage-kessenich.be\/#website\"},\"primaryImageOfPage\":{\"@id\":\"https:\/\/thaimassage-kessenich.be\/index.php\/deutsch\/behandlungen\/aromatherapie-olmassage\/#primaryimage\"},\"image\":{\"@id\":\"https:\/\/thaimassage-kessenich.be\/index.php\/deutsch\/behandlungen\/aromatherapie-olmassage\/#primaryimage\"},\"thumbnailUrl\":\"https:\/\/thaimassage-kessenich.be\/wp-content\/uploads\/2023\/12\/S__3309666.jpg\",\"datePublished\":\"2024-01-19T13:51:21+00:00\",\"dateModified\":\"2024-01-21T16:44:31+00:00\",\"description\":\"aromatherapy\",\"breadcrumb\":{\"@id\":\"https:\/\/thaimassage-kessenich.be\/index.php\/deutsch\/behandlungen\/aromatherapie-olmassage\/#breadcrumb\"},\"inLanguage\":\"en-US\",\"potentialAction\":[{\"@type\":\"ReadAction\",\"target\":[\"https:\/\/thaimassage-kessenich.be\/index.php\/deutsch\/behandlungen\/aromatherapie-olmassage\/\"]}]},{\"@type\":\"ImageObject\",\"inLanguage\":\"en-US\",\"@id\":\"https:\/\/thaimassage-kessenich.be\/index.php\/deutsch\/behandlungen\/aromatherapie-olmassage\/#primaryimage\",\"url\":\"https:\/\/thaimassage-kessenich.be\/wp-content\/uploads\/2023\/12\/S__3309666.jpg\",\"contentUrl\":\"https:\/\/thaimassage-kessenich.be\/wp-content\/uploads\/2023\/12\/S__3309666.jpg\",\"width\":420,\"height\":258},{\"@type\":\"BreadcrumbList\",\"@id\":\"https:\/\/thaimassage-kessenich.be\/index.php\/deutsch\/behandlungen\/aromatherapie-olmassage\/#breadcrumb\",\"itemListElement\":[{\"@type\":\"ListItem\",\"position\":1,\"name\":\"Home\",\"item\":\"https:\/\/thaimassage-kessenich.be\/\"},{\"@type\":\"ListItem\",\"position\":2,\"name\":\"DEUTSCH\",\"item\":\"https:\/\/thaimassage-kessenich.be\/index.php\/deutsch\/\"},{\"@type\":\"ListItem\",\"position\":3,\"name\":\"Behandlungen=\",\"item\":\"https:\/\/thaimassage-kessenich.be\/index.php\/deutsch\/behandlungen\/\"},{\"@type\":\"ListItem\",\"position\":4,\"name\":\"Aromatherapie-\u00d6lmassage=\"}]},{\"@type\":\"WebSite\",\"@id\":\"https:\/\/thaimassage-kessenich.be\/#website\",\"url\":\"https:\/\/thaimassage-kessenich.be\/\",\"name\":\"Thai Massage Kessenich - TMK\",\"description\":\"Ontspannende en helende massages\",\"publisher\":{\"@id\":\"https:\/\/thaimassage-kessenich.be\/#organization\"},\"potentialAction\":[{\"@type\":\"SearchAction\",\"target\":{\"@type\":\"EntryPoint\",\"urlTemplate\":\"https:\/\/thaimassage-kessenich.be\/?s={search_term_string}\"},\"query-input\":{\"@type\":\"PropertyValueSpecification\",\"valueRequired\":true,\"valueName\":\"search_term_string\"}}],\"inLanguage\":\"en-US\"},{\"@type\":\"Organization\",\"@id\":\"https:\/\/thaimassage-kessenich.be\/#organization\",\"name\":\"Thai Massage Kessenich - TMK\",\"url\":\"https:\/\/thaimassage-kessenich.be\/\",\"logo\":{\"@type\":\"ImageObject\",\"inLanguage\":\"en-US\",\"@id\":\"https:\/\/thaimassage-kessenich.be\/#\/schema\/logo\/image\/\",\"url\":\"https:\/\/thaimassage-kessenich.be\/wp-content\/uploads\/2024\/01\/2024-01-09-TMK-logo-final-zw-copy-512x512-1.png\",\"contentUrl\":\"https:\/\/thaimassage-kessenich.be\/wp-content\/uploads\/2024\/01\/2024-01-09-TMK-logo-final-zw-copy-512x512-1.png\",\"width\":512,\"height\":511,\"caption\":\"Thai Massage Kessenich - TMK\"},\"image\":{\"@id\":\"https:\/\/thaimassage-kessenich.be\/#\/schema\/logo\/image\/\"}},{\"@type\":\"Person\",\"@id\":\"https:\/\/thaimassage-kessenich.be\/#\/schema\/person\/e3c38fff35bab0b4137fae0c0b1f468e\",\"name\":\"admin\",\"image\":{\"@type\":\"ImageObject\",\"inLanguage\":\"en-US\",\"@id\":\"https:\/\/secure.gravatar.com\/avatar\/58e8f26bb32b8176d477f34ebfaa1fa9883fa8cb9c6bfe38399a7afd611b743a?s=96&d=mm&r=g\",\"url\":\"https:\/\/secure.gravatar.com\/avatar\/58e8f26bb32b8176d477f34ebfaa1fa9883fa8cb9c6bfe38399a7afd611b743a?s=96&d=mm&r=g\",\"contentUrl\":\"https:\/\/secure.gravatar.com\/avatar\/58e8f26bb32b8176d477f34ebfaa1fa9883fa8cb9c6bfe38399a7afd611b743a?s=96&d=mm&r=g\",\"caption\":\"admin\"},\"sameAs\":[\"https:\/\/thaimassage-kessenich.be\"],\"url\":\"https:\/\/thaimassage-kessenich.be\/index.php\/author\/b2bd1a492886642e\/\"}]}<\/script>\n<!-- \/ Yoast SEO plugin. -->","yoast_head_json":{"title":"Aromatherapie-\u00d6lmassage= - Thai Massage Kessenich - TMK","description":"aromatherapy","robots":{"index":"index","follow":"follow","max-snippet":"max-snippet:-1","max-image-preview":"max-image-preview:large","max-video-preview":"max-video-preview:-1"},"canonical":"https:\/\/thaimassage-kessenich.be\/index.php\/deutsch\/behandlungen\/aromatherapie-olmassage\/","og_locale":"en_US","og_type":"article","og_title":"Aromatherapie-\u00d6lmassage= - Thai Massage Kessenich - TMK","og_description":"aromatherapy","og_url":"https:\/\/thaimassage-kessenich.be\/index.php\/deutsch\/behandlungen\/aromatherapie-olmassage\/","og_site_name":"Thai Massage Kessenich - TMK","article_modified_time":"2024-01-21T16:44:31+00:00","og_image":[{"url":"https:\/\/thaimassage-kessenich.be\/wp-content\/uploads\/2023\/12\/S__3309666.jpg","type":"","width":"","height":""}],"twitter_card":"summary_large_image","twitter_misc":{"Est. reading time":"1 minute"},"schema":{"@context":"https:\/\/schema.org","@graph":[{"@type":"TechArticle","@id":"https:\/\/thaimassage-kessenich.be\/index.php\/deutsch\/behandlungen\/aromatherapie-olmassage\/#article","isPartOf":{"@id":"https:\/\/thaimassage-kessenich.be\/index.php\/deutsch\/behandlungen\/aromatherapie-olmassage\/"},"author":{"name":"admin","@id":"https:\/\/thaimassage-kessenich.be\/#\/schema\/person\/e3c38fff35bab0b4137fae0c0b1f468e"},"headline":"Aromatherapie-\u00d6lmassage=","datePublished":"2024-01-19T13:51:21+00:00","dateModified":"2024-01-21T16:44:31+00:00","mainEntityOfPage":{"@id":"https:\/\/thaimassage-kessenich.be\/index.php\/deutsch\/behandlungen\/aromatherapie-olmassage\/"},"wordCount":96,"publisher":{"@id":"https:\/\/thaimassage-kessenich.be\/#organization"},"image":{"@id":"https:\/\/thaimassage-kessenich.be\/index.php\/deutsch\/behandlungen\/aromatherapie-olmassage\/#primaryimage"},"thumbnailUrl":"https:\/\/thaimassage-kessenich.be\/wp-content\/uploads\/2023\/12\/S__3309666.jpg","inLanguage":"en-US"},{"@type":["WebPage","ItemPage"],"@id":"https:\/\/thaimassage-kessenich.be\/index.php\/deutsch\/behandlungen\/aromatherapie-olmassage\/","url":"https:\/\/thaimassage-kessenich.be\/index.php\/deutsch\/behandlungen\/aromatherapie-olmassage\/","name":"Aromatherapie-\u00d6lmassage= - Thai Massage Kessenich - TMK","isPartOf":{"@id":"https:\/\/thaimassage-kessenich.be\/#website"},"primaryImageOfPage":{"@id":"https:\/\/thaimassage-kessenich.be\/index.php\/deutsch\/behandlungen\/aromatherapie-olmassage\/#primaryimage"},"image":{"@id":"https:\/\/thaimassage-kessenich.be\/index.php\/deutsch\/behandlungen\/aromatherapie-olmassage\/#primaryimage"},"thumbnailUrl":"https:\/\/thaimassage-kessenich.be\/wp-content\/uploads\/2023\/12\/S__3309666.jpg","datePublished":"2024-01-19T13:51:21+00:00","dateModified":"2024-01-21T16:44:31+00:00","description":"aromatherapy","breadcrumb":{"@id":"https:\/\/thaimassage-kessenich.be\/index.php\/deutsch\/behandlungen\/aromatherapie-olmassage\/#breadcrumb"},"inLanguage":"en-US","potentialAction":[{"@type":"ReadAction","target":["https:\/\/thaimassage-kessenich.be\/index.php\/deutsch\/behandlungen\/aromatherapie-olmassage\/"]}]},{"@type":"ImageObject","inLanguage":"en-US","@id":"https:\/\/thaimassage-kessenich.be\/index.php\/deutsch\/behandlungen\/aromatherapie-olmassage\/#primaryimage","url":"https:\/\/thaimassage-kessenich.be\/wp-content\/uploads\/2023\/12\/S__3309666.jpg","contentUrl":"https:\/\/thaimassage-kessenich.be\/wp-content\/uploads\/2023\/12\/S__3309666.jpg","width":420,"height":258},{"@type":"BreadcrumbList","@id":"https:\/\/thaimassage-kessenich.be\/index.php\/deutsch\/behandlungen\/aromatherapie-olmassage\/#breadcrumb","itemListElement":[{"@type":"ListItem","position":1,"name":"Home","item":"https:\/\/thaimassage-kessenich.be\/"},{"@type":"ListItem","position":2,"name":"DEUTSCH","item":"https:\/\/thaimassage-kessenich.be\/index.php\/deutsch\/"},{"@type":"ListItem","position":3,"name":"Behandlungen=","item":"https:\/\/thaimassage-kessenich.be\/index.php\/deutsch\/behandlungen\/"},{"@type":"ListItem","position":4,"name":"Aromatherapie-\u00d6lmassage="}]},{"@type":"WebSite","@id":"https:\/\/thaimassage-kessenich.be\/#website","url":"https:\/\/thaimassage-kessenich.be\/","name":"Thai Massage Kessenich - TMK","description":"Ontspannende en helende massages","publisher":{"@id":"https:\/\/thaimassage-kessenich.be\/#organization"},"potentialAction":[{"@type":"SearchAction","target":{"@type":"EntryPoint","urlTemplate":"https:\/\/thaimassage-kessenich.be\/?s={search_term_string}"},"query-input":{"@type":"PropertyValueSpecification","valueRequired":true,"valueName":"search_term_string"}}],"inLanguage":"en-US"},{"@type":"Organization","@id":"https:\/\/thaimassage-kessenich.be\/#organization","name":"Thai Massage Kessenich - TMK","url":"https:\/\/thaimassage-kessenich.be\/","logo":{"@type":"ImageObject","inLanguage":"en-US","@id":"https:\/\/thaimassage-kessenich.be\/#\/schema\/logo\/image\/","url":"https:\/\/thaimassage-kessenich.be\/wp-content\/uploads\/2024\/01\/2024-01-09-TMK-logo-final-zw-copy-512x512-1.png","contentUrl":"https:\/\/thaimassage-kessenich.be\/wp-content\/uploads\/2024\/01\/2024-01-09-TMK-logo-final-zw-copy-512x512-1.png","width":512,"height":511,"caption":"Thai Massage Kessenich - TMK"},"image":{"@id":"https:\/\/thaimassage-kessenich.be\/#\/schema\/logo\/image\/"}},{"@type":"Person","@id":"https:\/\/thaimassage-kessenich.be\/#\/schema\/person\/e3c38fff35bab0b4137fae0c0b1f468e","name":"admin","image":{"@type":"ImageObject","inLanguage":"en-US","@id":"https:\/\/secure.gravatar.com\/avatar\/58e8f26bb32b8176d477f34ebfaa1fa9883fa8cb9c6bfe38399a7afd611b743a?s=96&d=mm&r=g","url":"https:\/\/secure.gravatar.com\/avatar\/58e8f26bb32b8176d477f34ebfaa1fa9883fa8cb9c6bfe38399a7afd611b743a?s=96&d=mm&r=g","contentUrl":"https:\/\/secure.gravatar.com\/avatar\/58e8f26bb32b8176d477f34ebfaa1fa9883fa8cb9c6bfe38399a7afd611b743a?s=96&d=mm&r=g","caption":"admin"},"sameAs":["https:\/\/thaimassage-kessenich.be"],"url":"https:\/\/thaimassage-kessenich.be\/index.php\/author\/b2bd1a492886642e\/"}]}},"_links":{"self":[{"href":"https:\/\/thaimassage-kessenich.be\/index.php\/wp-json\/wp\/v2\/pages\/1295","targetHints":{"allow":["GET"]}}],"collection":[{"href":"https:\/\/thaimassage-kessenich.be\/index.php\/wp-json\/wp\/v2\/pages"}],"about":[{"href":"https:\/\/thaimassage-kessenich.be\/index.php\/wp-json\/wp\/v2\/types\/page"}],"author":[{"embeddable":true,"href":"https:\/\/thaimassage-kessenich.be\/index.php\/wp-json\/wp\/v2\/users\/1"}],"replies":[{"embeddable":true,"href":"https:\/\/thaimassage-kessenich.be\/index.php\/wp-json\/wp\/v2\/comments?post=1295"}],"version-history":[{"count":10,"href":"https:\/\/thaimassage-kessenich.be\/index.php\/wp-json\/wp\/v2\/pages\/1295\/revisions"}],"predecessor-version":[{"id":1498,"href":"https:\/\/thaimassage-kessenich.be\/index.php\/wp-json\/wp\/v2\/pages\/1295\/revisions\/1498"}],"up":[{"embeddable":true,"href":"https:\/\/thaimassage-kessenich.be\/index.php\/wp-json\/wp\/v2\/pages\/1324"}],"wp:attachment":[{"href":"https:\/\/thaimassage-kessenich.be\/index.php\/wp-json\/wp\/v2\/media?parent=1295"}],"curies":[{"name":"wp","href":"https:\/\/api.w.org\/{rel}","templated":true}]}}