{"id":1312,"date":"2024-01-19T14:09:40","date_gmt":"2024-01-19T14:09:40","guid":{"rendered":"https:\/\/thaimassage-kessenich.be\/?page_id=1312"},"modified":"2026-03-30T13:04:05","modified_gmt":"2026-03-30T13:04:05","slug":"startseite","status":"publish","type":"page","link":"https:\/\/thaimassage-kessenich.be\/index.php\/deutsch\/startseite\/","title":{"rendered":"Startseite="},"content":{"rendered":"\r\n<p>== <a href=\"https:\/\/thaimassage-kessenich.be\/index.php\/deutsch\/startseite\/\">STARTSEITE<\/a> &#8211; <a href=\"https:\/\/thaimassage-kessenich.be\/index.php\/deutsch\/uber-uns\/\">UEBER UNS<\/a> &#8211; <a href=\"https:\/\/thaimassage-kessenich.be\/index.php\/deutsch\/geschichte\/\">GESCHICHTE<\/a> &#8211; <a href=\"https:\/\/thaimassage-kessenich.be\/index.php\/deutsch\/behandlungen\/\">BEHANDLUNGEN<\/a> &#8211; <a href=\"https:\/\/thaimassage-kessenich.be\/index.php\/deutsch\/pricelist\/\">PREISLISTE<\/a> &#8211; <a href=\"https:\/\/thaimassage-kessenich.be\/index.php\/deutsch\/kontakt-de\/\">KONTAKT<\/a> ==<\/p>\r\n<p>Wie sch\u00f6n, dass Sie unsere Website besuchen.<br \/>Sie finden dort alle m\u00f6glichen Informationen \u00fcber die angebotenen Behandlungen.<br \/>Zu einem m\u00f6chte ich hier eine kurze Bemerkung machen. Es geht um ein allgemeines Missverst\u00e4ndnis \u00fcber die Behandlung Traditionelle Thaimassage, oder kurz Thaimassage, und das allgemeine Bild, das viele Menschen von dieser Art der Massage haben. Tats\u00e4chlich haben wir manchmal Kunden, die nach einer Thai-Massage fragen und dann denken, sie bek\u00e4men die \u00fcbliche Massage, wie sie in Thailand (f\u00fcr viele Touristen) typisch ist, und sich dann \u00fcber die Massage wundern.<br \/>Bei einer Thai-Massage werden die K\u00f6rperteile durch die Dehnung stark beansprucht. Wenn man also eine entspannende Massage haben m\u00f6chte, wie man sie vielleicht in Thailand kennt, kann man u.a. eine Standard-\u00d6lmassage w\u00e4hlen. Weitere Informationen \u00fcber die verschiedenen Arten von Massagen finden Sie auf unserer Men\u00fcseite.<\/p>\r\n<p><strong>Um Missverst\u00e4ndnisse zu vermeiden, <span style=\"color: #ff0000;\"><span style=\"text-decoration: underline;\">alle<\/span> angebotenen Massagen sind von <span style=\"text-decoration: underline;\">nicht<\/span> erotischer entweder\/oder <span style=\"text-decoration: underline;\">nicht<\/span> sexueller Natur.<\/span><\/strong><\/p>\r\n<p><img loading=\"lazy\" decoding=\"async\" class=\"alignnone wp-image-1602 size-large\" src=\"https:\/\/thaimassage-kessenich.be\/wp-content\/uploads\/2024\/07\/20240624-135336-IMG_1141-red-red-copy-1024x614.jpg\" alt=\"\" width=\"1024\" height=\"614\" srcset=\"https:\/\/thaimassage-kessenich.be\/wp-content\/uploads\/2024\/07\/20240624-135336-IMG_1141-red-red-copy-1024x614.jpg 1024w, https:\/\/thaimassage-kessenich.be\/wp-content\/uploads\/2024\/07\/20240624-135336-IMG_1141-red-red-copy-300x180.jpg 300w, https:\/\/thaimassage-kessenich.be\/wp-content\/uploads\/2024\/07\/20240624-135336-IMG_1141-red-red-copy-768x460.jpg 768w, https:\/\/thaimassage-kessenich.be\/wp-content\/uploads\/2024\/07\/20240624-135336-IMG_1141-red-red-copy-1536x920.jpg 1536w, https:\/\/thaimassage-kessenich.be\/wp-content\/uploads\/2024\/07\/20240624-135336-IMG_1141-red-red-copy-2048x1227.jpg 2048w\" sizes=\"auto, (max-width: 1024px) 100vw, 1024px\" \/><\/p>\r\n<p>Wir haben unser Gesch\u00e4ft anfang Januar 2024, er\u00f6ffnet.<br \/>Zuvor hatten wir mehrere Jahre einen Salon in Phuket, Thailand.<br \/><br \/><img loading=\"lazy\" decoding=\"async\" class=\"alignnone size-medium wp-image-1617\" src=\"https:\/\/thaimassage-kessenich.be\/wp-content\/uploads\/2024\/07\/S__14622743_0-225x300.jpg\" alt=\"\" width=\"225\" height=\"300\" srcset=\"https:\/\/thaimassage-kessenich.be\/wp-content\/uploads\/2024\/07\/S__14622743_0-225x300.jpg 225w, https:\/\/thaimassage-kessenich.be\/wp-content\/uploads\/2024\/07\/S__14622743_0-768x1024.jpg 768w, https:\/\/thaimassage-kessenich.be\/wp-content\/uploads\/2024\/07\/S__14622743_0.jpg 1108w\" sizes=\"auto, (max-width: 225px) 100vw, 225px\" \/>\u00a0 <img loading=\"lazy\" decoding=\"async\" class=\"alignnone size-medium wp-image-901\" src=\"https:\/\/thaimassage-kessenich.be\/wp-content\/uploads\/2024\/01\/TMK-intro-XS-origineel-scaled-1-225x300.jpeg\" alt=\"\" width=\"225\" height=\"300\" srcset=\"https:\/\/thaimassage-kessenich.be\/wp-content\/uploads\/2024\/01\/TMK-intro-XS-origineel-scaled-1-225x300.jpeg 225w, https:\/\/thaimassage-kessenich.be\/wp-content\/uploads\/2024\/01\/TMK-intro-XS-origineel-scaled-1-768x1024.jpeg 768w, https:\/\/thaimassage-kessenich.be\/wp-content\/uploads\/2024\/01\/TMK-intro-XS-origineel-scaled-1-1152x1536.jpeg 1152w, https:\/\/thaimassage-kessenich.be\/wp-content\/uploads\/2024\/01\/TMK-intro-XS-origineel-scaled-1-1536x2048.jpeg 1536w, https:\/\/thaimassage-kessenich.be\/wp-content\/uploads\/2024\/01\/TMK-intro-XS-origineel-scaled-1-scaled.jpeg 1920w\" sizes=\"auto, (max-width: 225px) 100vw, 225px\" \/> \u00a0\u00a0 <img loading=\"lazy\" decoding=\"async\" class=\"alignnone size-medium wp-image-902\" src=\"https:\/\/thaimassage-kessenich.be\/wp-content\/uploads\/2024\/01\/TMK-dag-XS-origineel-scaled-1-225x300.jpeg\" alt=\"\" width=\"225\" height=\"300\" srcset=\"https:\/\/thaimassage-kessenich.be\/wp-content\/uploads\/2024\/01\/TMK-dag-XS-origineel-scaled-1-225x300.jpeg 225w, https:\/\/thaimassage-kessenich.be\/wp-content\/uploads\/2024\/01\/TMK-dag-XS-origineel-scaled-1-768x1024.jpeg 768w, https:\/\/thaimassage-kessenich.be\/wp-content\/uploads\/2024\/01\/TMK-dag-XS-origineel-scaled-1-1152x1536.jpeg 1152w, https:\/\/thaimassage-kessenich.be\/wp-content\/uploads\/2024\/01\/TMK-dag-XS-origineel-scaled-1-1536x2048.jpeg 1536w, https:\/\/thaimassage-kessenich.be\/wp-content\/uploads\/2024\/01\/TMK-dag-XS-origineel-scaled-1-scaled.jpeg 1920w\" sizes=\"auto, (max-width: 225px) 100vw, 225px\" \/><\/p>\r\n<p>Die \u00d6ffnungszeiten finden Sie auf der Seite Kontakt.<\/p>\r\n<p>Es gibt viele Variationsm\u00f6glichkeiten bei den Behandlungen, daher sind die hier angegebenen Preise nur Grundpreise.<br \/>F\u00fcr andere Kombinationen und M\u00f6glichkeiten k\u00f6nnen Sie uns jederzeit fragen.<\/p>\r\n<p><span class=\"HwtZe\" lang=\"de\"><span class=\"jCAhz ChMk0b\"><span class=\"ryNqvb\">Auf unserer Preislisten-Webseite finden Sie die Preise, die ab dem 1. Januar 2025 gelten. <br \/><br \/><\/span><\/span><\/span>Wenn Sie Ihrer Familie oder Ihren Freunden ein besonderes Geschenk machen m\u00f6chten, k\u00f6nnen Sie in unserem Salon auch Gutscheine erwerben.<\/p>\r\n<p><img loading=\"lazy\" decoding=\"async\" class=\"alignnone wp-image-1671 size-large\" src=\"https:\/\/thaimassage-kessenich.be\/wp-content\/uploads\/2024\/12\/IMG_2165-1024x768.jpeg\" alt=\"\" width=\"1024\" height=\"768\" srcset=\"https:\/\/thaimassage-kessenich.be\/wp-content\/uploads\/2024\/12\/IMG_2165-1024x768.jpeg 1024w, https:\/\/thaimassage-kessenich.be\/wp-content\/uploads\/2024\/12\/IMG_2165-300x225.jpeg 300w, https:\/\/thaimassage-kessenich.be\/wp-content\/uploads\/2024\/12\/IMG_2165-768x576.jpeg 768w, https:\/\/thaimassage-kessenich.be\/wp-content\/uploads\/2024\/12\/IMG_2165-1536x1152.jpeg 1536w, https:\/\/thaimassage-kessenich.be\/wp-content\/uploads\/2024\/12\/IMG_2165-2048x1536.jpeg 2048w\" sizes=\"auto, (max-width: 1024px) 100vw, 1024px\" \/>\u00a0\u00a0<\/p>\r\n","protected":false},"excerpt":{"rendered":"<p>== STARTSEITE &#8211; UEBER UNS &#8211; GESCHICHTE &#8211; BEHANDLUNGEN &#8211; PREISLISTE &#8211; KONTAKT == Wie sch\u00f6n, dass Sie unsere Website besuchen.Sie finden dort alle m\u00f6glichen Informationen \u00fcber die angebotenen Behandlungen.Zu einem m\u00f6chte ich hier eine kurze Bemerkung machen. Es geht um ein allgemeines Missverst\u00e4ndnis \u00fcber die Behandlung Traditionelle Thaimassage, oder kurz Thaimassage, und das allgemeine [&hellip;]<\/p>\n","protected":false},"author":1,"featured_media":0,"parent":1309,"menu_order":21,"comment_status":"closed","ping_status":"closed","template":"","meta":{"_kadence_starter_templates_imported_post":false,"footnotes":""},"class_list":["post-1312","page","type-page","status-publish","hentry"],"yoast_head":"<!-- This site is optimized with the Yoast SEO plugin v27.2 - https:\/\/yoast.com\/product\/yoast-seo-wordpress\/ -->\n<title>Startseite= - Thai Massage Kessenich - TMK<\/title>\n<meta name=\"description\" content=\"Thai, Massage, Kessenich, Herbal, Kruidenstempel, Sport, Oil, Foot\" \/>\n<meta name=\"robots\" content=\"index, follow, max-snippet:-1, max-image-preview:large, max-video-preview:-1\" \/>\n<link rel=\"canonical\" href=\"https:\/\/thaimassage-kessenich.be\/index.php\/deutsch\/startseite\/\" \/>\n<meta property=\"og:locale\" content=\"en_US\" \/>\n<meta property=\"og:type\" content=\"article\" \/>\n<meta property=\"og:title\" content=\"Startseite= - Thai Massage Kessenich - TMK\" \/>\n<meta property=\"og:description\" content=\"Thai, Massage, Kessenich, Herbal, Kruidenstempel, Sport, Oil, Foot\" \/>\n<meta property=\"og:url\" content=\"https:\/\/thaimassage-kessenich.be\/index.php\/deutsch\/startseite\/\" \/>\n<meta property=\"og:site_name\" content=\"Thai Massage Kessenich - TMK\" \/>\n<meta property=\"article:modified_time\" content=\"2026-03-30T13:04:05+00:00\" \/>\n<meta property=\"og:image\" content=\"https:\/\/thaimassage-kessenich.be\/wp-content\/uploads\/2024\/07\/20240624-135336-IMG_1141-red-red-copy-scaled.jpg\" \/>\n\t<meta property=\"og:image:width\" content=\"2560\" \/>\n\t<meta property=\"og:image:height\" content=\"1534\" \/>\n\t<meta property=\"og:image:type\" content=\"image\/jpeg\" \/>\n<meta name=\"twitter:card\" content=\"summary_large_image\" \/>\n<meta name=\"twitter:label1\" content=\"Est. reading time\" \/>\n\t<meta name=\"twitter:data1\" content=\"3 minutes\" \/>\n<script type=\"application\/ld+json\" class=\"yoast-schema-graph\">{\"@context\":\"https:\/\/schema.org\",\"@graph\":[{\"@type\":\"WebPage\",\"@id\":\"https:\/\/thaimassage-kessenich.be\/index.php\/deutsch\/startseite\/\",\"url\":\"https:\/\/thaimassage-kessenich.be\/index.php\/deutsch\/startseite\/\",\"name\":\"Startseite= - Thai Massage Kessenich - TMK\",\"isPartOf\":{\"@id\":\"https:\/\/thaimassage-kessenich.be\/#website\"},\"primaryImageOfPage\":{\"@id\":\"https:\/\/thaimassage-kessenich.be\/index.php\/deutsch\/startseite\/#primaryimage\"},\"image\":{\"@id\":\"https:\/\/thaimassage-kessenich.be\/index.php\/deutsch\/startseite\/#primaryimage\"},\"thumbnailUrl\":\"https:\/\/thaimassage-kessenich.be\/wp-content\/uploads\/2024\/07\/20240624-135336-IMG_1141-red-red-copy-1024x614.jpg\",\"datePublished\":\"2024-01-19T14:09:40+00:00\",\"dateModified\":\"2026-03-30T13:04:05+00:00\",\"description\":\"Thai, Massage, Kessenich, Herbal, Kruidenstempel, Sport, Oil, Foot\",\"breadcrumb\":{\"@id\":\"https:\/\/thaimassage-kessenich.be\/index.php\/deutsch\/startseite\/#breadcrumb\"},\"inLanguage\":\"en-US\",\"potentialAction\":[{\"@type\":\"ReadAction\",\"target\":[\"https:\/\/thaimassage-kessenich.be\/index.php\/deutsch\/startseite\/\"]}]},{\"@type\":\"ImageObject\",\"inLanguage\":\"en-US\",\"@id\":\"https:\/\/thaimassage-kessenich.be\/index.php\/deutsch\/startseite\/#primaryimage\",\"url\":\"https:\/\/thaimassage-kessenich.be\/wp-content\/uploads\/2024\/07\/20240624-135336-IMG_1141-red-red-copy-scaled.jpg\",\"contentUrl\":\"https:\/\/thaimassage-kessenich.be\/wp-content\/uploads\/2024\/07\/20240624-135336-IMG_1141-red-red-copy-scaled.jpg\",\"width\":2560,\"height\":1534},{\"@type\":\"BreadcrumbList\",\"@id\":\"https:\/\/thaimassage-kessenich.be\/index.php\/deutsch\/startseite\/#breadcrumb\",\"itemListElement\":[{\"@type\":\"ListItem\",\"position\":1,\"name\":\"Home\",\"item\":\"https:\/\/thaimassage-kessenich.be\/\"},{\"@type\":\"ListItem\",\"position\":2,\"name\":\"DEUTSCH\",\"item\":\"https:\/\/thaimassage-kessenich.be\/index.php\/deutsch\/\"},{\"@type\":\"ListItem\",\"position\":3,\"name\":\"Startseite=\"}]},{\"@type\":\"WebSite\",\"@id\":\"https:\/\/thaimassage-kessenich.be\/#website\",\"url\":\"https:\/\/thaimassage-kessenich.be\/\",\"name\":\"Thai Massage Kessenich - TMK\",\"description\":\"Ontspannende en helende massages\",\"publisher\":{\"@id\":\"https:\/\/thaimassage-kessenich.be\/#organization\"},\"potentialAction\":[{\"@type\":\"SearchAction\",\"target\":{\"@type\":\"EntryPoint\",\"urlTemplate\":\"https:\/\/thaimassage-kessenich.be\/?s={search_term_string}\"},\"query-input\":{\"@type\":\"PropertyValueSpecification\",\"valueRequired\":true,\"valueName\":\"search_term_string\"}}],\"inLanguage\":\"en-US\"},{\"@type\":\"Organization\",\"@id\":\"https:\/\/thaimassage-kessenich.be\/#organization\",\"name\":\"Thai Massage Kessenich - TMK\",\"url\":\"https:\/\/thaimassage-kessenich.be\/\",\"logo\":{\"@type\":\"ImageObject\",\"inLanguage\":\"en-US\",\"@id\":\"https:\/\/thaimassage-kessenich.be\/#\/schema\/logo\/image\/\",\"url\":\"https:\/\/thaimassage-kessenich.be\/wp-content\/uploads\/2024\/01\/2024-01-09-TMK-logo-final-zw-copy-512x512-1.png\",\"contentUrl\":\"https:\/\/thaimassage-kessenich.be\/wp-content\/uploads\/2024\/01\/2024-01-09-TMK-logo-final-zw-copy-512x512-1.png\",\"width\":512,\"height\":511,\"caption\":\"Thai Massage Kessenich - TMK\"},\"image\":{\"@id\":\"https:\/\/thaimassage-kessenich.be\/#\/schema\/logo\/image\/\"}}]}<\/script>\n<!-- \/ Yoast SEO plugin. -->","yoast_head_json":{"title":"Startseite= - Thai Massage Kessenich - TMK","description":"Thai, Massage, Kessenich, Herbal, Kruidenstempel, Sport, Oil, Foot","robots":{"index":"index","follow":"follow","max-snippet":"max-snippet:-1","max-image-preview":"max-image-preview:large","max-video-preview":"max-video-preview:-1"},"canonical":"https:\/\/thaimassage-kessenich.be\/index.php\/deutsch\/startseite\/","og_locale":"en_US","og_type":"article","og_title":"Startseite= - Thai Massage Kessenich - TMK","og_description":"Thai, Massage, Kessenich, Herbal, Kruidenstempel, Sport, Oil, Foot","og_url":"https:\/\/thaimassage-kessenich.be\/index.php\/deutsch\/startseite\/","og_site_name":"Thai Massage Kessenich - TMK","article_modified_time":"2026-03-30T13:04:05+00:00","og_image":[{"width":2560,"height":1534,"url":"https:\/\/thaimassage-kessenich.be\/wp-content\/uploads\/2024\/07\/20240624-135336-IMG_1141-red-red-copy-scaled.jpg","type":"image\/jpeg"}],"twitter_card":"summary_large_image","twitter_misc":{"Est. reading time":"3 minutes"},"schema":{"@context":"https:\/\/schema.org","@graph":[{"@type":"WebPage","@id":"https:\/\/thaimassage-kessenich.be\/index.php\/deutsch\/startseite\/","url":"https:\/\/thaimassage-kessenich.be\/index.php\/deutsch\/startseite\/","name":"Startseite= - Thai Massage Kessenich - TMK","isPartOf":{"@id":"https:\/\/thaimassage-kessenich.be\/#website"},"primaryImageOfPage":{"@id":"https:\/\/thaimassage-kessenich.be\/index.php\/deutsch\/startseite\/#primaryimage"},"image":{"@id":"https:\/\/thaimassage-kessenich.be\/index.php\/deutsch\/startseite\/#primaryimage"},"thumbnailUrl":"https:\/\/thaimassage-kessenich.be\/wp-content\/uploads\/2024\/07\/20240624-135336-IMG_1141-red-red-copy-1024x614.jpg","datePublished":"2024-01-19T14:09:40+00:00","dateModified":"2026-03-30T13:04:05+00:00","description":"Thai, Massage, Kessenich, Herbal, Kruidenstempel, Sport, Oil, Foot","breadcrumb":{"@id":"https:\/\/thaimassage-kessenich.be\/index.php\/deutsch\/startseite\/#breadcrumb"},"inLanguage":"en-US","potentialAction":[{"@type":"ReadAction","target":["https:\/\/thaimassage-kessenich.be\/index.php\/deutsch\/startseite\/"]}]},{"@type":"ImageObject","inLanguage":"en-US","@id":"https:\/\/thaimassage-kessenich.be\/index.php\/deutsch\/startseite\/#primaryimage","url":"https:\/\/thaimassage-kessenich.be\/wp-content\/uploads\/2024\/07\/20240624-135336-IMG_1141-red-red-copy-scaled.jpg","contentUrl":"https:\/\/thaimassage-kessenich.be\/wp-content\/uploads\/2024\/07\/20240624-135336-IMG_1141-red-red-copy-scaled.jpg","width":2560,"height":1534},{"@type":"BreadcrumbList","@id":"https:\/\/thaimassage-kessenich.be\/index.php\/deutsch\/startseite\/#breadcrumb","itemListElement":[{"@type":"ListItem","position":1,"name":"Home","item":"https:\/\/thaimassage-kessenich.be\/"},{"@type":"ListItem","position":2,"name":"DEUTSCH","item":"https:\/\/thaimassage-kessenich.be\/index.php\/deutsch\/"},{"@type":"ListItem","position":3,"name":"Startseite="}]},{"@type":"WebSite","@id":"https:\/\/thaimassage-kessenich.be\/#website","url":"https:\/\/thaimassage-kessenich.be\/","name":"Thai Massage Kessenich - TMK","description":"Ontspannende en helende massages","publisher":{"@id":"https:\/\/thaimassage-kessenich.be\/#organization"},"potentialAction":[{"@type":"SearchAction","target":{"@type":"EntryPoint","urlTemplate":"https:\/\/thaimassage-kessenich.be\/?s={search_term_string}"},"query-input":{"@type":"PropertyValueSpecification","valueRequired":true,"valueName":"search_term_string"}}],"inLanguage":"en-US"},{"@type":"Organization","@id":"https:\/\/thaimassage-kessenich.be\/#organization","name":"Thai Massage Kessenich - TMK","url":"https:\/\/thaimassage-kessenich.be\/","logo":{"@type":"ImageObject","inLanguage":"en-US","@id":"https:\/\/thaimassage-kessenich.be\/#\/schema\/logo\/image\/","url":"https:\/\/thaimassage-kessenich.be\/wp-content\/uploads\/2024\/01\/2024-01-09-TMK-logo-final-zw-copy-512x512-1.png","contentUrl":"https:\/\/thaimassage-kessenich.be\/wp-content\/uploads\/2024\/01\/2024-01-09-TMK-logo-final-zw-copy-512x512-1.png","width":512,"height":511,"caption":"Thai Massage Kessenich - TMK"},"image":{"@id":"https:\/\/thaimassage-kessenich.be\/#\/schema\/logo\/image\/"}}]}},"_links":{"self":[{"href":"https:\/\/thaimassage-kessenich.be\/index.php\/wp-json\/wp\/v2\/pages\/1312","targetHints":{"allow":["GET"]}}],"collection":[{"href":"https:\/\/thaimassage-kessenich.be\/index.php\/wp-json\/wp\/v2\/pages"}],"about":[{"href":"https:\/\/thaimassage-kessenich.be\/index.php\/wp-json\/wp\/v2\/types\/page"}],"author":[{"embeddable":true,"href":"https:\/\/thaimassage-kessenich.be\/index.php\/wp-json\/wp\/v2\/users\/1"}],"replies":[{"embeddable":true,"href":"https:\/\/thaimassage-kessenich.be\/index.php\/wp-json\/wp\/v2\/comments?post=1312"}],"version-history":[{"count":10,"href":"https:\/\/thaimassage-kessenich.be\/index.php\/wp-json\/wp\/v2\/pages\/1312\/revisions"}],"predecessor-version":[{"id":1798,"href":"https:\/\/thaimassage-kessenich.be\/index.php\/wp-json\/wp\/v2\/pages\/1312\/revisions\/1798"}],"up":[{"embeddable":true,"href":"https:\/\/thaimassage-kessenich.be\/index.php\/wp-json\/wp\/v2\/pages\/1309"}],"wp:attachment":[{"href":"https:\/\/thaimassage-kessenich.be\/index.php\/wp-json\/wp\/v2\/media?parent=1312"}],"curies":[{"name":"wp","href":"https:\/\/api.w.org\/{rel}","templated":true}]}}