{"id":1324,"date":"2024-01-19T15:09:07","date_gmt":"2024-01-19T15:09:07","guid":{"rendered":"https:\/\/thaimassage-kessenich.be\/?page_id=1324"},"modified":"2024-02-19T17:17:22","modified_gmt":"2024-02-19T17:17:22","slug":"behandlungen","status":"publish","type":"page","link":"https:\/\/thaimassage-kessenich.be\/index.php\/deutsch\/behandlungen\/","title":{"rendered":"Behandlungen="},"content":{"rendered":"<p>== <a href=\"https:\/\/thaimassage-kessenich.be\/index.php\/deutsch\/startseite\/\">STARTSEITE<\/a> &#8211; <a href=\"https:\/\/thaimassage-kessenich.be\/index.php\/deutsch\/uber-uns\/\">UEBER UNS<\/a> &#8211; <a href=\"https:\/\/thaimassage-kessenich.be\/index.php\/deutsch\/geschichte\/\">GESCHICHTE<\/a> &#8211; <a href=\"https:\/\/thaimassage-kessenich.be\/index.php\/deutsch\/behandlungen\/\">BEHANDLUNGEN<\/a> &#8211; <a href=\"https:\/\/thaimassage-kessenich.be\/index.php\/deutsch\/pricelist\/\">PREISLISTE<\/a> &#8211; <a href=\"https:\/\/thaimassage-kessenich.be\/index.php\/deutsch\/kontakt-de\/\">KONTAKT<\/a> ==<\/p>\n<p>F\u00fcr entspannende und heilende Massagen k\u00f6nnen Sie aus folgenden Behandlungen w\u00e4hlen:<\/p>\n<ul>\n<li><a href=\"https:\/\/thaimassage-kessenich.be\/index.php\/deutsch\/behandlungen\/aloe-vera-massage\/\">Aloe-Vera-Massage<\/a><\/li>\n<li><a href=\"https:\/\/thaimassage-kessenich.be\/index.php\/deutsch\/behandlungen\/aromatherapie-olmassage\/\">Aromatherapie-\u00d6l-Massage<\/a><\/li>\n<li><a href=\"https:\/\/thaimassage-kessenich.be\/index.php\/deutsch\/behandlungen\/kokosnussol-massage\/\">Kokosnuss-\u00d6l-Massage<\/a><\/li>\n<li><a href=\"https:\/\/thaimassage-kessenich.be\/index.php\/deutsch\/behandlungen\/heisol-massage\/\">Hei\u00dfe \u00d6lmassage<\/a><\/li>\n<li><a href=\"https:\/\/thaimassage-kessenich.be\/index.php\/deutsch\/behandlungen\/hot-stone-massage\/\">Hot-Stone-Massage<\/a><\/li>\n<li><a href=\"https:\/\/thaimassage-kessenich.be\/index.php\/deutsch\/behandlungen\/krauterstempel-massage\/\">Kr\u00e4uterstempel-Massage<\/a><\/li>\n<li><a href=\"https:\/\/thaimassage-kessenich.be\/index.php\/deutsch\/behandlungen\/ol-massage\/\">\u00d6l-Massage<\/a><\/li>\n<li><a href=\"https:\/\/thaimassage-kessenich.be\/index.php\/deutsch\/behandlungen\/fusreflexzonenmassage\/\">Fu\u00dfreflexzonenmassage<\/a><\/li>\n<li><a href=\"https:\/\/thaimassage-kessenich.be\/index.php\/deutsch\/behandlungen\/sport-massage\/\">Sportmassage<\/a><\/li>\n<li><a href=\"https:\/\/thaimassage-kessenich.be\/index.php\/deutsch\/behandlungen\/thai-krieger-massage\/\">Thai-Krieger-Massage<\/a><\/li>\n<li><a href=\"https:\/\/thaimassage-kessenich.be\/index.php\/deutsch\/behandlungen\/traditionelle-thai-massage\/\">Traditionelle Thai-Massage<\/a><\/li>\n<\/ul>\n<p>Klicken Sie oben auf den Punkt, der Sie interessiert, oder auf das Dropdown-Men\u00fc, um Informationen \u00fcber die Art der Massage f\u00fcr die oben genannten Behandlungen zu erhalten.<\/p>\n<div id=\"metaslider-id-762\" style=\"max-width: 400px;\" class=\"ml-slider-3-107-0 metaslider metaslider-flex metaslider-762 ml-slider ms-theme-default nav-hidden\" role=\"region\" aria-label=\"Behandeltypen\" data-height=\"400\" data-width=\"400\">\n    <div id=\"metaslider_container_762\">\n        <div id=\"metaslider_762\">\n            <ul class='slides'>\n                <li style=\"display: block; width: 100%;\" class=\"slide-763 ms-image \" aria-roledescription=\"slide\" data-date=\"2023-12-26 20:51:50\" data-filename=\"S__3301390.jpg\" data-slide-type=\"image\"><img loading=\"lazy\" decoding=\"async\" width=\"420\" height=\"281\" src=\"https:\/\/thaimassage-kessenich.be\/wp-content\/uploads\/2023\/12\/S__3301390.jpg\" class=\"slider-762 slide-763 msDefaultImage\" alt=\"\" rel=\"\" title=\"S__3301390\" style=\"margin-top: 16.547619047619%\" srcset=\"https:\/\/thaimassage-kessenich.be\/wp-content\/uploads\/2023\/12\/S__3301390.jpg 420w, https:\/\/thaimassage-kessenich.be\/wp-content\/uploads\/2023\/12\/S__3301390-300x201.jpg 300w\" sizes=\"auto, (max-width: 420px) 100vw, 420px\" \/><\/li>\n                <li style=\"display: none; width: 100%;\" class=\"slide-765 ms-image \" aria-roledescription=\"slide\" data-date=\"2023-12-26 20:52:32\" data-filename=\"S__3309609.jpg\" data-slide-type=\"image\"><img loading=\"lazy\" decoding=\"async\" width=\"312\" height=\"420\" src=\"https:\/\/thaimassage-kessenich.be\/wp-content\/uploads\/2023\/12\/S__3309609.jpg\" class=\"slider-762 slide-765 msDefaultImage\" alt=\"\" rel=\"\" title=\"S__3309609\" style=\"margin: 0 auto; width: 74.285714285714%\" srcset=\"https:\/\/thaimassage-kessenich.be\/wp-content\/uploads\/2023\/12\/S__3309609.jpg 312w, https:\/\/thaimassage-kessenich.be\/wp-content\/uploads\/2023\/12\/S__3309609-223x300.jpg 223w\" sizes=\"auto, (max-width: 312px) 100vw, 312px\" \/><\/li>\n                <li style=\"display: none; width: 100%;\" class=\"slide-838 ms-image \" aria-roledescription=\"slide\" data-date=\"2024-01-02 21:26:19\" data-filename=\"S__3309570_0.jpg\" data-slide-type=\"image\"><img loading=\"lazy\" decoding=\"async\" width=\"420\" height=\"321\" src=\"https:\/\/thaimassage-kessenich.be\/wp-content\/uploads\/2023\/12\/S__3309570_0.jpg\" class=\"slider-762 slide-838 msDefaultImage\" alt=\"\" rel=\"\" title=\"S__3309570_0\" style=\"margin-top: 11.785714285714%\" srcset=\"https:\/\/thaimassage-kessenich.be\/wp-content\/uploads\/2023\/12\/S__3309570_0.jpg 420w, https:\/\/thaimassage-kessenich.be\/wp-content\/uploads\/2023\/12\/S__3309570_0-300x229.jpg 300w\" sizes=\"auto, (max-width: 420px) 100vw, 420px\" \/><\/li>\n                <li style=\"display: none; width: 100%;\" class=\"slide-767 ms-image \" aria-roledescription=\"slide\" data-date=\"2023-12-26 20:53:36\" data-filename=\"S__3309658_0-1.jpg\" data-slide-type=\"image\"><img loading=\"lazy\" decoding=\"async\" width=\"407\" height=\"420\" src=\"https:\/\/thaimassage-kessenich.be\/wp-content\/uploads\/2023\/12\/S__3309658_0-1.jpg\" class=\"slider-762 slide-767 msDefaultImage\" alt=\"\" rel=\"\" title=\"S__3309658_0\" style=\"margin: 0 auto; width: 96.904761904762%\" srcset=\"https:\/\/thaimassage-kessenich.be\/wp-content\/uploads\/2023\/12\/S__3309658_0-1.jpg 407w, https:\/\/thaimassage-kessenich.be\/wp-content\/uploads\/2023\/12\/S__3309658_0-1-291x300.jpg 291w\" sizes=\"auto, (max-width: 407px) 100vw, 407px\" \/><\/li>\n                <li style=\"display: none; width: 100%;\" class=\"slide-766 ms-image \" aria-roledescription=\"slide\" data-date=\"2023-12-26 20:52:49\" data-filename=\"S__3309633_0.jpg\" data-slide-type=\"image\"><img loading=\"lazy\" decoding=\"async\" width=\"322\" height=\"322\" src=\"https:\/\/thaimassage-kessenich.be\/wp-content\/uploads\/2023\/12\/S__3309633_0.jpg\" class=\"slider-762 slide-766 msDefaultImage\" alt=\"\" rel=\"\" title=\"S__3309633_0\" style=\"margin-top: 7.105427357601E-15%\" srcset=\"https:\/\/thaimassage-kessenich.be\/wp-content\/uploads\/2023\/12\/S__3309633_0.jpg 322w, https:\/\/thaimassage-kessenich.be\/wp-content\/uploads\/2023\/12\/S__3309633_0-300x300.jpg 300w, https:\/\/thaimassage-kessenich.be\/wp-content\/uploads\/2023\/12\/S__3309633_0-150x150.jpg 150w\" sizes=\"auto, (max-width: 322px) 100vw, 322px\" \/><\/li>\n                <li style=\"display: none; width: 100%;\" class=\"slide-764 ms-image \" aria-roledescription=\"slide\" data-date=\"2023-12-26 20:52:21\" data-filename=\"S__3309637_0.jpg\" data-slide-type=\"image\"><img loading=\"lazy\" decoding=\"async\" width=\"353\" height=\"420\" src=\"https:\/\/thaimassage-kessenich.be\/wp-content\/uploads\/2023\/12\/S__3309637_0.jpg\" class=\"slider-762 slide-764 msDefaultImage\" alt=\"\" rel=\"\" title=\"S__3309637_0\" style=\"margin: 0 auto; width: 84.047619047619%\" srcset=\"https:\/\/thaimassage-kessenich.be\/wp-content\/uploads\/2023\/12\/S__3309637_0.jpg 353w, https:\/\/thaimassage-kessenich.be\/wp-content\/uploads\/2023\/12\/S__3309637_0-252x300.jpg 252w\" sizes=\"auto, (max-width: 353px) 100vw, 353px\" \/><\/li>\n                <li style=\"display: none; width: 100%;\" class=\"slide-769 ms-image \" aria-roledescription=\"slide\" data-date=\"2023-12-26 20:53:59\" data-filename=\"S__3309663.jpg\" data-slide-type=\"image\"><img loading=\"lazy\" decoding=\"async\" width=\"289\" height=\"193\" src=\"https:\/\/thaimassage-kessenich.be\/wp-content\/uploads\/2023\/12\/S__3309663.jpg\" class=\"slider-762 slide-769 msDefaultImage\" alt=\"\" rel=\"\" title=\"S__3309663\" style=\"margin-top: 16.608996539792%\" \/><\/li>\n                <li style=\"display: none; width: 100%;\" class=\"slide-768 ms-image \" aria-roledescription=\"slide\" data-date=\"2023-12-26 20:53:48\" data-filename=\"S__3309664.jpg\" data-slide-type=\"image\"><img loading=\"lazy\" decoding=\"async\" width=\"420\" height=\"353\" src=\"https:\/\/thaimassage-kessenich.be\/wp-content\/uploads\/2023\/12\/S__3309664.jpg\" class=\"slider-762 slide-768 msDefaultImage\" alt=\"\" rel=\"\" title=\"S__3309664\" style=\"margin-top: 7.9761904761905%\" srcset=\"https:\/\/thaimassage-kessenich.be\/wp-content\/uploads\/2023\/12\/S__3309664.jpg 420w, https:\/\/thaimassage-kessenich.be\/wp-content\/uploads\/2023\/12\/S__3309664-300x252.jpg 300w\" sizes=\"auto, (max-width: 420px) 100vw, 420px\" \/><\/li>\n                <li style=\"display: none; width: 100%;\" class=\"slide-770 ms-image \" aria-roledescription=\"slide\" data-date=\"2023-12-26 20:54:10\" data-filename=\"S__3309639_0.jpg\" data-slide-type=\"image\"><img loading=\"lazy\" decoding=\"async\" width=\"289\" height=\"306\" src=\"https:\/\/thaimassage-kessenich.be\/wp-content\/uploads\/2023\/12\/S__3309639_0.jpg\" class=\"slider-762 slide-770 msDefaultImage\" alt=\"\" rel=\"\" title=\"S__3309639_0\" style=\"margin: 0 auto; width: 94.444444444444%\" srcset=\"https:\/\/thaimassage-kessenich.be\/wp-content\/uploads\/2023\/12\/S__3309639_0.jpg 289w, https:\/\/thaimassage-kessenich.be\/wp-content\/uploads\/2023\/12\/S__3309639_0-283x300.jpg 283w\" sizes=\"auto, (max-width: 289px) 100vw, 289px\" \/><\/li>\n                <li style=\"display: none; width: 100%;\" class=\"slide-771 ms-image \" aria-roledescription=\"slide\" data-date=\"2023-12-26 20:54:30\" data-filename=\"S__3309666.jpg\" data-slide-type=\"image\"><img loading=\"lazy\" decoding=\"async\" width=\"420\" height=\"258\" src=\"https:\/\/thaimassage-kessenich.be\/wp-content\/uploads\/2023\/12\/S__3309666.jpg\" class=\"slider-762 slide-771 msDefaultImage\" alt=\"\" rel=\"\" title=\"S__3309666\" style=\"margin-top: 19.285714285714%\" srcset=\"https:\/\/thaimassage-kessenich.be\/wp-content\/uploads\/2023\/12\/S__3309666.jpg 420w, https:\/\/thaimassage-kessenich.be\/wp-content\/uploads\/2023\/12\/S__3309666-300x184.jpg 300w\" sizes=\"auto, (max-width: 420px) 100vw, 420px\" \/><\/li>\n                <li style=\"display: none; width: 100%;\" class=\"slide-772 ms-image \" aria-roledescription=\"slide\" data-date=\"2023-12-26 20:54:36\" data-filename=\"S__3309669.jpg\" data-slide-type=\"image\"><img loading=\"lazy\" decoding=\"async\" width=\"420\" height=\"274\" src=\"https:\/\/thaimassage-kessenich.be\/wp-content\/uploads\/2023\/12\/S__3309669.jpg\" class=\"slider-762 slide-772 msDefaultImage\" alt=\"\" rel=\"\" title=\"S__3309669\" style=\"margin-top: 17.380952380952%\" srcset=\"https:\/\/thaimassage-kessenich.be\/wp-content\/uploads\/2023\/12\/S__3309669.jpg 420w, https:\/\/thaimassage-kessenich.be\/wp-content\/uploads\/2023\/12\/S__3309669-300x196.jpg 300w\" sizes=\"auto, (max-width: 420px) 100vw, 420px\" \/><\/li>\n            <\/ul>\n        <\/div>\n        \n    <\/div>\n<\/div>\n<p><strong>Ein wichtiger Hinweis.<br \/>\n<span class=\"HwtZe\" lang=\"de\"><span class=\"jCAhz ChMk0b\"><span class=\"ryNqvb\">Zu den Zielen und Wirkungen einer Massage geh\u00f6rt es, die Durchblutung anzuregen, was zur Heilung m\u00fcder Muskeln beitr\u00e4gt.<\/span><\/span><br \/>\n<span class=\"jCAhz ChMk0b\"><span class=\"ryNqvb\">Andererseits kann eine Massage bei manchen Krankheiten negative Auswirkungen auf die Gesundheit haben, da diese Stimulation auch den Aufbau bestehender Krankheitszellen beschleunigen kann.<\/span><\/span><\/span><\/strong><\/p>\n<p><strong>Die Massage wird f\u00fcr bestimmte Personen <span style=\"text-decoration: underline;\">nicht<\/span> empfohlen und im Falle von :<\/strong><\/p>\n<ul>\n<li>einer ansteckenden Hautkrankheit,<\/li>\n<li>Ausschlag oder offenen Wunden;<\/li>\n<li>unmittelbar nach einer Operation;<\/li>\n<li>unmittelbar nach einer Chemotherapie oder Bestrahlung, es sei denn, dies wird von Ihrem Arzt empfohlen;<\/li>\n<li>Anf\u00e4lligkeit f\u00fcr Blutgerinnsel, es besteht die Gefahr, dass sich Blutgerinnsel l\u00f6sen.<\/li>\n<li>Wenn Sie eine Herzerkrankung haben, konsultieren Sie Ihren Arzt, bevor Sie sich einer Massage unterziehen;<\/li>\n<li>Schwangere Frauen sollten zuerst ihren Arzt konsultieren, wenn sie eine Massage in Erw\u00e4gung ziehen.<br \/>\nMassagen bei schwangeren Frauen sollten von Massagetherapeuten durchgef\u00fchrt werden, die f\u00fcr Schwangerschaftsmassagen zertifiziert sind;<\/li>\n<li>Die Massage sollte nicht direkt auf blauen Flecken, entz\u00fcndeter Haut, nicht verheilten Wunden, Tumoren, Bauchbr\u00fcchen oder Stellen mit k\u00fcrzlich erlittenen Br\u00fcchen durchgef\u00fchrt werden.<\/li>\n<\/ul>\n","protected":false},"excerpt":{"rendered":"<p>== STARTSEITE &#8211; UEBER UNS &#8211; GESCHICHTE &#8211; BEHANDLUNGEN &#8211; PREISLISTE &#8211; KONTAKT == F\u00fcr entspannende und heilende Massagen k\u00f6nnen Sie aus folgenden Behandlungen w\u00e4hlen: Aloe-Vera-Massage Aromatherapie-\u00d6l-Massage Kokosnuss-\u00d6l-Massage Hei\u00dfe \u00d6lmassage Hot-Stone-Massage Kr\u00e4uterstempel-Massage \u00d6l-Massage Fu\u00dfreflexzonenmassage Sportmassage Thai-Krieger-Massage Traditionelle Thai-Massage Klicken Sie oben auf den Punkt, der Sie interessiert, oder auf das Dropdown-Men\u00fc, um Informationen \u00fcber die [&hellip;]<\/p>\n","protected":false},"author":1,"featured_media":0,"parent":1309,"menu_order":24,"comment_status":"closed","ping_status":"closed","template":"","meta":{"_kadence_starter_templates_imported_post":false,"footnotes":""},"class_list":["post-1324","page","type-page","status-publish","hentry"],"yoast_head":"<!-- This site is optimized with the Yoast SEO plugin v27.2 - https:\/\/yoast.com\/product\/yoast-seo-wordpress\/ -->\n<title>Behandlungen= - Thai Massage Kessenich - TMK<\/title>\n<meta name=\"description\" content=\"Traditional Thai Massage, Thai Warrior Massage, Hot Stone Massage, Reflexology Foot Massage\" \/>\n<meta name=\"robots\" content=\"index, follow, max-snippet:-1, max-image-preview:large, max-video-preview:-1\" \/>\n<link rel=\"canonical\" href=\"https:\/\/thaimassage-kessenich.be\/index.php\/deutsch\/behandlungen\/\" \/>\n<meta property=\"og:locale\" content=\"en_US\" \/>\n<meta property=\"og:type\" content=\"article\" \/>\n<meta property=\"og:title\" content=\"Behandlungen= - Thai Massage Kessenich - TMK\" \/>\n<meta property=\"og:description\" content=\"Traditional Thai Massage, Thai Warrior Massage, Hot Stone Massage, Reflexology Foot Massage\" \/>\n<meta property=\"og:url\" content=\"https:\/\/thaimassage-kessenich.be\/index.php\/deutsch\/behandlungen\/\" \/>\n<meta property=\"og:site_name\" content=\"Thai Massage Kessenich - TMK\" \/>\n<meta property=\"article:modified_time\" content=\"2024-02-19T17:17:22+00:00\" \/>\n<meta name=\"twitter:card\" content=\"summary_large_image\" \/>\n<meta name=\"twitter:label1\" content=\"Est. reading time\" \/>\n\t<meta name=\"twitter:data1\" content=\"1 minute\" \/>\n<script type=\"application\/ld+json\" class=\"yoast-schema-graph\">{\"@context\":\"https:\/\/schema.org\",\"@graph\":[{\"@type\":\"WebPage\",\"@id\":\"https:\/\/thaimassage-kessenich.be\/index.php\/deutsch\/behandlungen\/\",\"url\":\"https:\/\/thaimassage-kessenich.be\/index.php\/deutsch\/behandlungen\/\",\"name\":\"Behandlungen= - Thai Massage Kessenich - TMK\",\"isPartOf\":{\"@id\":\"https:\/\/thaimassage-kessenich.be\/#website\"},\"datePublished\":\"2024-01-19T15:09:07+00:00\",\"dateModified\":\"2024-02-19T17:17:22+00:00\",\"description\":\"Traditional Thai Massage, Thai Warrior Massage, Hot Stone Massage, Reflexology Foot Massage\",\"breadcrumb\":{\"@id\":\"https:\/\/thaimassage-kessenich.be\/index.php\/deutsch\/behandlungen\/#breadcrumb\"},\"inLanguage\":\"en-US\",\"potentialAction\":[{\"@type\":\"ReadAction\",\"target\":[\"https:\/\/thaimassage-kessenich.be\/index.php\/deutsch\/behandlungen\/\"]}]},{\"@type\":\"BreadcrumbList\",\"@id\":\"https:\/\/thaimassage-kessenich.be\/index.php\/deutsch\/behandlungen\/#breadcrumb\",\"itemListElement\":[{\"@type\":\"ListItem\",\"position\":1,\"name\":\"Home\",\"item\":\"https:\/\/thaimassage-kessenich.be\/\"},{\"@type\":\"ListItem\",\"position\":2,\"name\":\"DEUTSCH\",\"item\":\"https:\/\/thaimassage-kessenich.be\/index.php\/deutsch\/\"},{\"@type\":\"ListItem\",\"position\":3,\"name\":\"Behandlungen=\"}]},{\"@type\":\"WebSite\",\"@id\":\"https:\/\/thaimassage-kessenich.be\/#website\",\"url\":\"https:\/\/thaimassage-kessenich.be\/\",\"name\":\"Thai Massage Kessenich - TMK\",\"description\":\"Ontspannende en helende massages\",\"publisher\":{\"@id\":\"https:\/\/thaimassage-kessenich.be\/#organization\"},\"potentialAction\":[{\"@type\":\"SearchAction\",\"target\":{\"@type\":\"EntryPoint\",\"urlTemplate\":\"https:\/\/thaimassage-kessenich.be\/?s={search_term_string}\"},\"query-input\":{\"@type\":\"PropertyValueSpecification\",\"valueRequired\":true,\"valueName\":\"search_term_string\"}}],\"inLanguage\":\"en-US\"},{\"@type\":\"Organization\",\"@id\":\"https:\/\/thaimassage-kessenich.be\/#organization\",\"name\":\"Thai Massage Kessenich - TMK\",\"url\":\"https:\/\/thaimassage-kessenich.be\/\",\"logo\":{\"@type\":\"ImageObject\",\"inLanguage\":\"en-US\",\"@id\":\"https:\/\/thaimassage-kessenich.be\/#\/schema\/logo\/image\/\",\"url\":\"https:\/\/thaimassage-kessenich.be\/wp-content\/uploads\/2024\/01\/2024-01-09-TMK-logo-final-zw-copy-512x512-1.png\",\"contentUrl\":\"https:\/\/thaimassage-kessenich.be\/wp-content\/uploads\/2024\/01\/2024-01-09-TMK-logo-final-zw-copy-512x512-1.png\",\"width\":512,\"height\":511,\"caption\":\"Thai Massage Kessenich - TMK\"},\"image\":{\"@id\":\"https:\/\/thaimassage-kessenich.be\/#\/schema\/logo\/image\/\"}}]}<\/script>\n<!-- \/ Yoast SEO plugin. -->","yoast_head_json":{"title":"Behandlungen= - Thai Massage Kessenich - TMK","description":"Traditional Thai Massage, Thai Warrior Massage, Hot Stone Massage, Reflexology Foot Massage","robots":{"index":"index","follow":"follow","max-snippet":"max-snippet:-1","max-image-preview":"max-image-preview:large","max-video-preview":"max-video-preview:-1"},"canonical":"https:\/\/thaimassage-kessenich.be\/index.php\/deutsch\/behandlungen\/","og_locale":"en_US","og_type":"article","og_title":"Behandlungen= - Thai Massage Kessenich - TMK","og_description":"Traditional Thai Massage, Thai Warrior Massage, Hot Stone Massage, Reflexology Foot Massage","og_url":"https:\/\/thaimassage-kessenich.be\/index.php\/deutsch\/behandlungen\/","og_site_name":"Thai Massage Kessenich - TMK","article_modified_time":"2024-02-19T17:17:22+00:00","twitter_card":"summary_large_image","twitter_misc":{"Est. reading time":"1 minute"},"schema":{"@context":"https:\/\/schema.org","@graph":[{"@type":"WebPage","@id":"https:\/\/thaimassage-kessenich.be\/index.php\/deutsch\/behandlungen\/","url":"https:\/\/thaimassage-kessenich.be\/index.php\/deutsch\/behandlungen\/","name":"Behandlungen= - Thai Massage Kessenich - TMK","isPartOf":{"@id":"https:\/\/thaimassage-kessenich.be\/#website"},"datePublished":"2024-01-19T15:09:07+00:00","dateModified":"2024-02-19T17:17:22+00:00","description":"Traditional Thai Massage, Thai Warrior Massage, Hot Stone Massage, Reflexology Foot Massage","breadcrumb":{"@id":"https:\/\/thaimassage-kessenich.be\/index.php\/deutsch\/behandlungen\/#breadcrumb"},"inLanguage":"en-US","potentialAction":[{"@type":"ReadAction","target":["https:\/\/thaimassage-kessenich.be\/index.php\/deutsch\/behandlungen\/"]}]},{"@type":"BreadcrumbList","@id":"https:\/\/thaimassage-kessenich.be\/index.php\/deutsch\/behandlungen\/#breadcrumb","itemListElement":[{"@type":"ListItem","position":1,"name":"Home","item":"https:\/\/thaimassage-kessenich.be\/"},{"@type":"ListItem","position":2,"name":"DEUTSCH","item":"https:\/\/thaimassage-kessenich.be\/index.php\/deutsch\/"},{"@type":"ListItem","position":3,"name":"Behandlungen="}]},{"@type":"WebSite","@id":"https:\/\/thaimassage-kessenich.be\/#website","url":"https:\/\/thaimassage-kessenich.be\/","name":"Thai Massage Kessenich - TMK","description":"Ontspannende en helende massages","publisher":{"@id":"https:\/\/thaimassage-kessenich.be\/#organization"},"potentialAction":[{"@type":"SearchAction","target":{"@type":"EntryPoint","urlTemplate":"https:\/\/thaimassage-kessenich.be\/?s={search_term_string}"},"query-input":{"@type":"PropertyValueSpecification","valueRequired":true,"valueName":"search_term_string"}}],"inLanguage":"en-US"},{"@type":"Organization","@id":"https:\/\/thaimassage-kessenich.be\/#organization","name":"Thai Massage Kessenich - TMK","url":"https:\/\/thaimassage-kessenich.be\/","logo":{"@type":"ImageObject","inLanguage":"en-US","@id":"https:\/\/thaimassage-kessenich.be\/#\/schema\/logo\/image\/","url":"https:\/\/thaimassage-kessenich.be\/wp-content\/uploads\/2024\/01\/2024-01-09-TMK-logo-final-zw-copy-512x512-1.png","contentUrl":"https:\/\/thaimassage-kessenich.be\/wp-content\/uploads\/2024\/01\/2024-01-09-TMK-logo-final-zw-copy-512x512-1.png","width":512,"height":511,"caption":"Thai Massage Kessenich - TMK"},"image":{"@id":"https:\/\/thaimassage-kessenich.be\/#\/schema\/logo\/image\/"}}]}},"_links":{"self":[{"href":"https:\/\/thaimassage-kessenich.be\/index.php\/wp-json\/wp\/v2\/pages\/1324","targetHints":{"allow":["GET"]}}],"collection":[{"href":"https:\/\/thaimassage-kessenich.be\/index.php\/wp-json\/wp\/v2\/pages"}],"about":[{"href":"https:\/\/thaimassage-kessenich.be\/index.php\/wp-json\/wp\/v2\/types\/page"}],"author":[{"embeddable":true,"href":"https:\/\/thaimassage-kessenich.be\/index.php\/wp-json\/wp\/v2\/users\/1"}],"replies":[{"embeddable":true,"href":"https:\/\/thaimassage-kessenich.be\/index.php\/wp-json\/wp\/v2\/comments?post=1324"}],"version-history":[{"count":10,"href":"https:\/\/thaimassage-kessenich.be\/index.php\/wp-json\/wp\/v2\/pages\/1324\/revisions"}],"predecessor-version":[{"id":1505,"href":"https:\/\/thaimassage-kessenich.be\/index.php\/wp-json\/wp\/v2\/pages\/1324\/revisions\/1505"}],"up":[{"embeddable":true,"href":"https:\/\/thaimassage-kessenich.be\/index.php\/wp-json\/wp\/v2\/pages\/1309"}],"wp:attachment":[{"href":"https:\/\/thaimassage-kessenich.be\/index.php\/wp-json\/wp\/v2\/media?parent=1324"}],"curies":[{"name":"wp","href":"https:\/\/api.w.org\/{rel}","templated":true}]}}