{"id":1330,"date":"2024-01-19T15:20:51","date_gmt":"2024-01-19T15:20:51","guid":{"rendered":"https:\/\/thaimassage-kessenich.be\/?page_id=1330"},"modified":"2026-03-26T10:53:05","modified_gmt":"2026-03-26T10:53:05","slug":"kontakt-de","status":"publish","type":"page","link":"https:\/\/thaimassage-kessenich.be\/index.php\/deutsch\/kontakt-de\/","title":{"rendered":"Kontakt="},"content":{"rendered":"<p>== <a href=\"https:\/\/thaimassage-kessenich.be\/index.php\/deutsch\/startseite\/\">STARTSEITE<\/a> &#8211; <a href=\"https:\/\/thaimassage-kessenich.be\/index.php\/deutsch\/uber-uns\/\">UEBER UNS<\/a> &#8211; <a href=\"https:\/\/thaimassage-kessenich.be\/index.php\/deutsch\/geschichte\/\">GESCHICHTE<\/a> &#8211; <a href=\"https:\/\/thaimassage-kessenich.be\/index.php\/deutsch\/behandlungen\/\">BEHANDLUNGEN<\/a> &#8211; <a href=\"https:\/\/thaimassage-kessenich.be\/index.php\/deutsch\/pricelist\/\">PREISLISTE<\/a> &#8211; <a href=\"https:\/\/thaimassage-kessenich.be\/index.php\/deutsch\/kontakt-de\/\">KONTAKT<\/a> ==<\/p>\n<p><img loading=\"lazy\" decoding=\"async\" class=\"alignnone wp-image-1587 size-full\" src=\"https:\/\/thaimassage-kessenich.be\/wp-content\/uploads\/2024\/07\/20240624-135336-IMG_1141-scaled.jpg\" alt=\"\" width=\"2560\" height=\"1537\" srcset=\"https:\/\/thaimassage-kessenich.be\/wp-content\/uploads\/2024\/07\/20240624-135336-IMG_1141-scaled.jpg 2560w, https:\/\/thaimassage-kessenich.be\/wp-content\/uploads\/2024\/07\/20240624-135336-IMG_1141-300x180.jpg 300w, https:\/\/thaimassage-kessenich.be\/wp-content\/uploads\/2024\/07\/20240624-135336-IMG_1141-1024x615.jpg 1024w, https:\/\/thaimassage-kessenich.be\/wp-content\/uploads\/2024\/07\/20240624-135336-IMG_1141-768x461.jpg 768w, https:\/\/thaimassage-kessenich.be\/wp-content\/uploads\/2024\/07\/20240624-135336-IMG_1141-1536x922.jpg 1536w, https:\/\/thaimassage-kessenich.be\/wp-content\/uploads\/2024\/07\/20240624-135336-IMG_1141-2048x1229.jpg 2048w\" sizes=\"auto, (max-width: 2560px) 100vw, 2560px\" \/><\/p>\n<ul>\n<li><strong>Unsere \u00d6ffnungszeiten sind:<\/strong>\n<ul>\n<li>Montag :\u00a0\u00a0\u00a0\u00a0\u00a0\u00a0\u00a0 09:00 ~ 20:00<\/li>\n<li>Dienstag :\u00a0\u00a0\u00a0\u00a0\u00a0 09:00 ~ 20:00<\/li>\n<li>Mittwoch :\u00a0\u00a0\u00a0\u00a0 09:00 ~ 20:00<\/li>\n<li>Donnerstag : 09:00 ~ 20:00<\/li>\n<li>Freitag :\u00a0\u00a0\u00a0\u00a0\u00a0\u00a0\u00a0\u00a0 09:00 ~ 20:00<\/li>\n<li>Samstag :\u00a0\u00a0\u00a0\u00a0\u00a0 09:00 ~ 20:00<\/li>\n<li>Sonntag :\u00a0\u00a0\u00a0\u00a0\u00a0\u00a0 Geschlossen<\/li>\n<\/ul>\n<\/li>\n<\/ul>\n<p><strong>Wir arbeiten ausschlie\u00dflich nach vorheriger Terminvereinbarung.<\/strong><\/p>\n<p><a href=\"https:\/\/www.google.com\/maps\/place\/Thai+Massage+Kessenich\/@51.1449057,5.8365892,13z\/data=!4m10!1m2!2m1!1sthai+massage+kessenich!3m6!1s0x47c0cb49a13d8f2d:0xa1f0a60872e83f9a!8m2!3d51.153668!4d5.8173797!15sChZ0aGFpIG1hc3NhZ2Uga2Vzc2VuaWNokgEWdGhhaV9tYXNzYWdlX3RoZXJhcGlzdOABAA!16s%2Fg%2F11lcblc4dj?entry=ttu\"><img loading=\"lazy\" decoding=\"async\" class=\"wp-image-852\" src=\"https:\/\/thaimassage-kessenich.be\/wp-content\/uploads\/2024\/01\/Google-Maps-Location-Mark-427318574-209x300.png\" alt=\"\" width=\"52\" height=\"75\" srcset=\"https:\/\/thaimassage-kessenich.be\/wp-content\/uploads\/2024\/01\/Google-Maps-Location-Mark-427318574-209x300.png 209w, https:\/\/thaimassage-kessenich.be\/wp-content\/uploads\/2024\/01\/Google-Maps-Location-Mark-427318574-714x1024.png 714w, https:\/\/thaimassage-kessenich.be\/wp-content\/uploads\/2024\/01\/Google-Maps-Location-Mark-427318574-768x1102.png 768w, https:\/\/thaimassage-kessenich.be\/wp-content\/uploads\/2024\/01\/Google-Maps-Location-Mark-427318574-1070x1536.png 1070w, https:\/\/thaimassage-kessenich.be\/wp-content\/uploads\/2024\/01\/Google-Maps-Location-Mark-427318574.png 1200w\" sizes=\"auto, (max-width: 52px) 100vw, 52px\" \/><\/a>Google Maps<\/p>\n<p><img loading=\"lazy\" decoding=\"async\" class=\"alignnone wp-image-1333 size-large\" src=\"https:\/\/thaimassage-kessenich.be\/wp-content\/uploads\/2024\/01\/Kaart-2024-01-14-DE-1024x667.jpg\" alt=\"\" width=\"1024\" height=\"667\" srcset=\"https:\/\/thaimassage-kessenich.be\/wp-content\/uploads\/2024\/01\/Kaart-2024-01-14-DE-1024x667.jpg 1024w, https:\/\/thaimassage-kessenich.be\/wp-content\/uploads\/2024\/01\/Kaart-2024-01-14-DE-300x195.jpg 300w, https:\/\/thaimassage-kessenich.be\/wp-content\/uploads\/2024\/01\/Kaart-2024-01-14-DE-768x500.jpg 768w, https:\/\/thaimassage-kessenich.be\/wp-content\/uploads\/2024\/01\/Kaart-2024-01-14-DE-1536x1000.jpg 1536w, https:\/\/thaimassage-kessenich.be\/wp-content\/uploads\/2024\/01\/Kaart-2024-01-14-DE-2048x1333.jpg 2048w\" sizes=\"auto, (max-width: 1024px) 100vw, 1024px\" \/><\/p>\n<ul>\n<li><strong>Angaben zur Adresse :<\/strong>\n<ul>\n<li><strong>Thai Massage Kessenich<\/strong><\/li>\n<li>Toekomststraat 8<\/li>\n<li>3640 Kessenich (Kinrooi)<\/li>\n<li>Belgien<\/li>\n<\/ul>\n<\/li>\n<li>Und wir sind telefonisch erreichbar unter:\n<ul>\n<li><strong>+31.6.2979.6251<\/strong><br \/>\n<img loading=\"lazy\" decoding=\"async\" class=\"alignnone wp-image-1777\" src=\"https:\/\/thaimassage-kessenich.be\/wp-content\/uploads\/2025\/11\/Telefoon.jpg\" alt=\"\" width=\"25\" height=\"24\" srcset=\"https:\/\/thaimassage-kessenich.be\/wp-content\/uploads\/2025\/11\/Telefoon.jpg 563w, https:\/\/thaimassage-kessenich.be\/wp-content\/uploads\/2025\/11\/Telefoon-300x283.jpg 300w, https:\/\/thaimassage-kessenich.be\/wp-content\/uploads\/2025\/11\/Telefoon-150x150.jpg 150w\" sizes=\"auto, (max-width: 25px) 100vw, 25px\" \/> <img loading=\"lazy\" decoding=\"async\" class=\"alignnone wp-image-1775\" src=\"https:\/\/thaimassage-kessenich.be\/wp-content\/uploads\/2025\/11\/SMS.jpg\" alt=\"\" width=\"63\" height=\"25\" srcset=\"https:\/\/thaimassage-kessenich.be\/wp-content\/uploads\/2025\/11\/SMS.jpg 376w, https:\/\/thaimassage-kessenich.be\/wp-content\/uploads\/2025\/11\/SMS-300x119.jpg 300w\" sizes=\"auto, (max-width: 63px) 100vw, 63px\" \/> <img loading=\"lazy\" decoding=\"async\" class=\"alignnone wp-image-1772\" src=\"https:\/\/thaimassage-kessenich.be\/wp-content\/uploads\/2025\/11\/Signal-copy-150x150.jpg\" alt=\"\" width=\"25\" height=\"24\" srcset=\"https:\/\/thaimassage-kessenich.be\/wp-content\/uploads\/2025\/11\/Signal-copy-150x150.jpg 150w, https:\/\/thaimassage-kessenich.be\/wp-content\/uploads\/2025\/11\/Signal-copy-300x284.jpg 300w, https:\/\/thaimassage-kessenich.be\/wp-content\/uploads\/2025\/11\/Signal-copy.jpg 647w\" sizes=\"auto, (max-width: 25px) 100vw, 25px\" \/> \u00a0<img loading=\"lazy\" decoding=\"async\" class=\"alignnone wp-image-1773\" src=\"https:\/\/thaimassage-kessenich.be\/wp-content\/uploads\/2025\/11\/instagram-1024x1024.png\" alt=\"\" width=\"25\" height=\"25\" srcset=\"https:\/\/thaimassage-kessenich.be\/wp-content\/uploads\/2025\/11\/instagram-1024x1024.png 1024w, https:\/\/thaimassage-kessenich.be\/wp-content\/uploads\/2025\/11\/instagram-300x300.png 300w, https:\/\/thaimassage-kessenich.be\/wp-content\/uploads\/2025\/11\/instagram-150x150.png 150w, https:\/\/thaimassage-kessenich.be\/wp-content\/uploads\/2025\/11\/instagram-768x768.png 768w, https:\/\/thaimassage-kessenich.be\/wp-content\/uploads\/2025\/11\/instagram-1536x1536.png 1536w, https:\/\/thaimassage-kessenich.be\/wp-content\/uploads\/2025\/11\/instagram.png 2000w\" sizes=\"auto, (max-width: 25px) 100vw, 25px\" \/> \u00a0<img loading=\"lazy\" decoding=\"async\" class=\"alignnone wp-image-1771\" src=\"https:\/\/thaimassage-kessenich.be\/wp-content\/uploads\/2025\/11\/WhatsApp-logo-eigen--1024x997.png\" alt=\"\" width=\"25\" height=\"24\" srcset=\"https:\/\/thaimassage-kessenich.be\/wp-content\/uploads\/2025\/11\/WhatsApp-logo-eigen--1024x997.png 1024w, https:\/\/thaimassage-kessenich.be\/wp-content\/uploads\/2025\/11\/WhatsApp-logo-eigen--300x292.png 300w, https:\/\/thaimassage-kessenich.be\/wp-content\/uploads\/2025\/11\/WhatsApp-logo-eigen--150x150.png 150w, https:\/\/thaimassage-kessenich.be\/wp-content\/uploads\/2025\/11\/WhatsApp-logo-eigen--768x748.png 768w, https:\/\/thaimassage-kessenich.be\/wp-content\/uploads\/2025\/11\/WhatsApp-logo-eigen--1536x1495.png 1536w, https:\/\/thaimassage-kessenich.be\/wp-content\/uploads\/2025\/11\/WhatsApp-logo-eigen-.png 1544w\" sizes=\"auto, (max-width: 25px) 100vw, 25px\" \/><\/li>\n<\/ul>\n<\/li>\n<\/ul>\n<ul>\n<li style=\"list-style-type: none;\"><\/li>\n<\/ul>\n<p>Es kann jedoch sein, dass wir eine Zeit lang telefonisch nicht erreichbar sind. Sie k\u00f6nnen dann eine Nachricht auf der Voicemail hinterlassen und ich rufe Sie so schnell wie m\u00f6glich zur\u00fcck. Andererseits ist es vielleicht einfacher oder bequemer, eine Nachricht \u00fcber <em>Whatsapp<\/em> oder <em>Signal<\/em> auf <strong>+31.6.2979.6251<\/strong> oder auf <em>Instagram<\/em> zu senden. Ich werde diese so schnell wie m\u00f6glich beantworten.<\/p>\n<p><img loading=\"lazy\" decoding=\"async\" class=\"alignnone wp-image-1261 size-thumbnail\" src=\"https:\/\/thaimassage-kessenich.be\/wp-content\/uploads\/2024\/01\/Whatsapp-150x150-2-150x150.png\" alt=\"\" width=\"150\" height=\"150\" srcset=\"https:\/\/thaimassage-kessenich.be\/wp-content\/uploads\/2024\/01\/Whatsapp-150x150-2-150x150.png 150w, https:\/\/thaimassage-kessenich.be\/wp-content\/uploads\/2024\/01\/Whatsapp-150x150-2-300x300.png 300w, https:\/\/thaimassage-kessenich.be\/wp-content\/uploads\/2024\/01\/Whatsapp-150x150-2-1020x1024.png 1020w, https:\/\/thaimassage-kessenich.be\/wp-content\/uploads\/2024\/01\/Whatsapp-150x150-2-768x771.png 768w, https:\/\/thaimassage-kessenich.be\/wp-content\/uploads\/2024\/01\/Whatsapp-150x150-2.png 1237w\" sizes=\"auto, (max-width: 150px) 100vw, 150px\" \/> \u00a0\u00a0\u00a0\u00a0\u00a0\u00a0 <img loading=\"lazy\" decoding=\"async\" class=\"alignnone wp-image-874\" src=\"https:\/\/thaimassage-kessenich.be\/wp-content\/uploads\/2024\/01\/Whatsapp-info-TMK-gecropt--150x150.jpeg\" alt=\"\" width=\"132\" height=\"131\" srcset=\"https:\/\/thaimassage-kessenich.be\/wp-content\/uploads\/2024\/01\/Whatsapp-info-TMK-gecropt--150x150.jpeg 150w, https:\/\/thaimassage-kessenich.be\/wp-content\/uploads\/2024\/01\/Whatsapp-info-TMK-gecropt--300x297.jpeg 300w, https:\/\/thaimassage-kessenich.be\/wp-content\/uploads\/2024\/01\/Whatsapp-info-TMK-gecropt-.jpeg 554w\" sizes=\"auto, (max-width: 132px) 100vw, 132px\" \/><img loading=\"lazy\" decoding=\"async\" class=\"alignnone wp-image-1226 size-thumbnail\" src=\"https:\/\/thaimassage-kessenich.be\/wp-content\/uploads\/2024\/01\/Signal-150x150.png\" alt=\"\" width=\"150\" height=\"150\" \/><img loading=\"lazy\" decoding=\"async\" class=\"alignnone wp-image-1272 size-thumbnail\" src=\"https:\/\/thaimassage-kessenich.be\/wp-content\/uploads\/2024\/01\/Instagram-2-150x150.png\" alt=\"\" width=\"150\" height=\"150\" srcset=\"https:\/\/thaimassage-kessenich.be\/wp-content\/uploads\/2024\/01\/Instagram-2-150x150.png 150w, https:\/\/thaimassage-kessenich.be\/wp-content\/uploads\/2024\/01\/Instagram-2-300x300.png 300w, https:\/\/thaimassage-kessenich.be\/wp-content\/uploads\/2024\/01\/Instagram-2-1022x1024.png 1022w, https:\/\/thaimassage-kessenich.be\/wp-content\/uploads\/2024\/01\/Instagram-2-768x769.png 768w, https:\/\/thaimassage-kessenich.be\/wp-content\/uploads\/2024\/01\/Instagram-2.png 1246w\" sizes=\"auto, (max-width: 150px) 100vw, 150px\" \/><\/p>\n","protected":false},"excerpt":{"rendered":"<p>== STARTSEITE &#8211; UEBER UNS &#8211; GESCHICHTE &#8211; BEHANDLUNGEN &#8211; PREISLISTE &#8211; KONTAKT == Unsere \u00d6ffnungszeiten sind: Montag :\u00a0\u00a0\u00a0\u00a0\u00a0\u00a0\u00a0 09:00 ~ 20:00 Dienstag :\u00a0\u00a0\u00a0\u00a0\u00a0 09:00 ~ 20:00 Mittwoch :\u00a0\u00a0\u00a0\u00a0 09:00 ~ 20:00 Donnerstag : 09:00 ~ 20:00 Freitag :\u00a0\u00a0\u00a0\u00a0\u00a0\u00a0\u00a0\u00a0 09:00 ~ 20:00 Samstag :\u00a0\u00a0\u00a0\u00a0\u00a0 09:00 ~ 20:00 Sonntag :\u00a0\u00a0\u00a0\u00a0\u00a0\u00a0 Geschlossen Wir arbeiten ausschlie\u00dflich nach vorheriger [&hellip;]<\/p>\n","protected":false},"author":1,"featured_media":0,"parent":1309,"menu_order":26,"comment_status":"closed","ping_status":"closed","template":"","meta":{"_kadence_starter_templates_imported_post":false,"footnotes":""},"class_list":["post-1330","page","type-page","status-publish","hentry"],"yoast_head":"<!-- This site is optimized with the Yoast SEO plugin v27.2 - https:\/\/yoast.com\/product\/yoast-seo-wordpress\/ -->\n<title>Kontakt= - Thai Massage Kessenich - TMK<\/title>\n<meta name=\"description\" content=\"Adres, Toekomststraat 8, Kessenich, Belgie\" \/>\n<meta name=\"robots\" content=\"index, follow, max-snippet:-1, max-image-preview:large, max-video-preview:-1\" \/>\n<link rel=\"canonical\" href=\"https:\/\/thaimassage-kessenich.be\/index.php\/deutsch\/kontakt-de\/\" \/>\n<meta property=\"og:locale\" content=\"en_US\" \/>\n<meta property=\"og:type\" content=\"article\" \/>\n<meta property=\"og:title\" content=\"Kontakt= - Thai Massage Kessenich - TMK\" \/>\n<meta property=\"og:description\" content=\"Adres, Toekomststraat 8, Kessenich, Belgie\" \/>\n<meta property=\"og:url\" content=\"https:\/\/thaimassage-kessenich.be\/index.php\/deutsch\/kontakt-de\/\" \/>\n<meta property=\"og:site_name\" content=\"Thai Massage Kessenich - TMK\" \/>\n<meta property=\"article:modified_time\" content=\"2026-03-26T10:53:05+00:00\" \/>\n<meta property=\"og:image\" content=\"https:\/\/thaimassage-kessenich.be\/wp-content\/uploads\/2024\/07\/20240624-135336-IMG_1141-scaled.jpg\" \/>\n\t<meta property=\"og:image:width\" content=\"2560\" \/>\n\t<meta property=\"og:image:height\" content=\"1537\" \/>\n\t<meta property=\"og:image:type\" content=\"image\/jpeg\" \/>\n<meta name=\"twitter:card\" content=\"summary_large_image\" \/>\n<meta name=\"twitter:label1\" content=\"Est. reading time\" \/>\n\t<meta name=\"twitter:data1\" content=\"3 minutes\" \/>\n<script type=\"application\/ld+json\" class=\"yoast-schema-graph\">{\"@context\":\"https:\/\/schema.org\",\"@graph\":[{\"@type\":\"WebPage\",\"@id\":\"https:\/\/thaimassage-kessenich.be\/index.php\/deutsch\/kontakt-de\/\",\"url\":\"https:\/\/thaimassage-kessenich.be\/index.php\/deutsch\/kontakt-de\/\",\"name\":\"Kontakt= - Thai Massage Kessenich - TMK\",\"isPartOf\":{\"@id\":\"https:\/\/thaimassage-kessenich.be\/#website\"},\"primaryImageOfPage\":{\"@id\":\"https:\/\/thaimassage-kessenich.be\/index.php\/deutsch\/kontakt-de\/#primaryimage\"},\"image\":{\"@id\":\"https:\/\/thaimassage-kessenich.be\/index.php\/deutsch\/kontakt-de\/#primaryimage\"},\"thumbnailUrl\":\"https:\/\/thaimassage-kessenich.be\/wp-content\/uploads\/2024\/07\/20240624-135336-IMG_1141-scaled.jpg\",\"datePublished\":\"2024-01-19T15:20:51+00:00\",\"dateModified\":\"2026-03-26T10:53:05+00:00\",\"description\":\"Adres, Toekomststraat 8, Kessenich, Belgie\",\"breadcrumb\":{\"@id\":\"https:\/\/thaimassage-kessenich.be\/index.php\/deutsch\/kontakt-de\/#breadcrumb\"},\"inLanguage\":\"en-US\",\"potentialAction\":[{\"@type\":\"ReadAction\",\"target\":[\"https:\/\/thaimassage-kessenich.be\/index.php\/deutsch\/kontakt-de\/\"]}]},{\"@type\":\"ImageObject\",\"inLanguage\":\"en-US\",\"@id\":\"https:\/\/thaimassage-kessenich.be\/index.php\/deutsch\/kontakt-de\/#primaryimage\",\"url\":\"https:\/\/thaimassage-kessenich.be\/wp-content\/uploads\/2024\/07\/20240624-135336-IMG_1141-scaled.jpg\",\"contentUrl\":\"https:\/\/thaimassage-kessenich.be\/wp-content\/uploads\/2024\/07\/20240624-135336-IMG_1141-scaled.jpg\",\"width\":2560,\"height\":1537},{\"@type\":\"BreadcrumbList\",\"@id\":\"https:\/\/thaimassage-kessenich.be\/index.php\/deutsch\/kontakt-de\/#breadcrumb\",\"itemListElement\":[{\"@type\":\"ListItem\",\"position\":1,\"name\":\"Home\",\"item\":\"https:\/\/thaimassage-kessenich.be\/\"},{\"@type\":\"ListItem\",\"position\":2,\"name\":\"DEUTSCH\",\"item\":\"https:\/\/thaimassage-kessenich.be\/index.php\/deutsch\/\"},{\"@type\":\"ListItem\",\"position\":3,\"name\":\"Kontakt=\"}]},{\"@type\":\"WebSite\",\"@id\":\"https:\/\/thaimassage-kessenich.be\/#website\",\"url\":\"https:\/\/thaimassage-kessenich.be\/\",\"name\":\"Thai Massage Kessenich - TMK\",\"description\":\"Ontspannende en helende massages\",\"publisher\":{\"@id\":\"https:\/\/thaimassage-kessenich.be\/#organization\"},\"potentialAction\":[{\"@type\":\"SearchAction\",\"target\":{\"@type\":\"EntryPoint\",\"urlTemplate\":\"https:\/\/thaimassage-kessenich.be\/?s={search_term_string}\"},\"query-input\":{\"@type\":\"PropertyValueSpecification\",\"valueRequired\":true,\"valueName\":\"search_term_string\"}}],\"inLanguage\":\"en-US\"},{\"@type\":\"Organization\",\"@id\":\"https:\/\/thaimassage-kessenich.be\/#organization\",\"name\":\"Thai Massage Kessenich - TMK\",\"url\":\"https:\/\/thaimassage-kessenich.be\/\",\"logo\":{\"@type\":\"ImageObject\",\"inLanguage\":\"en-US\",\"@id\":\"https:\/\/thaimassage-kessenich.be\/#\/schema\/logo\/image\/\",\"url\":\"https:\/\/thaimassage-kessenich.be\/wp-content\/uploads\/2024\/01\/2024-01-09-TMK-logo-final-zw-copy-512x512-1.png\",\"contentUrl\":\"https:\/\/thaimassage-kessenich.be\/wp-content\/uploads\/2024\/01\/2024-01-09-TMK-logo-final-zw-copy-512x512-1.png\",\"width\":512,\"height\":511,\"caption\":\"Thai Massage Kessenich - TMK\"},\"image\":{\"@id\":\"https:\/\/thaimassage-kessenich.be\/#\/schema\/logo\/image\/\"}}]}<\/script>\n<!-- \/ Yoast SEO plugin. -->","yoast_head_json":{"title":"Kontakt= - Thai Massage Kessenich - TMK","description":"Adres, Toekomststraat 8, Kessenich, Belgie","robots":{"index":"index","follow":"follow","max-snippet":"max-snippet:-1","max-image-preview":"max-image-preview:large","max-video-preview":"max-video-preview:-1"},"canonical":"https:\/\/thaimassage-kessenich.be\/index.php\/deutsch\/kontakt-de\/","og_locale":"en_US","og_type":"article","og_title":"Kontakt= - Thai Massage Kessenich - TMK","og_description":"Adres, Toekomststraat 8, Kessenich, Belgie","og_url":"https:\/\/thaimassage-kessenich.be\/index.php\/deutsch\/kontakt-de\/","og_site_name":"Thai Massage Kessenich - TMK","article_modified_time":"2026-03-26T10:53:05+00:00","og_image":[{"width":2560,"height":1537,"url":"https:\/\/thaimassage-kessenich.be\/wp-content\/uploads\/2024\/07\/20240624-135336-IMG_1141-scaled.jpg","type":"image\/jpeg"}],"twitter_card":"summary_large_image","twitter_misc":{"Est. reading time":"3 minutes"},"schema":{"@context":"https:\/\/schema.org","@graph":[{"@type":"WebPage","@id":"https:\/\/thaimassage-kessenich.be\/index.php\/deutsch\/kontakt-de\/","url":"https:\/\/thaimassage-kessenich.be\/index.php\/deutsch\/kontakt-de\/","name":"Kontakt= - Thai Massage Kessenich - TMK","isPartOf":{"@id":"https:\/\/thaimassage-kessenich.be\/#website"},"primaryImageOfPage":{"@id":"https:\/\/thaimassage-kessenich.be\/index.php\/deutsch\/kontakt-de\/#primaryimage"},"image":{"@id":"https:\/\/thaimassage-kessenich.be\/index.php\/deutsch\/kontakt-de\/#primaryimage"},"thumbnailUrl":"https:\/\/thaimassage-kessenich.be\/wp-content\/uploads\/2024\/07\/20240624-135336-IMG_1141-scaled.jpg","datePublished":"2024-01-19T15:20:51+00:00","dateModified":"2026-03-26T10:53:05+00:00","description":"Adres, Toekomststraat 8, Kessenich, Belgie","breadcrumb":{"@id":"https:\/\/thaimassage-kessenich.be\/index.php\/deutsch\/kontakt-de\/#breadcrumb"},"inLanguage":"en-US","potentialAction":[{"@type":"ReadAction","target":["https:\/\/thaimassage-kessenich.be\/index.php\/deutsch\/kontakt-de\/"]}]},{"@type":"ImageObject","inLanguage":"en-US","@id":"https:\/\/thaimassage-kessenich.be\/index.php\/deutsch\/kontakt-de\/#primaryimage","url":"https:\/\/thaimassage-kessenich.be\/wp-content\/uploads\/2024\/07\/20240624-135336-IMG_1141-scaled.jpg","contentUrl":"https:\/\/thaimassage-kessenich.be\/wp-content\/uploads\/2024\/07\/20240624-135336-IMG_1141-scaled.jpg","width":2560,"height":1537},{"@type":"BreadcrumbList","@id":"https:\/\/thaimassage-kessenich.be\/index.php\/deutsch\/kontakt-de\/#breadcrumb","itemListElement":[{"@type":"ListItem","position":1,"name":"Home","item":"https:\/\/thaimassage-kessenich.be\/"},{"@type":"ListItem","position":2,"name":"DEUTSCH","item":"https:\/\/thaimassage-kessenich.be\/index.php\/deutsch\/"},{"@type":"ListItem","position":3,"name":"Kontakt="}]},{"@type":"WebSite","@id":"https:\/\/thaimassage-kessenich.be\/#website","url":"https:\/\/thaimassage-kessenich.be\/","name":"Thai Massage Kessenich - TMK","description":"Ontspannende en helende massages","publisher":{"@id":"https:\/\/thaimassage-kessenich.be\/#organization"},"potentialAction":[{"@type":"SearchAction","target":{"@type":"EntryPoint","urlTemplate":"https:\/\/thaimassage-kessenich.be\/?s={search_term_string}"},"query-input":{"@type":"PropertyValueSpecification","valueRequired":true,"valueName":"search_term_string"}}],"inLanguage":"en-US"},{"@type":"Organization","@id":"https:\/\/thaimassage-kessenich.be\/#organization","name":"Thai Massage Kessenich - TMK","url":"https:\/\/thaimassage-kessenich.be\/","logo":{"@type":"ImageObject","inLanguage":"en-US","@id":"https:\/\/thaimassage-kessenich.be\/#\/schema\/logo\/image\/","url":"https:\/\/thaimassage-kessenich.be\/wp-content\/uploads\/2024\/01\/2024-01-09-TMK-logo-final-zw-copy-512x512-1.png","contentUrl":"https:\/\/thaimassage-kessenich.be\/wp-content\/uploads\/2024\/01\/2024-01-09-TMK-logo-final-zw-copy-512x512-1.png","width":512,"height":511,"caption":"Thai Massage Kessenich - TMK"},"image":{"@id":"https:\/\/thaimassage-kessenich.be\/#\/schema\/logo\/image\/"}}]}},"_links":{"self":[{"href":"https:\/\/thaimassage-kessenich.be\/index.php\/wp-json\/wp\/v2\/pages\/1330","targetHints":{"allow":["GET"]}}],"collection":[{"href":"https:\/\/thaimassage-kessenich.be\/index.php\/wp-json\/wp\/v2\/pages"}],"about":[{"href":"https:\/\/thaimassage-kessenich.be\/index.php\/wp-json\/wp\/v2\/types\/page"}],"author":[{"embeddable":true,"href":"https:\/\/thaimassage-kessenich.be\/index.php\/wp-json\/wp\/v2\/users\/1"}],"replies":[{"embeddable":true,"href":"https:\/\/thaimassage-kessenich.be\/index.php\/wp-json\/wp\/v2\/comments?post=1330"}],"version-history":[{"count":10,"href":"https:\/\/thaimassage-kessenich.be\/index.php\/wp-json\/wp\/v2\/pages\/1330\/revisions"}],"predecessor-version":[{"id":1793,"href":"https:\/\/thaimassage-kessenich.be\/index.php\/wp-json\/wp\/v2\/pages\/1330\/revisions\/1793"}],"up":[{"embeddable":true,"href":"https:\/\/thaimassage-kessenich.be\/index.php\/wp-json\/wp\/v2\/pages\/1309"}],"wp:attachment":[{"href":"https:\/\/thaimassage-kessenich.be\/index.php\/wp-json\/wp\/v2\/media?parent=1330"}],"curies":[{"name":"wp","href":"https:\/\/api.w.org\/{rel}","templated":true}]}}