{"id":1350,"date":"2024-01-19T19:55:26","date_gmt":"2024-01-19T19:55:26","guid":{"rendered":"https:\/\/thaimassage-kessenich.be\/?page_id=1350"},"modified":"2024-01-21T16:43:34","modified_gmt":"2024-01-21T16:43:34","slug":"krauterstempel-massage","status":"publish","type":"page","link":"https:\/\/thaimassage-kessenich.be\/index.php\/deutsch\/behandlungen\/krauterstempel-massage\/","title":{"rendered":"Kr\u00e4uterstempel-Massage"},"content":{"rendered":"<p><img loading=\"lazy\" decoding=\"async\" class=\"alignleft wp-image-208 \" src=\"https:\/\/thaimassage-kessenich.be\/wp-content\/uploads\/2023\/12\/S__3309630_0-207x300.jpg\" alt=\"\" width=\"246\" height=\"357\" srcset=\"https:\/\/thaimassage-kessenich.be\/wp-content\/uploads\/2023\/12\/S__3309630_0-207x300.jpg 207w, https:\/\/thaimassage-kessenich.be\/wp-content\/uploads\/2023\/12\/S__3309630_0.jpg 290w\" sizes=\"auto, (max-width: 246px) 100vw, 246px\" \/><\/p>\n<p>Die Thai-Kr\u00e4uterkompressen-Massage ist eine Multitherapie-Massagebehandlung, die traditionelle Thai-Massage, Aromatherapie und Kr\u00e4uterheilkunde kombiniert.<\/p>\n<p>Diese Massagetherapie ist mehrere tausend Jahre alt und beinhaltet das seit Generationen gesammelte und weitergegebene Wissen \u00fcber die medizinische Wirkung von Pflanzen, sei es durch Einnahme oder Anwendung am K\u00f6rper.<\/p>\n<p>Eine Kr\u00e4uterkompresse wird nach alten Rezepten aus einer Reihe von Heilkr\u00e4utern hergestellt, die in einem Musselinball mit kurzem Stiel geb\u00fcndelt werden.<\/p>\n<p>Urspr\u00fcnglich war diese Kr\u00e4utertherapie zur Linderung von Schmerzen und Entz\u00fcndungen gedacht, insbesondere f\u00fcr Soldaten nach Schlachten und f\u00fcr Frauen nach der Geburt, die unter den Nachwirkungen der Entbindung litten. Heutzutage wird die Anwendung und Massage dieser Kompressen auf den K\u00f6rper allgemeiner verwendet, um alle Arten von Schmerzen zu lindern, sei es durch k\u00f6rperliche Arbeit, Anstrengung oder einfach durch den Stress und die Belastungen des modernen Lebens.<\/p>\n<p>&nbsp;<\/p>\n<p><img loading=\"lazy\" decoding=\"async\" class=\"wp-image-209 alignright\" src=\"https:\/\/thaimassage-kessenich.be\/wp-content\/uploads\/2023\/12\/S__3309631_0-300x208.jpg\" alt=\"\" width=\"297\" height=\"206\" srcset=\"https:\/\/thaimassage-kessenich.be\/wp-content\/uploads\/2023\/12\/S__3309631_0-300x208.jpg 300w, https:\/\/thaimassage-kessenich.be\/wp-content\/uploads\/2023\/12\/S__3309631_0.jpg 417w\" sizes=\"auto, (max-width: 297px) 100vw, 297px\" \/><\/p>\n<p><img loading=\"lazy\" decoding=\"async\" class=\"wp-image-210 size-medium alignleft\" src=\"https:\/\/thaimassage-kessenich.be\/wp-content\/uploads\/2023\/12\/S__3309632_0-300x184.jpg\" alt=\"\" width=\"300\" height=\"184\" srcset=\"https:\/\/thaimassage-kessenich.be\/wp-content\/uploads\/2023\/12\/S__3309632_0-300x184.jpg 300w, https:\/\/thaimassage-kessenich.be\/wp-content\/uploads\/2023\/12\/S__3309632_0.jpg 420w\" sizes=\"auto, (max-width: 300px) 100vw, 300px\" \/><\/p>\n<p>Die Kompressen enthalten eine Mischung aus aromatischen und therapeutischen traditionellen thail\u00e4ndischen Kr\u00e4utern &#8211; bis zu 15-20 Kr\u00e4uter -, die in Baumwollmull eingewickelt und dann ged\u00e4mpft werden, um die starken Qualit\u00e4ten der Kr\u00e4uter freizusetzen, die nach der Anwendung sowohl eine entspannende als auch eine belebende Wirkung auf Geist und K\u00f6rper haben.<\/p>\n<p><img loading=\"lazy\" decoding=\"async\" class=\"wp-image-207 size-full aligncenter\" src=\"https:\/\/thaimassage-kessenich.be\/wp-content\/uploads\/2023\/12\/S__3309629_0.jpg\" alt=\"\" width=\"420\" height=\"289\" srcset=\"https:\/\/thaimassage-kessenich.be\/wp-content\/uploads\/2023\/12\/S__3309629_0.jpg 420w, https:\/\/thaimassage-kessenich.be\/wp-content\/uploads\/2023\/12\/S__3309629_0-300x206.jpg 300w\" sizes=\"auto, (max-width: 420px) 100vw, 420px\" \/><\/p>\n<p><strong>Direkte Links zu den anderen Seiten der Behandlungen :<\/strong><\/p>\n<ul>\n<li><a href=\"https:\/\/thaimassage-kessenich.be\/index.php\/deutsch\/behandlungen\/aloe-vera-massage\/\">Aloe-Vera-Massage<\/a><\/li>\n<li><a href=\"https:\/\/thaimassage-kessenich.be\/index.php\/deutsch\/behandlungen\/aromatherapie-olmassage\/\">Aromatherapie-\u00d6l-Massage<\/a><\/li>\n<li><a href=\"https:\/\/thaimassage-kessenich.be\/index.php\/deutsch\/behandlungen\/kokosnussol-massage\/\">Kokosnuss-\u00d6l-Massage<\/a><\/li>\n<li><a href=\"https:\/\/thaimassage-kessenich.be\/index.php\/deutsch\/behandlungen\/heisol-massage\/\">Hei\u00dfe \u00d6lmassage<\/a><\/li>\n<li><a href=\"https:\/\/thaimassage-kessenich.be\/index.php\/deutsch\/behandlungen\/hot-stone-massage\/\">Hot-Stone-Massage<\/a><\/li>\n<li><a href=\"https:\/\/thaimassage-kessenich.be\/index.php\/deutsch\/behandlungen\/krauterstempel-massage\/\">Kr\u00e4uterstempel-Massage<\/a><\/li>\n<li><a href=\"https:\/\/thaimassage-kessenich.be\/index.php\/deutsch\/behandlungen\/ol-massage\/\">\u00d6l-Massage<\/a><\/li>\n<li><a href=\"https:\/\/thaimassage-kessenich.be\/index.php\/deutsch\/behandlungen\/fusreflexzonenmassage\/\">Fu\u00dfreflexzonenmassage<\/a><\/li>\n<li><a href=\"https:\/\/thaimassage-kessenich.be\/index.php\/deutsch\/behandlungen\/sport-massage\/\">Sportmassage<\/a><\/li>\n<li><a href=\"https:\/\/thaimassage-kessenich.be\/index.php\/deutsch\/behandlungen\/thai-krieger-massage\/\">Thai-Krieger-Massage<\/a><\/li>\n<li><a href=\"https:\/\/thaimassage-kessenich.be\/index.php\/deutsch\/behandlungen\/traditionelle-thai-massage\/\">Traditionelle Thai-Massage<\/a><\/li>\n<\/ul>\n","protected":false},"excerpt":{"rendered":"<p>Die Thai-Kr\u00e4uterkompressen-Massage ist eine Multitherapie-Massagebehandlung, die traditionelle Thai-Massage, Aromatherapie und Kr\u00e4uterheilkunde kombiniert. Diese Massagetherapie ist mehrere tausend Jahre alt und beinhaltet das seit Generationen gesammelte und weitergegebene Wissen \u00fcber die medizinische Wirkung von Pflanzen, sei es durch Einnahme oder Anwendung am K\u00f6rper. Eine Kr\u00e4uterkompresse wird nach alten Rezepten aus einer Reihe von Heilkr\u00e4utern hergestellt, die [&hellip;]<\/p>\n","protected":false},"author":1,"featured_media":0,"parent":1324,"menu_order":0,"comment_status":"closed","ping_status":"closed","template":"","meta":{"_kadence_starter_templates_imported_post":false,"footnotes":""},"class_list":["post-1350","page","type-page","status-publish","hentry"],"yoast_head":"<!-- This site is optimized with the Yoast SEO plugin v27.2 - https:\/\/yoast.com\/product\/yoast-seo-wordpress\/ -->\n<title>Kr\u00e4uterstempel-Massage - Thai Massage Kessenich - TMK<\/title>\n<meta name=\"robots\" content=\"index, follow, max-snippet:-1, max-image-preview:large, max-video-preview:-1\" \/>\n<link rel=\"canonical\" href=\"https:\/\/thaimassage-kessenich.be\/index.php\/deutsch\/behandlungen\/krauterstempel-massage\/\" \/>\n<meta property=\"og:locale\" content=\"en_US\" \/>\n<meta property=\"og:type\" content=\"article\" \/>\n<meta property=\"og:title\" content=\"Kr\u00e4uterstempel-Massage - Thai Massage Kessenich - TMK\" \/>\n<meta property=\"og:description\" content=\"Die Thai-Kr\u00e4uterkompressen-Massage ist eine Multitherapie-Massagebehandlung, die traditionelle Thai-Massage, Aromatherapie und Kr\u00e4uterheilkunde kombiniert. Diese Massagetherapie ist mehrere tausend Jahre alt und beinhaltet das seit Generationen gesammelte und weitergegebene Wissen \u00fcber die medizinische Wirkung von Pflanzen, sei es durch Einnahme oder Anwendung am K\u00f6rper. Eine Kr\u00e4uterkompresse wird nach alten Rezepten aus einer Reihe von Heilkr\u00e4utern hergestellt, die [&hellip;]\" \/>\n<meta property=\"og:url\" content=\"https:\/\/thaimassage-kessenich.be\/index.php\/deutsch\/behandlungen\/krauterstempel-massage\/\" \/>\n<meta property=\"og:site_name\" content=\"Thai Massage Kessenich - TMK\" \/>\n<meta property=\"article:modified_time\" content=\"2024-01-21T16:43:34+00:00\" \/>\n<meta property=\"og:image\" content=\"https:\/\/thaimassage-kessenich.be\/wp-content\/uploads\/2023\/12\/S__3309630_0-207x300.jpg\" \/>\n<meta name=\"twitter:card\" content=\"summary_large_image\" \/>\n<meta name=\"twitter:label1\" content=\"Est. reading time\" \/>\n\t<meta name=\"twitter:data1\" content=\"2 minutes\" \/>\n<script type=\"application\/ld+json\" class=\"yoast-schema-graph\">{\"@context\":\"https:\/\/schema.org\",\"@graph\":[{\"@type\":\"WebPage\",\"@id\":\"https:\/\/thaimassage-kessenich.be\/index.php\/deutsch\/behandlungen\/krauterstempel-massage\/\",\"url\":\"https:\/\/thaimassage-kessenich.be\/index.php\/deutsch\/behandlungen\/krauterstempel-massage\/\",\"name\":\"Kr\u00e4uterstempel-Massage - Thai Massage Kessenich - TMK\",\"isPartOf\":{\"@id\":\"https:\/\/thaimassage-kessenich.be\/#website\"},\"primaryImageOfPage\":{\"@id\":\"https:\/\/thaimassage-kessenich.be\/index.php\/deutsch\/behandlungen\/krauterstempel-massage\/#primaryimage\"},\"image\":{\"@id\":\"https:\/\/thaimassage-kessenich.be\/index.php\/deutsch\/behandlungen\/krauterstempel-massage\/#primaryimage\"},\"thumbnailUrl\":\"https:\/\/thaimassage-kessenich.be\/wp-content\/uploads\/2023\/12\/S__3309630_0-207x300.jpg\",\"datePublished\":\"2024-01-19T19:55:26+00:00\",\"dateModified\":\"2024-01-21T16:43:34+00:00\",\"breadcrumb\":{\"@id\":\"https:\/\/thaimassage-kessenich.be\/index.php\/deutsch\/behandlungen\/krauterstempel-massage\/#breadcrumb\"},\"inLanguage\":\"en-US\",\"potentialAction\":[{\"@type\":\"ReadAction\",\"target\":[\"https:\/\/thaimassage-kessenich.be\/index.php\/deutsch\/behandlungen\/krauterstempel-massage\/\"]}]},{\"@type\":\"ImageObject\",\"inLanguage\":\"en-US\",\"@id\":\"https:\/\/thaimassage-kessenich.be\/index.php\/deutsch\/behandlungen\/krauterstempel-massage\/#primaryimage\",\"url\":\"https:\/\/thaimassage-kessenich.be\/wp-content\/uploads\/2023\/12\/S__3309630_0.jpg\",\"contentUrl\":\"https:\/\/thaimassage-kessenich.be\/wp-content\/uploads\/2023\/12\/S__3309630_0.jpg\",\"width\":290,\"height\":420},{\"@type\":\"BreadcrumbList\",\"@id\":\"https:\/\/thaimassage-kessenich.be\/index.php\/deutsch\/behandlungen\/krauterstempel-massage\/#breadcrumb\",\"itemListElement\":[{\"@type\":\"ListItem\",\"position\":1,\"name\":\"Home\",\"item\":\"https:\/\/thaimassage-kessenich.be\/\"},{\"@type\":\"ListItem\",\"position\":2,\"name\":\"DEUTSCH\",\"item\":\"https:\/\/thaimassage-kessenich.be\/index.php\/deutsch\/\"},{\"@type\":\"ListItem\",\"position\":3,\"name\":\"Behandlungen=\",\"item\":\"https:\/\/thaimassage-kessenich.be\/index.php\/deutsch\/behandlungen\/\"},{\"@type\":\"ListItem\",\"position\":4,\"name\":\"Kr\u00e4uterstempel-Massage\"}]},{\"@type\":\"WebSite\",\"@id\":\"https:\/\/thaimassage-kessenich.be\/#website\",\"url\":\"https:\/\/thaimassage-kessenich.be\/\",\"name\":\"Thai Massage Kessenich - TMK\",\"description\":\"Ontspannende en helende massages\",\"publisher\":{\"@id\":\"https:\/\/thaimassage-kessenich.be\/#organization\"},\"potentialAction\":[{\"@type\":\"SearchAction\",\"target\":{\"@type\":\"EntryPoint\",\"urlTemplate\":\"https:\/\/thaimassage-kessenich.be\/?s={search_term_string}\"},\"query-input\":{\"@type\":\"PropertyValueSpecification\",\"valueRequired\":true,\"valueName\":\"search_term_string\"}}],\"inLanguage\":\"en-US\"},{\"@type\":\"Organization\",\"@id\":\"https:\/\/thaimassage-kessenich.be\/#organization\",\"name\":\"Thai Massage Kessenich - TMK\",\"url\":\"https:\/\/thaimassage-kessenich.be\/\",\"logo\":{\"@type\":\"ImageObject\",\"inLanguage\":\"en-US\",\"@id\":\"https:\/\/thaimassage-kessenich.be\/#\/schema\/logo\/image\/\",\"url\":\"https:\/\/thaimassage-kessenich.be\/wp-content\/uploads\/2024\/01\/2024-01-09-TMK-logo-final-zw-copy-512x512-1.png\",\"contentUrl\":\"https:\/\/thaimassage-kessenich.be\/wp-content\/uploads\/2024\/01\/2024-01-09-TMK-logo-final-zw-copy-512x512-1.png\",\"width\":512,\"height\":511,\"caption\":\"Thai Massage Kessenich - TMK\"},\"image\":{\"@id\":\"https:\/\/thaimassage-kessenich.be\/#\/schema\/logo\/image\/\"}}]}<\/script>\n<!-- \/ Yoast SEO plugin. -->","yoast_head_json":{"title":"Kr\u00e4uterstempel-Massage - Thai Massage Kessenich - TMK","robots":{"index":"index","follow":"follow","max-snippet":"max-snippet:-1","max-image-preview":"max-image-preview:large","max-video-preview":"max-video-preview:-1"},"canonical":"https:\/\/thaimassage-kessenich.be\/index.php\/deutsch\/behandlungen\/krauterstempel-massage\/","og_locale":"en_US","og_type":"article","og_title":"Kr\u00e4uterstempel-Massage - Thai Massage Kessenich - TMK","og_description":"Die Thai-Kr\u00e4uterkompressen-Massage ist eine Multitherapie-Massagebehandlung, die traditionelle Thai-Massage, Aromatherapie und Kr\u00e4uterheilkunde kombiniert. Diese Massagetherapie ist mehrere tausend Jahre alt und beinhaltet das seit Generationen gesammelte und weitergegebene Wissen \u00fcber die medizinische Wirkung von Pflanzen, sei es durch Einnahme oder Anwendung am K\u00f6rper. Eine Kr\u00e4uterkompresse wird nach alten Rezepten aus einer Reihe von Heilkr\u00e4utern hergestellt, die [&hellip;]","og_url":"https:\/\/thaimassage-kessenich.be\/index.php\/deutsch\/behandlungen\/krauterstempel-massage\/","og_site_name":"Thai Massage Kessenich - TMK","article_modified_time":"2024-01-21T16:43:34+00:00","og_image":[{"url":"https:\/\/thaimassage-kessenich.be\/wp-content\/uploads\/2023\/12\/S__3309630_0-207x300.jpg","type":"","width":"","height":""}],"twitter_card":"summary_large_image","twitter_misc":{"Est. reading time":"2 minutes"},"schema":{"@context":"https:\/\/schema.org","@graph":[{"@type":"WebPage","@id":"https:\/\/thaimassage-kessenich.be\/index.php\/deutsch\/behandlungen\/krauterstempel-massage\/","url":"https:\/\/thaimassage-kessenich.be\/index.php\/deutsch\/behandlungen\/krauterstempel-massage\/","name":"Kr\u00e4uterstempel-Massage - Thai Massage Kessenich - TMK","isPartOf":{"@id":"https:\/\/thaimassage-kessenich.be\/#website"},"primaryImageOfPage":{"@id":"https:\/\/thaimassage-kessenich.be\/index.php\/deutsch\/behandlungen\/krauterstempel-massage\/#primaryimage"},"image":{"@id":"https:\/\/thaimassage-kessenich.be\/index.php\/deutsch\/behandlungen\/krauterstempel-massage\/#primaryimage"},"thumbnailUrl":"https:\/\/thaimassage-kessenich.be\/wp-content\/uploads\/2023\/12\/S__3309630_0-207x300.jpg","datePublished":"2024-01-19T19:55:26+00:00","dateModified":"2024-01-21T16:43:34+00:00","breadcrumb":{"@id":"https:\/\/thaimassage-kessenich.be\/index.php\/deutsch\/behandlungen\/krauterstempel-massage\/#breadcrumb"},"inLanguage":"en-US","potentialAction":[{"@type":"ReadAction","target":["https:\/\/thaimassage-kessenich.be\/index.php\/deutsch\/behandlungen\/krauterstempel-massage\/"]}]},{"@type":"ImageObject","inLanguage":"en-US","@id":"https:\/\/thaimassage-kessenich.be\/index.php\/deutsch\/behandlungen\/krauterstempel-massage\/#primaryimage","url":"https:\/\/thaimassage-kessenich.be\/wp-content\/uploads\/2023\/12\/S__3309630_0.jpg","contentUrl":"https:\/\/thaimassage-kessenich.be\/wp-content\/uploads\/2023\/12\/S__3309630_0.jpg","width":290,"height":420},{"@type":"BreadcrumbList","@id":"https:\/\/thaimassage-kessenich.be\/index.php\/deutsch\/behandlungen\/krauterstempel-massage\/#breadcrumb","itemListElement":[{"@type":"ListItem","position":1,"name":"Home","item":"https:\/\/thaimassage-kessenich.be\/"},{"@type":"ListItem","position":2,"name":"DEUTSCH","item":"https:\/\/thaimassage-kessenich.be\/index.php\/deutsch\/"},{"@type":"ListItem","position":3,"name":"Behandlungen=","item":"https:\/\/thaimassage-kessenich.be\/index.php\/deutsch\/behandlungen\/"},{"@type":"ListItem","position":4,"name":"Kr\u00e4uterstempel-Massage"}]},{"@type":"WebSite","@id":"https:\/\/thaimassage-kessenich.be\/#website","url":"https:\/\/thaimassage-kessenich.be\/","name":"Thai Massage Kessenich - TMK","description":"Ontspannende en helende massages","publisher":{"@id":"https:\/\/thaimassage-kessenich.be\/#organization"},"potentialAction":[{"@type":"SearchAction","target":{"@type":"EntryPoint","urlTemplate":"https:\/\/thaimassage-kessenich.be\/?s={search_term_string}"},"query-input":{"@type":"PropertyValueSpecification","valueRequired":true,"valueName":"search_term_string"}}],"inLanguage":"en-US"},{"@type":"Organization","@id":"https:\/\/thaimassage-kessenich.be\/#organization","name":"Thai Massage Kessenich - TMK","url":"https:\/\/thaimassage-kessenich.be\/","logo":{"@type":"ImageObject","inLanguage":"en-US","@id":"https:\/\/thaimassage-kessenich.be\/#\/schema\/logo\/image\/","url":"https:\/\/thaimassage-kessenich.be\/wp-content\/uploads\/2024\/01\/2024-01-09-TMK-logo-final-zw-copy-512x512-1.png","contentUrl":"https:\/\/thaimassage-kessenich.be\/wp-content\/uploads\/2024\/01\/2024-01-09-TMK-logo-final-zw-copy-512x512-1.png","width":512,"height":511,"caption":"Thai Massage Kessenich - TMK"},"image":{"@id":"https:\/\/thaimassage-kessenich.be\/#\/schema\/logo\/image\/"}}]}},"_links":{"self":[{"href":"https:\/\/thaimassage-kessenich.be\/index.php\/wp-json\/wp\/v2\/pages\/1350","targetHints":{"allow":["GET"]}}],"collection":[{"href":"https:\/\/thaimassage-kessenich.be\/index.php\/wp-json\/wp\/v2\/pages"}],"about":[{"href":"https:\/\/thaimassage-kessenich.be\/index.php\/wp-json\/wp\/v2\/types\/page"}],"author":[{"embeddable":true,"href":"https:\/\/thaimassage-kessenich.be\/index.php\/wp-json\/wp\/v2\/users\/1"}],"replies":[{"embeddable":true,"href":"https:\/\/thaimassage-kessenich.be\/index.php\/wp-json\/wp\/v2\/comments?post=1350"}],"version-history":[{"count":3,"href":"https:\/\/thaimassage-kessenich.be\/index.php\/wp-json\/wp\/v2\/pages\/1350\/revisions"}],"predecessor-version":[{"id":1493,"href":"https:\/\/thaimassage-kessenich.be\/index.php\/wp-json\/wp\/v2\/pages\/1350\/revisions\/1493"}],"up":[{"embeddable":true,"href":"https:\/\/thaimassage-kessenich.be\/index.php\/wp-json\/wp\/v2\/pages\/1324"}],"wp:attachment":[{"href":"https:\/\/thaimassage-kessenich.be\/index.php\/wp-json\/wp\/v2\/media?parent=1350"}],"curies":[{"name":"wp","href":"https:\/\/api.w.org\/{rel}","templated":true}]}}