{"id":1357,"date":"2024-01-19T20:00:13","date_gmt":"2024-01-19T20:00:13","guid":{"rendered":"https:\/\/thaimassage-kessenich.be\/?page_id=1357"},"modified":"2024-01-21T16:44:13","modified_gmt":"2024-01-21T16:44:13","slug":"hot-stone-massage","status":"publish","type":"page","link":"https:\/\/thaimassage-kessenich.be\/index.php\/deutsch\/behandlungen\/hot-stone-massage\/","title":{"rendered":"Hot-Stone-Massage="},"content":{"rendered":"<p><b><img loading=\"lazy\" decoding=\"async\" class=\"size-medium wp-image-184 alignleft\" src=\"https:\/\/thaimassage-kessenich.be\/wp-content\/uploads\/2023\/12\/S__3309588-300x207.jpg\" alt=\"\" width=\"300\" height=\"207\" srcset=\"https:\/\/thaimassage-kessenich.be\/wp-content\/uploads\/2023\/12\/S__3309588-300x207.jpg 300w, https:\/\/thaimassage-kessenich.be\/wp-content\/uploads\/2023\/12\/S__3309588.jpg 420w\" sizes=\"auto, (max-width: 300px) 100vw, 300px\" \/><\/b><\/p>\n<p><span class=\"HwtZe\" lang=\"de\"><span class=\"jCAhz ChMk0b\"><span class=\"ryNqvb\">Eine Hot-Stone-Massage ist eine Form der Massagetherapie.<\/span><\/span> <\/span><\/p>\n<p><span class=\"HwtZe\" lang=\"de\"><span class=\"jCAhz ChMk0b\"><span class=\"ryNqvb\">Bei der Hot-Stone-Massage werden erw\u00e4rmte Steine und Massagetechniken kombiniert, um verspannte Muskeln zu entspannen, Schmerzen und Steifheit zu lindern und die Durchblutung zu verbessern.<\/span><\/span> <span class=\"jCAhz ChMk0b\"><span class=\"ryNqvb\">Die Behandlung kann bei Beschwerden wie Muskelschmerzen, arthritischen Erkrankungen und Autoimmunerkrankungen eingesetzt werden.<\/span><\/span> <span class=\"jCAhz ChMk0b\"><span class=\"ryNqvb\">Die W\u00e4rme der Steine dringt in die Haut ein, um eine bessere Durchblutung zu f\u00f6rdern, Giftstoffe freizusetzen und eine tiefere Muskelentspannung als bei einer Standardmassage zu bewirken.<\/span><\/span> <span class=\"jCAhz ChMk0b\"><span class=\"ryNqvb\">Indem Sie die erw\u00e4rmten Steine \u00fcber Akupressurpunkten platzieren, k\u00f6nnen Sie den Energiefluss freisetzen und den k\u00f6rpereigenen Heilungsprozess f\u00f6rdern.<\/span><\/span> <\/span><\/p>\n<p><span class=\"HwtZe\" lang=\"de\"><span class=\"jCAhz ChMk0b\"><span class=\"ryNqvb\">Bei einer Hot-Stone-Massage werden glatte, flache, erhitzte Steine auf bestimmte K\u00f6rperstellen gelegt.<\/span><\/span> <\/span><\/p>\n<p><span class=\"HwtZe\" lang=\"de\"><span class=\"jCAhz ChMk0b\"><span class=\"ryNqvb\">Die Steine bestehen meist aus Basalt, einer Art Vulkangestein, das W\u00e4rme speichert.<\/span><\/span> <\/span><\/p>\n<p><span class=\"HwtZe\" lang=\"de\"><span class=\"jCAhz ChMk0b\"><span class=\"ryNqvb\">Die empfohlene H\u00f6chsttemperatur f\u00fcr hei\u00dfe Massagesteine betr\u00e4gt beim Erhitzen 54\u00a0\u00b0C bis 43\u00a0\u00b0C.<\/span><\/span><\/span><\/p>\n<p><b><img loading=\"lazy\" decoding=\"async\" class=\"size-medium wp-image-183 aligncenter\" src=\"https:\/\/thaimassage-kessenich.be\/wp-content\/uploads\/2023\/12\/S__3309587-300x206.jpg\" alt=\"\" width=\"300\" height=\"206\" srcset=\"https:\/\/thaimassage-kessenich.be\/wp-content\/uploads\/2023\/12\/S__3309587-300x206.jpg 300w, https:\/\/thaimassage-kessenich.be\/wp-content\/uploads\/2023\/12\/S__3309587.jpg 420w\" sizes=\"auto, (max-width: 300px) 100vw, 300px\" \/><\/b><\/p>\n<p><b> <img loading=\"lazy\" decoding=\"async\" class=\"size-medium wp-image-181 alignleft\" src=\"https:\/\/thaimassage-kessenich.be\/wp-content\/uploads\/2023\/12\/S__3309585-253x300.jpg\" alt=\"\" width=\"253\" height=\"300\" srcset=\"https:\/\/thaimassage-kessenich.be\/wp-content\/uploads\/2023\/12\/S__3309585-253x300.jpg 253w, https:\/\/thaimassage-kessenich.be\/wp-content\/uploads\/2023\/12\/S__3309585.jpg 354w\" sizes=\"auto, (max-width: 253px) 100vw, 253px\" \/><\/b><\/p>\n<p><strong>M\u00f6gliche Vorteile der Hot-Stone-Massage :<\/strong><\/p>\n<ul>\n<li>Hilft bei Muskelverspannungen und Schmerzen<\/li>\n<li>Reduziert Stress und \u00c4ngste<\/li>\n<li>F\u00f6rdert den Schlaf<\/li>\n<li>St\u00e4rkt die Immunit\u00e4t<\/li>\n<\/ul>\n<p><b><img loading=\"lazy\" decoding=\"async\" class=\"size-medium wp-image-182 alignleft\" src=\"https:\/\/thaimassage-kessenich.be\/wp-content\/uploads\/2023\/12\/S__3309586-300x206.jpg\" alt=\"\" width=\"300\" height=\"206\" srcset=\"https:\/\/thaimassage-kessenich.be\/wp-content\/uploads\/2023\/12\/S__3309586-300x206.jpg 300w, https:\/\/thaimassage-kessenich.be\/wp-content\/uploads\/2023\/12\/S__3309586.jpg 420w\" sizes=\"auto, (max-width: 300px) 100vw, 300px\" \/><\/b><\/p>\n<p>&nbsp;<\/p>\n<p><strong>Direkte Links zu den anderen Seiten der Behandlungen :<\/strong><\/p>\n<ul>\n<li><a href=\"https:\/\/thaimassage-kessenich.be\/index.php\/deutsch\/behandlungen\/aloe-vera-massage\/\">Aloe-Vera-Massage<\/a><\/li>\n<li><a href=\"https:\/\/thaimassage-kessenich.be\/index.php\/deutsch\/behandlungen\/aromatherapie-olmassage\/\">Aromatherapie-\u00d6l-Massage<\/a><\/li>\n<li><a href=\"https:\/\/thaimassage-kessenich.be\/index.php\/deutsch\/behandlungen\/kokosnussol-massage\/\">Kokosnuss-\u00d6l-Massage<\/a><\/li>\n<li><a href=\"https:\/\/thaimassage-kessenich.be\/index.php\/deutsch\/behandlungen\/heisol-massage\/\">Hei\u00dfe \u00d6lmassage<\/a><\/li>\n<li><a href=\"https:\/\/thaimassage-kessenich.be\/index.php\/deutsch\/behandlungen\/hot-stone-massage\/\">Hot-Stone-Massage<\/a><\/li>\n<li><a href=\"https:\/\/thaimassage-kessenich.be\/index.php\/deutsch\/behandlungen\/krauterstempel-massage\/\">Kr\u00e4uterstempel-Massage<\/a><\/li>\n<li><a href=\"https:\/\/thaimassage-kessenich.be\/index.php\/deutsch\/behandlungen\/ol-massage\/\">\u00d6l-Massage<\/a><\/li>\n<li><a href=\"https:\/\/thaimassage-kessenich.be\/index.php\/deutsch\/behandlungen\/fusreflexzonenmassage\/\">Fu\u00dfreflexzonenmassage<\/a><\/li>\n<li><a href=\"https:\/\/thaimassage-kessenich.be\/index.php\/deutsch\/behandlungen\/sport-massage\/\">Sportmassage<\/a><\/li>\n<li><a href=\"https:\/\/thaimassage-kessenich.be\/index.php\/deutsch\/behandlungen\/thai-krieger-massage\/\">Thai-Krieger-Massage<\/a><\/li>\n<li><a href=\"https:\/\/thaimassage-kessenich.be\/index.php\/deutsch\/behandlungen\/traditionelle-thai-massage\/\">Traditionelle Thai-Massage<\/a><\/li>\n<\/ul>\n","protected":false},"excerpt":{"rendered":"<p>Eine Hot-Stone-Massage ist eine Form der Massagetherapie. Bei der Hot-Stone-Massage werden erw\u00e4rmte Steine und Massagetechniken kombiniert, um verspannte Muskeln zu entspannen, Schmerzen und Steifheit zu lindern und die Durchblutung zu verbessern. Die Behandlung kann bei Beschwerden wie Muskelschmerzen, arthritischen Erkrankungen und Autoimmunerkrankungen eingesetzt werden. Die W\u00e4rme der Steine dringt in die Haut ein, um eine [&hellip;]<\/p>\n","protected":false},"author":1,"featured_media":0,"parent":1324,"menu_order":0,"comment_status":"closed","ping_status":"closed","template":"","meta":{"_kadence_starter_templates_imported_post":false,"footnotes":""},"class_list":["post-1357","page","type-page","status-publish","hentry"],"yoast_head":"<!-- This site is optimized with the Yoast SEO plugin v27.2 - https:\/\/yoast.com\/product\/yoast-seo-wordpress\/ -->\n<title>Hot-Stone-Massage= - Thai Massage Kessenich - TMK<\/title>\n<meta name=\"robots\" content=\"index, follow, max-snippet:-1, max-image-preview:large, max-video-preview:-1\" \/>\n<link rel=\"canonical\" href=\"https:\/\/thaimassage-kessenich.be\/index.php\/deutsch\/behandlungen\/hot-stone-massage\/\" \/>\n<meta property=\"og:locale\" content=\"en_US\" \/>\n<meta property=\"og:type\" content=\"article\" \/>\n<meta property=\"og:title\" content=\"Hot-Stone-Massage= - Thai Massage Kessenich - TMK\" \/>\n<meta property=\"og:description\" content=\"Eine Hot-Stone-Massage ist eine Form der Massagetherapie. Bei der Hot-Stone-Massage werden erw\u00e4rmte Steine und Massagetechniken kombiniert, um verspannte Muskeln zu entspannen, Schmerzen und Steifheit zu lindern und die Durchblutung zu verbessern. Die Behandlung kann bei Beschwerden wie Muskelschmerzen, arthritischen Erkrankungen und Autoimmunerkrankungen eingesetzt werden. Die W\u00e4rme der Steine dringt in die Haut ein, um eine [&hellip;]\" \/>\n<meta property=\"og:url\" content=\"https:\/\/thaimassage-kessenich.be\/index.php\/deutsch\/behandlungen\/hot-stone-massage\/\" \/>\n<meta property=\"og:site_name\" content=\"Thai Massage Kessenich - TMK\" \/>\n<meta property=\"article:modified_time\" content=\"2024-01-21T16:44:13+00:00\" \/>\n<meta property=\"og:image\" content=\"https:\/\/thaimassage-kessenich.be\/wp-content\/uploads\/2023\/12\/S__3309588-300x207.jpg\" \/>\n<meta name=\"twitter:card\" content=\"summary_large_image\" \/>\n<meta name=\"twitter:label1\" content=\"Est. reading time\" \/>\n\t<meta name=\"twitter:data1\" content=\"2 minutes\" \/>\n<script type=\"application\/ld+json\" class=\"yoast-schema-graph\">{\"@context\":\"https:\/\/schema.org\",\"@graph\":[{\"@type\":\"WebPage\",\"@id\":\"https:\/\/thaimassage-kessenich.be\/index.php\/deutsch\/behandlungen\/hot-stone-massage\/\",\"url\":\"https:\/\/thaimassage-kessenich.be\/index.php\/deutsch\/behandlungen\/hot-stone-massage\/\",\"name\":\"Hot-Stone-Massage= - Thai Massage Kessenich - TMK\",\"isPartOf\":{\"@id\":\"https:\/\/thaimassage-kessenich.be\/#website\"},\"primaryImageOfPage\":{\"@id\":\"https:\/\/thaimassage-kessenich.be\/index.php\/deutsch\/behandlungen\/hot-stone-massage\/#primaryimage\"},\"image\":{\"@id\":\"https:\/\/thaimassage-kessenich.be\/index.php\/deutsch\/behandlungen\/hot-stone-massage\/#primaryimage\"},\"thumbnailUrl\":\"https:\/\/thaimassage-kessenich.be\/wp-content\/uploads\/2023\/12\/S__3309588-300x207.jpg\",\"datePublished\":\"2024-01-19T20:00:13+00:00\",\"dateModified\":\"2024-01-21T16:44:13+00:00\",\"breadcrumb\":{\"@id\":\"https:\/\/thaimassage-kessenich.be\/index.php\/deutsch\/behandlungen\/hot-stone-massage\/#breadcrumb\"},\"inLanguage\":\"en-US\",\"potentialAction\":[{\"@type\":\"ReadAction\",\"target\":[\"https:\/\/thaimassage-kessenich.be\/index.php\/deutsch\/behandlungen\/hot-stone-massage\/\"]}]},{\"@type\":\"ImageObject\",\"inLanguage\":\"en-US\",\"@id\":\"https:\/\/thaimassage-kessenich.be\/index.php\/deutsch\/behandlungen\/hot-stone-massage\/#primaryimage\",\"url\":\"https:\/\/thaimassage-kessenich.be\/wp-content\/uploads\/2023\/12\/S__3309588.jpg\",\"contentUrl\":\"https:\/\/thaimassage-kessenich.be\/wp-content\/uploads\/2023\/12\/S__3309588.jpg\",\"width\":420,\"height\":290},{\"@type\":\"BreadcrumbList\",\"@id\":\"https:\/\/thaimassage-kessenich.be\/index.php\/deutsch\/behandlungen\/hot-stone-massage\/#breadcrumb\",\"itemListElement\":[{\"@type\":\"ListItem\",\"position\":1,\"name\":\"Home\",\"item\":\"https:\/\/thaimassage-kessenich.be\/\"},{\"@type\":\"ListItem\",\"position\":2,\"name\":\"DEUTSCH\",\"item\":\"https:\/\/thaimassage-kessenich.be\/index.php\/deutsch\/\"},{\"@type\":\"ListItem\",\"position\":3,\"name\":\"Behandlungen=\",\"item\":\"https:\/\/thaimassage-kessenich.be\/index.php\/deutsch\/behandlungen\/\"},{\"@type\":\"ListItem\",\"position\":4,\"name\":\"Hot-Stone-Massage=\"}]},{\"@type\":\"WebSite\",\"@id\":\"https:\/\/thaimassage-kessenich.be\/#website\",\"url\":\"https:\/\/thaimassage-kessenich.be\/\",\"name\":\"Thai Massage Kessenich - TMK\",\"description\":\"Ontspannende en helende massages\",\"publisher\":{\"@id\":\"https:\/\/thaimassage-kessenich.be\/#organization\"},\"potentialAction\":[{\"@type\":\"SearchAction\",\"target\":{\"@type\":\"EntryPoint\",\"urlTemplate\":\"https:\/\/thaimassage-kessenich.be\/?s={search_term_string}\"},\"query-input\":{\"@type\":\"PropertyValueSpecification\",\"valueRequired\":true,\"valueName\":\"search_term_string\"}}],\"inLanguage\":\"en-US\"},{\"@type\":\"Organization\",\"@id\":\"https:\/\/thaimassage-kessenich.be\/#organization\",\"name\":\"Thai Massage Kessenich - TMK\",\"url\":\"https:\/\/thaimassage-kessenich.be\/\",\"logo\":{\"@type\":\"ImageObject\",\"inLanguage\":\"en-US\",\"@id\":\"https:\/\/thaimassage-kessenich.be\/#\/schema\/logo\/image\/\",\"url\":\"https:\/\/thaimassage-kessenich.be\/wp-content\/uploads\/2024\/01\/2024-01-09-TMK-logo-final-zw-copy-512x512-1.png\",\"contentUrl\":\"https:\/\/thaimassage-kessenich.be\/wp-content\/uploads\/2024\/01\/2024-01-09-TMK-logo-final-zw-copy-512x512-1.png\",\"width\":512,\"height\":511,\"caption\":\"Thai Massage Kessenich - TMK\"},\"image\":{\"@id\":\"https:\/\/thaimassage-kessenich.be\/#\/schema\/logo\/image\/\"}}]}<\/script>\n<!-- \/ Yoast SEO plugin. -->","yoast_head_json":{"title":"Hot-Stone-Massage= - Thai Massage Kessenich - TMK","robots":{"index":"index","follow":"follow","max-snippet":"max-snippet:-1","max-image-preview":"max-image-preview:large","max-video-preview":"max-video-preview:-1"},"canonical":"https:\/\/thaimassage-kessenich.be\/index.php\/deutsch\/behandlungen\/hot-stone-massage\/","og_locale":"en_US","og_type":"article","og_title":"Hot-Stone-Massage= - Thai Massage Kessenich - TMK","og_description":"Eine Hot-Stone-Massage ist eine Form der Massagetherapie. Bei der Hot-Stone-Massage werden erw\u00e4rmte Steine und Massagetechniken kombiniert, um verspannte Muskeln zu entspannen, Schmerzen und Steifheit zu lindern und die Durchblutung zu verbessern. Die Behandlung kann bei Beschwerden wie Muskelschmerzen, arthritischen Erkrankungen und Autoimmunerkrankungen eingesetzt werden. Die W\u00e4rme der Steine dringt in die Haut ein, um eine [&hellip;]","og_url":"https:\/\/thaimassage-kessenich.be\/index.php\/deutsch\/behandlungen\/hot-stone-massage\/","og_site_name":"Thai Massage Kessenich - TMK","article_modified_time":"2024-01-21T16:44:13+00:00","og_image":[{"url":"https:\/\/thaimassage-kessenich.be\/wp-content\/uploads\/2023\/12\/S__3309588-300x207.jpg","type":"","width":"","height":""}],"twitter_card":"summary_large_image","twitter_misc":{"Est. reading time":"2 minutes"},"schema":{"@context":"https:\/\/schema.org","@graph":[{"@type":"WebPage","@id":"https:\/\/thaimassage-kessenich.be\/index.php\/deutsch\/behandlungen\/hot-stone-massage\/","url":"https:\/\/thaimassage-kessenich.be\/index.php\/deutsch\/behandlungen\/hot-stone-massage\/","name":"Hot-Stone-Massage= - Thai Massage Kessenich - TMK","isPartOf":{"@id":"https:\/\/thaimassage-kessenich.be\/#website"},"primaryImageOfPage":{"@id":"https:\/\/thaimassage-kessenich.be\/index.php\/deutsch\/behandlungen\/hot-stone-massage\/#primaryimage"},"image":{"@id":"https:\/\/thaimassage-kessenich.be\/index.php\/deutsch\/behandlungen\/hot-stone-massage\/#primaryimage"},"thumbnailUrl":"https:\/\/thaimassage-kessenich.be\/wp-content\/uploads\/2023\/12\/S__3309588-300x207.jpg","datePublished":"2024-01-19T20:00:13+00:00","dateModified":"2024-01-21T16:44:13+00:00","breadcrumb":{"@id":"https:\/\/thaimassage-kessenich.be\/index.php\/deutsch\/behandlungen\/hot-stone-massage\/#breadcrumb"},"inLanguage":"en-US","potentialAction":[{"@type":"ReadAction","target":["https:\/\/thaimassage-kessenich.be\/index.php\/deutsch\/behandlungen\/hot-stone-massage\/"]}]},{"@type":"ImageObject","inLanguage":"en-US","@id":"https:\/\/thaimassage-kessenich.be\/index.php\/deutsch\/behandlungen\/hot-stone-massage\/#primaryimage","url":"https:\/\/thaimassage-kessenich.be\/wp-content\/uploads\/2023\/12\/S__3309588.jpg","contentUrl":"https:\/\/thaimassage-kessenich.be\/wp-content\/uploads\/2023\/12\/S__3309588.jpg","width":420,"height":290},{"@type":"BreadcrumbList","@id":"https:\/\/thaimassage-kessenich.be\/index.php\/deutsch\/behandlungen\/hot-stone-massage\/#breadcrumb","itemListElement":[{"@type":"ListItem","position":1,"name":"Home","item":"https:\/\/thaimassage-kessenich.be\/"},{"@type":"ListItem","position":2,"name":"DEUTSCH","item":"https:\/\/thaimassage-kessenich.be\/index.php\/deutsch\/"},{"@type":"ListItem","position":3,"name":"Behandlungen=","item":"https:\/\/thaimassage-kessenich.be\/index.php\/deutsch\/behandlungen\/"},{"@type":"ListItem","position":4,"name":"Hot-Stone-Massage="}]},{"@type":"WebSite","@id":"https:\/\/thaimassage-kessenich.be\/#website","url":"https:\/\/thaimassage-kessenich.be\/","name":"Thai Massage Kessenich - TMK","description":"Ontspannende en helende massages","publisher":{"@id":"https:\/\/thaimassage-kessenich.be\/#organization"},"potentialAction":[{"@type":"SearchAction","target":{"@type":"EntryPoint","urlTemplate":"https:\/\/thaimassage-kessenich.be\/?s={search_term_string}"},"query-input":{"@type":"PropertyValueSpecification","valueRequired":true,"valueName":"search_term_string"}}],"inLanguage":"en-US"},{"@type":"Organization","@id":"https:\/\/thaimassage-kessenich.be\/#organization","name":"Thai Massage Kessenich - TMK","url":"https:\/\/thaimassage-kessenich.be\/","logo":{"@type":"ImageObject","inLanguage":"en-US","@id":"https:\/\/thaimassage-kessenich.be\/#\/schema\/logo\/image\/","url":"https:\/\/thaimassage-kessenich.be\/wp-content\/uploads\/2024\/01\/2024-01-09-TMK-logo-final-zw-copy-512x512-1.png","contentUrl":"https:\/\/thaimassage-kessenich.be\/wp-content\/uploads\/2024\/01\/2024-01-09-TMK-logo-final-zw-copy-512x512-1.png","width":512,"height":511,"caption":"Thai Massage Kessenich - TMK"},"image":{"@id":"https:\/\/thaimassage-kessenich.be\/#\/schema\/logo\/image\/"}}]}},"_links":{"self":[{"href":"https:\/\/thaimassage-kessenich.be\/index.php\/wp-json\/wp\/v2\/pages\/1357","targetHints":{"allow":["GET"]}}],"collection":[{"href":"https:\/\/thaimassage-kessenich.be\/index.php\/wp-json\/wp\/v2\/pages"}],"about":[{"href":"https:\/\/thaimassage-kessenich.be\/index.php\/wp-json\/wp\/v2\/types\/page"}],"author":[{"embeddable":true,"href":"https:\/\/thaimassage-kessenich.be\/index.php\/wp-json\/wp\/v2\/users\/1"}],"replies":[{"embeddable":true,"href":"https:\/\/thaimassage-kessenich.be\/index.php\/wp-json\/wp\/v2\/comments?post=1357"}],"version-history":[{"count":6,"href":"https:\/\/thaimassage-kessenich.be\/index.php\/wp-json\/wp\/v2\/pages\/1357\/revisions"}],"predecessor-version":[{"id":1497,"href":"https:\/\/thaimassage-kessenich.be\/index.php\/wp-json\/wp\/v2\/pages\/1357\/revisions\/1497"}],"up":[{"embeddable":true,"href":"https:\/\/thaimassage-kessenich.be\/index.php\/wp-json\/wp\/v2\/pages\/1324"}],"wp:attachment":[{"href":"https:\/\/thaimassage-kessenich.be\/index.php\/wp-json\/wp\/v2\/media?parent=1357"}],"curies":[{"name":"wp","href":"https:\/\/api.w.org\/{rel}","templated":true}]}}