{"id":1364,"date":"2024-01-19T20:15:00","date_gmt":"2024-01-19T20:15:00","guid":{"rendered":"https:\/\/thaimassage-kessenich.be\/?page_id=1364"},"modified":"2024-01-21T16:41:40","modified_gmt":"2024-01-21T16:41:40","slug":"fusreflexzonenmassage","status":"publish","type":"page","link":"https:\/\/thaimassage-kessenich.be\/index.php\/deutsch\/behandlungen\/fusreflexzonenmassage\/","title":{"rendered":"Fu\u00dfreflexzonenmassage="},"content":{"rendered":"<p>Fu\u00dfreflexzonenmassage ist eine einfache, kosteng\u00fcnstige und wirksame Methode zur Entspannung von K\u00f6rper und Geist. Sie basiert auf den Lehren der Fu\u00dfreflexzonenmassage und beinhaltet die Anwendung von Druck auf Schl\u00fcsselpunkte am Fu\u00df, um eine Wirkung zu erzielen. Ein qualifizierter Mediziner kann bestimmte Meridiane oder Energielinien an der Fu\u00dfsohle und an der Seite der F\u00fc\u00dfe belasten, um die Krankheit des K\u00f6rpers herauszufinden.<\/p>\n<p>&nbsp;<\/p>\n<p><img loading=\"lazy\" decoding=\"async\" class=\"alignnone size-medium wp-image-217\" src=\"https:\/\/thaimassage-kessenich.be\/wp-content\/uploads\/2023\/12\/S__3309639_0-283x300.jpg\" alt=\"\" width=\"283\" height=\"300\" srcset=\"https:\/\/thaimassage-kessenich.be\/wp-content\/uploads\/2023\/12\/S__3309639_0-283x300.jpg 283w, https:\/\/thaimassage-kessenich.be\/wp-content\/uploads\/2023\/12\/S__3309639_0.jpg 289w\" sizes=\"auto, (max-width: 283px) 100vw, 283px\" \/> <img loading=\"lazy\" decoding=\"async\" class=\"alignnone size-medium wp-image-955\" src=\"https:\/\/thaimassage-kessenich.be\/wp-content\/uploads\/2024\/01\/20151127-053431-Foot-Reflexology-map-300x300.jpg\" alt=\"\" width=\"300\" height=\"300\" srcset=\"https:\/\/thaimassage-kessenich.be\/wp-content\/uploads\/2024\/01\/20151127-053431-Foot-Reflexology-map-300x300.jpg 300w, https:\/\/thaimassage-kessenich.be\/wp-content\/uploads\/2024\/01\/20151127-053431-Foot-Reflexology-map-150x150.jpg 150w, https:\/\/thaimassage-kessenich.be\/wp-content\/uploads\/2024\/01\/20151127-053431-Foot-Reflexology-map-768x768.jpg 768w, https:\/\/thaimassage-kessenich.be\/wp-content\/uploads\/2024\/01\/20151127-053431-Foot-Reflexology-map.jpg 900w\" sizes=\"auto, (max-width: 300px) 100vw, 300px\" \/><\/p>\n<p><strong>Vorteile der Fu\u00dfmassage<\/strong><\/p>\n<ul>\n<li>Eine Fu\u00dfmassage kann helfen, \u00c4ngste abzubauen und eine tiefe Entspannung herbeizuf\u00fchren.<\/li>\n<li>Die Fu\u00dfmassage baut Stress ab und f\u00f6rdert den ungehinderten Blutfluss im ganzen K\u00f6rper.<\/li>\n<li>Eine entspannende Fu\u00dfmassage kann die Hom\u00f6ostase und das optimale Funktionieren der K\u00f6rpersysteme f\u00f6rdern.<\/li>\n<li>Die Fu\u00dfmassage beseitigt Blockaden, damit die Energie im ganzen K\u00f6rper richtig flie\u00dfen kann. Dies kann Ihnen mehr Energie und Vitalit\u00e4t f\u00fcr die Bew\u00e4ltigung der t\u00e4glichen Aufgaben geben.<\/li>\n<li>Die Fu\u00dfmassage heilt und entspannt unseren K\u00f6rper und Geist und sch\u00fctzt vor stressbedingten Beschwerden.<\/li>\n<\/ul>\n<p><img loading=\"lazy\" decoding=\"async\" class=\"alignnone size-medium wp-image-216\" src=\"https:\/\/thaimassage-kessenich.be\/wp-content\/uploads\/2023\/12\/S__3309638_0-300x195.jpg\" alt=\"\" width=\"300\" height=\"195\" srcset=\"https:\/\/thaimassage-kessenich.be\/wp-content\/uploads\/2023\/12\/S__3309638_0-300x195.jpg 300w, https:\/\/thaimassage-kessenich.be\/wp-content\/uploads\/2023\/12\/S__3309638_0.jpg 420w\" sizes=\"auto, (max-width: 300px) 100vw, 300px\" \/><\/p>\n<p><strong>Direkte Links zu den anderen Seiten der Behandlungen :<\/strong><\/p>\n<ul>\n<li><a href=\"https:\/\/thaimassage-kessenich.be\/index.php\/deutsch\/behandlungen\/aloe-vera-massage\/\">Aloe-Vera-Massage<\/a><\/li>\n<li><a href=\"https:\/\/thaimassage-kessenich.be\/index.php\/deutsch\/behandlungen\/aromatherapie-olmassage\/\">Aromatherapie-\u00d6l-Massage<\/a><\/li>\n<li><a href=\"https:\/\/thaimassage-kessenich.be\/index.php\/deutsch\/behandlungen\/kokosnussol-massage\/\">Kokosnuss-\u00d6l-Massage<\/a><\/li>\n<li><a href=\"https:\/\/thaimassage-kessenich.be\/index.php\/deutsch\/behandlungen\/heisol-massage\/\">Hei\u00dfe \u00d6lmassage<\/a><\/li>\n<li><a href=\"https:\/\/thaimassage-kessenich.be\/index.php\/deutsch\/behandlungen\/hot-stone-massage\/\">Hot-Stone-Massage<\/a><\/li>\n<li><a href=\"https:\/\/thaimassage-kessenich.be\/index.php\/deutsch\/behandlungen\/krauterstempel-massage\/\">Kr\u00e4uterstempel-Massage<\/a><\/li>\n<li><a href=\"https:\/\/thaimassage-kessenich.be\/index.php\/deutsch\/behandlungen\/ol-massage\/\">\u00d6l-Massage<\/a><\/li>\n<li><a href=\"https:\/\/thaimassage-kessenich.be\/index.php\/deutsch\/behandlungen\/fusreflexzonenmassage\/\">Fu\u00dfreflexzonenmassage<\/a><\/li>\n<li><a href=\"https:\/\/thaimassage-kessenich.be\/index.php\/deutsch\/behandlungen\/sport-massage\/\">Sportmassage<\/a><\/li>\n<li><a href=\"https:\/\/thaimassage-kessenich.be\/index.php\/deutsch\/behandlungen\/thai-krieger-massage\/\">Thai-Krieger-Massage<\/a><\/li>\n<li><a href=\"https:\/\/thaimassage-kessenich.be\/index.php\/deutsch\/behandlungen\/traditionelle-thai-massage\/\">Traditionelle Thai-Massage<\/a><\/li>\n<\/ul>\n","protected":false},"excerpt":{"rendered":"<p>Fu\u00dfreflexzonenmassage ist eine einfache, kosteng\u00fcnstige und wirksame Methode zur Entspannung von K\u00f6rper und Geist. Sie basiert auf den Lehren der Fu\u00dfreflexzonenmassage und beinhaltet die Anwendung von Druck auf Schl\u00fcsselpunkte am Fu\u00df, um eine Wirkung zu erzielen. Ein qualifizierter Mediziner kann bestimmte Meridiane oder Energielinien an der Fu\u00dfsohle und an der Seite der F\u00fc\u00dfe belasten, um [&hellip;]<\/p>\n","protected":false},"author":1,"featured_media":0,"parent":1324,"menu_order":0,"comment_status":"closed","ping_status":"closed","template":"","meta":{"_kadence_starter_templates_imported_post":false,"footnotes":""},"class_list":["post-1364","page","type-page","status-publish","hentry"],"yoast_head":"<!-- This site is optimized with the Yoast SEO plugin v27.4 - https:\/\/yoast.com\/product\/yoast-seo-wordpress\/ -->\n<title>Fu\u00dfreflexzonenmassage= - Thai Massage Kessenich - TMK<\/title>\n<meta name=\"robots\" content=\"index, follow, max-snippet:-1, max-image-preview:large, max-video-preview:-1\" \/>\n<link rel=\"canonical\" href=\"https:\/\/thaimassage-kessenich.be\/index.php\/deutsch\/behandlungen\/fusreflexzonenmassage\/\" \/>\n<meta property=\"og:locale\" content=\"en_US\" \/>\n<meta property=\"og:type\" content=\"article\" \/>\n<meta property=\"og:title\" content=\"Fu\u00dfreflexzonenmassage= - Thai Massage Kessenich - TMK\" \/>\n<meta property=\"og:description\" content=\"Fu\u00dfreflexzonenmassage ist eine einfache, kosteng\u00fcnstige und wirksame Methode zur Entspannung von K\u00f6rper und Geist. Sie basiert auf den Lehren der Fu\u00dfreflexzonenmassage und beinhaltet die Anwendung von Druck auf Schl\u00fcsselpunkte am Fu\u00df, um eine Wirkung zu erzielen. Ein qualifizierter Mediziner kann bestimmte Meridiane oder Energielinien an der Fu\u00dfsohle und an der Seite der F\u00fc\u00dfe belasten, um [&hellip;]\" \/>\n<meta property=\"og:url\" content=\"https:\/\/thaimassage-kessenich.be\/index.php\/deutsch\/behandlungen\/fusreflexzonenmassage\/\" \/>\n<meta property=\"og:site_name\" content=\"Thai Massage Kessenich - TMK\" \/>\n<meta property=\"article:modified_time\" content=\"2024-01-21T16:41:40+00:00\" \/>\n<meta property=\"og:image\" content=\"https:\/\/thaimassage-kessenich.be\/wp-content\/uploads\/2023\/12\/S__3309639_0-283x300.jpg\" \/>\n<meta name=\"twitter:card\" content=\"summary_large_image\" \/>\n<meta name=\"twitter:label1\" content=\"Est. reading time\" \/>\n\t<meta name=\"twitter:data1\" content=\"2 minutes\" \/>\n<script type=\"application\/ld+json\" class=\"yoast-schema-graph\">{\"@context\":\"https:\\\/\\\/schema.org\",\"@graph\":[{\"@type\":\"WebPage\",\"@id\":\"https:\\\/\\\/thaimassage-kessenich.be\\\/index.php\\\/deutsch\\\/behandlungen\\\/fusreflexzonenmassage\\\/\",\"url\":\"https:\\\/\\\/thaimassage-kessenich.be\\\/index.php\\\/deutsch\\\/behandlungen\\\/fusreflexzonenmassage\\\/\",\"name\":\"Fu\u00dfreflexzonenmassage= - Thai Massage Kessenich - TMK\",\"isPartOf\":{\"@id\":\"https:\\\/\\\/thaimassage-kessenich.be\\\/#website\"},\"primaryImageOfPage\":{\"@id\":\"https:\\\/\\\/thaimassage-kessenich.be\\\/index.php\\\/deutsch\\\/behandlungen\\\/fusreflexzonenmassage\\\/#primaryimage\"},\"image\":{\"@id\":\"https:\\\/\\\/thaimassage-kessenich.be\\\/index.php\\\/deutsch\\\/behandlungen\\\/fusreflexzonenmassage\\\/#primaryimage\"},\"thumbnailUrl\":\"https:\\\/\\\/thaimassage-kessenich.be\\\/wp-content\\\/uploads\\\/2023\\\/12\\\/S__3309639_0-283x300.jpg\",\"datePublished\":\"2024-01-19T20:15:00+00:00\",\"dateModified\":\"2024-01-21T16:41:40+00:00\",\"breadcrumb\":{\"@id\":\"https:\\\/\\\/thaimassage-kessenich.be\\\/index.php\\\/deutsch\\\/behandlungen\\\/fusreflexzonenmassage\\\/#breadcrumb\"},\"inLanguage\":\"en-US\",\"potentialAction\":[{\"@type\":\"ReadAction\",\"target\":[\"https:\\\/\\\/thaimassage-kessenich.be\\\/index.php\\\/deutsch\\\/behandlungen\\\/fusreflexzonenmassage\\\/\"]}]},{\"@type\":\"ImageObject\",\"inLanguage\":\"en-US\",\"@id\":\"https:\\\/\\\/thaimassage-kessenich.be\\\/index.php\\\/deutsch\\\/behandlungen\\\/fusreflexzonenmassage\\\/#primaryimage\",\"url\":\"https:\\\/\\\/thaimassage-kessenich.be\\\/wp-content\\\/uploads\\\/2023\\\/12\\\/S__3309639_0.jpg\",\"contentUrl\":\"https:\\\/\\\/thaimassage-kessenich.be\\\/wp-content\\\/uploads\\\/2023\\\/12\\\/S__3309639_0.jpg\",\"width\":289,\"height\":306},{\"@type\":\"BreadcrumbList\",\"@id\":\"https:\\\/\\\/thaimassage-kessenich.be\\\/index.php\\\/deutsch\\\/behandlungen\\\/fusreflexzonenmassage\\\/#breadcrumb\",\"itemListElement\":[{\"@type\":\"ListItem\",\"position\":1,\"name\":\"Home\",\"item\":\"https:\\\/\\\/thaimassage-kessenich.be\\\/\"},{\"@type\":\"ListItem\",\"position\":2,\"name\":\"DEUTSCH\",\"item\":\"https:\\\/\\\/thaimassage-kessenich.be\\\/index.php\\\/deutsch\\\/\"},{\"@type\":\"ListItem\",\"position\":3,\"name\":\"Behandlungen=\",\"item\":\"https:\\\/\\\/thaimassage-kessenich.be\\\/index.php\\\/deutsch\\\/behandlungen\\\/\"},{\"@type\":\"ListItem\",\"position\":4,\"name\":\"Fu\u00dfreflexzonenmassage=\"}]},{\"@type\":\"WebSite\",\"@id\":\"https:\\\/\\\/thaimassage-kessenich.be\\\/#website\",\"url\":\"https:\\\/\\\/thaimassage-kessenich.be\\\/\",\"name\":\"Thai Massage Kessenich - TMK\",\"description\":\"Ontspannende en helende massages\",\"publisher\":{\"@id\":\"https:\\\/\\\/thaimassage-kessenich.be\\\/#organization\"},\"potentialAction\":[{\"@type\":\"SearchAction\",\"target\":{\"@type\":\"EntryPoint\",\"urlTemplate\":\"https:\\\/\\\/thaimassage-kessenich.be\\\/?s={search_term_string}\"},\"query-input\":{\"@type\":\"PropertyValueSpecification\",\"valueRequired\":true,\"valueName\":\"search_term_string\"}}],\"inLanguage\":\"en-US\"},{\"@type\":\"Organization\",\"@id\":\"https:\\\/\\\/thaimassage-kessenich.be\\\/#organization\",\"name\":\"Thai Massage Kessenich - TMK\",\"url\":\"https:\\\/\\\/thaimassage-kessenich.be\\\/\",\"logo\":{\"@type\":\"ImageObject\",\"inLanguage\":\"en-US\",\"@id\":\"https:\\\/\\\/thaimassage-kessenich.be\\\/#\\\/schema\\\/logo\\\/image\\\/\",\"url\":\"https:\\\/\\\/thaimassage-kessenich.be\\\/wp-content\\\/uploads\\\/2024\\\/01\\\/2024-01-09-TMK-logo-final-zw-copy-512x512-1.png\",\"contentUrl\":\"https:\\\/\\\/thaimassage-kessenich.be\\\/wp-content\\\/uploads\\\/2024\\\/01\\\/2024-01-09-TMK-logo-final-zw-copy-512x512-1.png\",\"width\":512,\"height\":511,\"caption\":\"Thai Massage Kessenich - TMK\"},\"image\":{\"@id\":\"https:\\\/\\\/thaimassage-kessenich.be\\\/#\\\/schema\\\/logo\\\/image\\\/\"}}]}<\/script>\n<!-- \/ Yoast SEO plugin. -->","yoast_head_json":{"title":"Fu\u00dfreflexzonenmassage= - Thai Massage Kessenich - TMK","robots":{"index":"index","follow":"follow","max-snippet":"max-snippet:-1","max-image-preview":"max-image-preview:large","max-video-preview":"max-video-preview:-1"},"canonical":"https:\/\/thaimassage-kessenich.be\/index.php\/deutsch\/behandlungen\/fusreflexzonenmassage\/","og_locale":"en_US","og_type":"article","og_title":"Fu\u00dfreflexzonenmassage= - Thai Massage Kessenich - TMK","og_description":"Fu\u00dfreflexzonenmassage ist eine einfache, kosteng\u00fcnstige und wirksame Methode zur Entspannung von K\u00f6rper und Geist. Sie basiert auf den Lehren der Fu\u00dfreflexzonenmassage und beinhaltet die Anwendung von Druck auf Schl\u00fcsselpunkte am Fu\u00df, um eine Wirkung zu erzielen. Ein qualifizierter Mediziner kann bestimmte Meridiane oder Energielinien an der Fu\u00dfsohle und an der Seite der F\u00fc\u00dfe belasten, um [&hellip;]","og_url":"https:\/\/thaimassage-kessenich.be\/index.php\/deutsch\/behandlungen\/fusreflexzonenmassage\/","og_site_name":"Thai Massage Kessenich - TMK","article_modified_time":"2024-01-21T16:41:40+00:00","og_image":[{"url":"https:\/\/thaimassage-kessenich.be\/wp-content\/uploads\/2023\/12\/S__3309639_0-283x300.jpg","type":"","width":"","height":""}],"twitter_card":"summary_large_image","twitter_misc":{"Est. reading time":"2 minutes"},"schema":{"@context":"https:\/\/schema.org","@graph":[{"@type":"WebPage","@id":"https:\/\/thaimassage-kessenich.be\/index.php\/deutsch\/behandlungen\/fusreflexzonenmassage\/","url":"https:\/\/thaimassage-kessenich.be\/index.php\/deutsch\/behandlungen\/fusreflexzonenmassage\/","name":"Fu\u00dfreflexzonenmassage= - Thai Massage Kessenich - TMK","isPartOf":{"@id":"https:\/\/thaimassage-kessenich.be\/#website"},"primaryImageOfPage":{"@id":"https:\/\/thaimassage-kessenich.be\/index.php\/deutsch\/behandlungen\/fusreflexzonenmassage\/#primaryimage"},"image":{"@id":"https:\/\/thaimassage-kessenich.be\/index.php\/deutsch\/behandlungen\/fusreflexzonenmassage\/#primaryimage"},"thumbnailUrl":"https:\/\/thaimassage-kessenich.be\/wp-content\/uploads\/2023\/12\/S__3309639_0-283x300.jpg","datePublished":"2024-01-19T20:15:00+00:00","dateModified":"2024-01-21T16:41:40+00:00","breadcrumb":{"@id":"https:\/\/thaimassage-kessenich.be\/index.php\/deutsch\/behandlungen\/fusreflexzonenmassage\/#breadcrumb"},"inLanguage":"en-US","potentialAction":[{"@type":"ReadAction","target":["https:\/\/thaimassage-kessenich.be\/index.php\/deutsch\/behandlungen\/fusreflexzonenmassage\/"]}]},{"@type":"ImageObject","inLanguage":"en-US","@id":"https:\/\/thaimassage-kessenich.be\/index.php\/deutsch\/behandlungen\/fusreflexzonenmassage\/#primaryimage","url":"https:\/\/thaimassage-kessenich.be\/wp-content\/uploads\/2023\/12\/S__3309639_0.jpg","contentUrl":"https:\/\/thaimassage-kessenich.be\/wp-content\/uploads\/2023\/12\/S__3309639_0.jpg","width":289,"height":306},{"@type":"BreadcrumbList","@id":"https:\/\/thaimassage-kessenich.be\/index.php\/deutsch\/behandlungen\/fusreflexzonenmassage\/#breadcrumb","itemListElement":[{"@type":"ListItem","position":1,"name":"Home","item":"https:\/\/thaimassage-kessenich.be\/"},{"@type":"ListItem","position":2,"name":"DEUTSCH","item":"https:\/\/thaimassage-kessenich.be\/index.php\/deutsch\/"},{"@type":"ListItem","position":3,"name":"Behandlungen=","item":"https:\/\/thaimassage-kessenich.be\/index.php\/deutsch\/behandlungen\/"},{"@type":"ListItem","position":4,"name":"Fu\u00dfreflexzonenmassage="}]},{"@type":"WebSite","@id":"https:\/\/thaimassage-kessenich.be\/#website","url":"https:\/\/thaimassage-kessenich.be\/","name":"Thai Massage Kessenich - TMK","description":"Ontspannende en helende massages","publisher":{"@id":"https:\/\/thaimassage-kessenich.be\/#organization"},"potentialAction":[{"@type":"SearchAction","target":{"@type":"EntryPoint","urlTemplate":"https:\/\/thaimassage-kessenich.be\/?s={search_term_string}"},"query-input":{"@type":"PropertyValueSpecification","valueRequired":true,"valueName":"search_term_string"}}],"inLanguage":"en-US"},{"@type":"Organization","@id":"https:\/\/thaimassage-kessenich.be\/#organization","name":"Thai Massage Kessenich - TMK","url":"https:\/\/thaimassage-kessenich.be\/","logo":{"@type":"ImageObject","inLanguage":"en-US","@id":"https:\/\/thaimassage-kessenich.be\/#\/schema\/logo\/image\/","url":"https:\/\/thaimassage-kessenich.be\/wp-content\/uploads\/2024\/01\/2024-01-09-TMK-logo-final-zw-copy-512x512-1.png","contentUrl":"https:\/\/thaimassage-kessenich.be\/wp-content\/uploads\/2024\/01\/2024-01-09-TMK-logo-final-zw-copy-512x512-1.png","width":512,"height":511,"caption":"Thai Massage Kessenich - TMK"},"image":{"@id":"https:\/\/thaimassage-kessenich.be\/#\/schema\/logo\/image\/"}}]}},"_links":{"self":[{"href":"https:\/\/thaimassage-kessenich.be\/index.php\/wp-json\/wp\/v2\/pages\/1364","targetHints":{"allow":["GET"]}}],"collection":[{"href":"https:\/\/thaimassage-kessenich.be\/index.php\/wp-json\/wp\/v2\/pages"}],"about":[{"href":"https:\/\/thaimassage-kessenich.be\/index.php\/wp-json\/wp\/v2\/types\/page"}],"author":[{"embeddable":true,"href":"https:\/\/thaimassage-kessenich.be\/index.php\/wp-json\/wp\/v2\/users\/1"}],"replies":[{"embeddable":true,"href":"https:\/\/thaimassage-kessenich.be\/index.php\/wp-json\/wp\/v2\/comments?post=1364"}],"version-history":[{"count":3,"href":"https:\/\/thaimassage-kessenich.be\/index.php\/wp-json\/wp\/v2\/pages\/1364\/revisions"}],"predecessor-version":[{"id":1491,"href":"https:\/\/thaimassage-kessenich.be\/index.php\/wp-json\/wp\/v2\/pages\/1364\/revisions\/1491"}],"up":[{"embeddable":true,"href":"https:\/\/thaimassage-kessenich.be\/index.php\/wp-json\/wp\/v2\/pages\/1324"}],"wp:attachment":[{"href":"https:\/\/thaimassage-kessenich.be\/index.php\/wp-json\/wp\/v2\/media?parent=1364"}],"curies":[{"name":"wp","href":"https:\/\/api.w.org\/{rel}","templated":true}]}}