{"id":1368,"date":"2024-01-19T20:19:38","date_gmt":"2024-01-19T20:19:38","guid":{"rendered":"https:\/\/thaimassage-kessenich.be\/?page_id=1368"},"modified":"2024-01-21T16:41:11","modified_gmt":"2024-01-21T16:41:11","slug":"thai-krieger-massage","status":"publish","type":"page","link":"https:\/\/thaimassage-kessenich.be\/index.php\/deutsch\/behandlungen\/thai-krieger-massage\/","title":{"rendered":"Thai-Krieger-Massage="},"content":{"rendered":"<div id=\"metaslider-id-568\" style=\"max-width: 400px;\" class=\"ml-slider-3-107-0 metaslider metaslider-flex metaslider-568 ml-slider ms-theme-default nav-hidden\" role=\"region\" aria-label=\"Thai Warrior Massage\" data-height=\"400\" data-width=\"400\">\n    <div id=\"metaslider_container_568\">\n        <div id=\"metaslider_568\">\n            <ul class='slides'>\n                <li style=\"display: block; width: 100%;\" class=\"slide-569 ms-image \" aria-roledescription=\"slide\" data-date=\"2023-12-21 21:56:27\" data-filename=\"S__3301394.jpg\" data-slide-type=\"image\"><img loading=\"lazy\" decoding=\"async\" width=\"420\" height=\"232\" src=\"https:\/\/thaimassage-kessenich.be\/wp-content\/uploads\/2023\/12\/S__3301394.jpg\" class=\"slider-568 slide-569 msDefaultImage\" alt=\"\" rel=\"\" title=\"S__3301394\" style=\"margin-top: 22.380952380952%\" srcset=\"https:\/\/thaimassage-kessenich.be\/wp-content\/uploads\/2023\/12\/S__3301394.jpg 420w, https:\/\/thaimassage-kessenich.be\/wp-content\/uploads\/2023\/12\/S__3301394-300x166.jpg 300w\" sizes=\"auto, (max-width: 420px) 100vw, 420px\" \/><\/li>\n                <li style=\"display: none; width: 100%;\" class=\"slide-570 ms-image \" aria-roledescription=\"slide\" data-date=\"2023-12-21 21:56:39\" data-filename=\"S__3301393.jpg\" data-slide-type=\"image\"><img loading=\"lazy\" decoding=\"async\" width=\"420\" height=\"252\" src=\"https:\/\/thaimassage-kessenich.be\/wp-content\/uploads\/2023\/12\/S__3301393.jpg\" class=\"slider-568 slide-570 msDefaultImage\" alt=\"\" rel=\"\" title=\"S__3301393\" style=\"margin-top: 20%\" srcset=\"https:\/\/thaimassage-kessenich.be\/wp-content\/uploads\/2023\/12\/S__3301393.jpg 420w, https:\/\/thaimassage-kessenich.be\/wp-content\/uploads\/2023\/12\/S__3301393-300x180.jpg 300w\" sizes=\"auto, (max-width: 420px) 100vw, 420px\" \/><\/li>\n                <li style=\"display: none; width: 100%;\" class=\"slide-571 ms-image \" aria-roledescription=\"slide\" data-date=\"2023-12-21 21:56:47\" data-filename=\"S__3301392.jpg\" data-slide-type=\"image\"><img loading=\"lazy\" decoding=\"async\" width=\"420\" height=\"420\" src=\"https:\/\/thaimassage-kessenich.be\/wp-content\/uploads\/2023\/12\/S__3301392.jpg\" class=\"slider-568 slide-571 msDefaultImage\" alt=\"\" rel=\"\" title=\"S__3301392\" style=\"margin: 0 auto; width: 100%\" srcset=\"https:\/\/thaimassage-kessenich.be\/wp-content\/uploads\/2023\/12\/S__3301392.jpg 420w, https:\/\/thaimassage-kessenich.be\/wp-content\/uploads\/2023\/12\/S__3301392-300x300.jpg 300w, https:\/\/thaimassage-kessenich.be\/wp-content\/uploads\/2023\/12\/S__3301392-150x150.jpg 150w\" sizes=\"auto, (max-width: 420px) 100vw, 420px\" \/><\/li>\n                <li style=\"display: none; width: 100%;\" class=\"slide-572 ms-image \" aria-roledescription=\"slide\" data-date=\"2023-12-21 21:56:59\" data-filename=\"S__3301391.jpg\" data-slide-type=\"image\"><img loading=\"lazy\" decoding=\"async\" width=\"420\" height=\"280\" src=\"https:\/\/thaimassage-kessenich.be\/wp-content\/uploads\/2023\/12\/S__3301391.jpg\" class=\"slider-568 slide-572 msDefaultImage\" alt=\"\" rel=\"\" title=\"S__3301391\" style=\"margin-top: 16.666666666667%\" srcset=\"https:\/\/thaimassage-kessenich.be\/wp-content\/uploads\/2023\/12\/S__3301391.jpg 420w, https:\/\/thaimassage-kessenich.be\/wp-content\/uploads\/2023\/12\/S__3301391-300x200.jpg 300w\" sizes=\"auto, (max-width: 420px) 100vw, 420px\" \/><\/li>\n                <li style=\"display: none; width: 100%;\" class=\"slide-573 ms-image \" aria-roledescription=\"slide\" data-date=\"2023-12-21 21:57:11\" data-filename=\"S__3301389.jpg\" data-slide-type=\"image\"><img loading=\"lazy\" decoding=\"async\" width=\"420\" height=\"321\" src=\"https:\/\/thaimassage-kessenich.be\/wp-content\/uploads\/2023\/12\/S__3301389.jpg\" class=\"slider-568 slide-573 msDefaultImage\" alt=\"\" rel=\"\" title=\"S__3301389\" style=\"margin-top: 11.785714285714%\" srcset=\"https:\/\/thaimassage-kessenich.be\/wp-content\/uploads\/2023\/12\/S__3301389.jpg 420w, https:\/\/thaimassage-kessenich.be\/wp-content\/uploads\/2023\/12\/S__3301389-300x229.jpg 300w\" sizes=\"auto, (max-width: 420px) 100vw, 420px\" \/><\/li>\n                <li style=\"display: none; width: 100%;\" class=\"slide-574 ms-image \" aria-roledescription=\"slide\" data-date=\"2023-12-21 21:57:19\" data-filename=\"S__3301390.jpg\" data-slide-type=\"image\"><img loading=\"lazy\" decoding=\"async\" width=\"420\" height=\"281\" src=\"https:\/\/thaimassage-kessenich.be\/wp-content\/uploads\/2023\/12\/S__3301390.jpg\" class=\"slider-568 slide-574 msDefaultImage\" alt=\"\" rel=\"\" title=\"S__3301390\" style=\"margin-top: 16.547619047619%\" srcset=\"https:\/\/thaimassage-kessenich.be\/wp-content\/uploads\/2023\/12\/S__3301390.jpg 420w, https:\/\/thaimassage-kessenich.be\/wp-content\/uploads\/2023\/12\/S__3301390-300x201.jpg 300w\" sizes=\"auto, (max-width: 420px) 100vw, 420px\" \/><\/li>\n            <\/ul>\n        <\/div>\n        \n    <\/div>\n<\/div>\n<p>Die Thai-Krieger-Massage (<a href=\"https:\/\/thaiwarriormassage.info\">Thai Warrior Massage<\/a>) ist eine alte traditionelle thail\u00e4ndische Therapie.<\/p>\n<p>Vor dem 13. Jahrhundert wurde diese Massage verwendet, um verletzte Krieger zu heilen, die aus dem Krieg zur\u00fcckkehrten. Die Thai-Kriegermassage war offiziell verboten, weil die Regierung sie als primitiv ansah. Lehre und Praxis waren an \u00f6ffentlichen Orten verboten, wurden aber in der Mitte der Rattanakosin-Periode (K\u00f6nig Rama VI, 1880 -1925) im Zuge des Aufbaus einer modernen Nation von Siam in Thailand nach westlichem Vorbild weitergef\u00fchrt.<\/p>\n<p>W\u00e4hrend der Periode von K\u00f6nig Rama IX Bhumibol Adulyadej (1950 bis 2016) unterst\u00fctzte der K\u00f6nig alle ganzheitlichen traditionellen thail\u00e4ndischen Medizin- und Massageans\u00e4tze sehr.<br \/>\nIm Jahr 1999 wurden das thail\u00e4ndische Patentschutzgesetz und das Institut f\u00fcr traditionelle thail\u00e4ndische Medizin&#8221; mit dem neuen Ministerium f\u00fcr \u00f6ffentliche Gesundheit gegr\u00fcndet. In dieser Zeit erlebte die alte thail\u00e4ndische (siamesische) Kriegermassage eine Renaissance.<\/p>\n<p>Die moderne, einzigartige Thai-Krieger-Massage-Therapie aus Thailand ist eine Kombination aus traditioneller Massage und Ruesri Datton (Thai-Eremiten-\u00dcbung) oder auch als Yoga-Massage bekannt, die von Meister Jack Sharman oder Herrn Pathompon Aiyarattanaruk, Thailand, zusammengestellt wurde. Die Kombinationen aus rhythmischer Massage, Akupressur, sanften Drehungen und tiefen Dehnungen helfen, Verspannungen zu l\u00f6sen und f\u00f6rdern das Gleichgewicht der zirkulierenden Lebensenergie in Ihrem K\u00f6rper. Ja, diese Therapie f\u00fchrt zu einem au\u00dfergew\u00f6hnlichen Wohlbefinden und kommt sowohl den Empf\u00e4ngern als auch dem Therapeuten zugute.<\/p>\n<p><strong>Direkte Links zu den anderen Seiten der Behandlungen :<\/strong><\/p>\n<ul>\n<li><a href=\"https:\/\/thaimassage-kessenich.be\/index.php\/deutsch\/behandlungen\/aloe-vera-massage\/\">Aloe-Vera-Massage<\/a><\/li>\n<li><a href=\"https:\/\/thaimassage-kessenich.be\/index.php\/deutsch\/behandlungen\/aromatherapie-olmassage\/\">Aromatherapie-\u00d6l-Massage<\/a><\/li>\n<li><a href=\"https:\/\/thaimassage-kessenich.be\/index.php\/deutsch\/behandlungen\/kokosnussol-massage\/\">Kokosnuss-\u00d6l-Massage<\/a><\/li>\n<li><a href=\"https:\/\/thaimassage-kessenich.be\/index.php\/deutsch\/behandlungen\/heisol-massage\/\">Hei\u00dfe \u00d6lmassage<\/a><\/li>\n<li><a href=\"https:\/\/thaimassage-kessenich.be\/index.php\/deutsch\/behandlungen\/hot-stone-massage\/\">Hot-Stone-Massage<\/a><\/li>\n<li><a href=\"https:\/\/thaimassage-kessenich.be\/index.php\/deutsch\/behandlungen\/krauterstempel-massage\/\">Kr\u00e4uterstempel-Massage<\/a><\/li>\n<li><a href=\"https:\/\/thaimassage-kessenich.be\/index.php\/deutsch\/behandlungen\/ol-massage\/\">\u00d6l-Massage<\/a><\/li>\n<li><a href=\"https:\/\/thaimassage-kessenich.be\/index.php\/deutsch\/behandlungen\/fusreflexzonenmassage\/\">Fu\u00dfreflexzonenmassage<\/a><\/li>\n<li><a href=\"https:\/\/thaimassage-kessenich.be\/index.php\/deutsch\/behandlungen\/sport-massage\/\">Sportmassage<\/a><\/li>\n<li><a href=\"https:\/\/thaimassage-kessenich.be\/index.php\/deutsch\/behandlungen\/thai-krieger-massage\/\">Thai-Krieger-Massage<\/a><\/li>\n<li><a href=\"https:\/\/thaimassage-kessenich.be\/index.php\/deutsch\/behandlungen\/traditionelle-thai-massage\/\">Traditionelle Thai-Massage<\/a><\/li>\n<\/ul>\n","protected":false},"excerpt":{"rendered":"<p>Die Thai-Krieger-Massage (Thai Warrior Massage) ist eine alte traditionelle thail\u00e4ndische Therapie. Vor dem 13. Jahrhundert wurde diese Massage verwendet, um verletzte Krieger zu heilen, die aus dem Krieg zur\u00fcckkehrten. Die Thai-Kriegermassage war offiziell verboten, weil die Regierung sie als primitiv ansah. Lehre und Praxis waren an \u00f6ffentlichen Orten verboten, wurden aber in der Mitte der [&hellip;]<\/p>\n","protected":false},"author":1,"featured_media":0,"parent":1324,"menu_order":0,"comment_status":"closed","ping_status":"closed","template":"","meta":{"_kadence_starter_templates_imported_post":false,"footnotes":""},"class_list":["post-1368","page","type-page","status-publish","hentry"],"yoast_head":"<!-- This site is optimized with the Yoast SEO plugin v27.2 - https:\/\/yoast.com\/product\/yoast-seo-wordpress\/ -->\n<title>Thai-Krieger-Massage= - Thai Massage Kessenich - TMK<\/title>\n<meta name=\"robots\" content=\"index, follow, max-snippet:-1, max-image-preview:large, max-video-preview:-1\" \/>\n<link rel=\"canonical\" href=\"https:\/\/thaimassage-kessenich.be\/index.php\/deutsch\/behandlungen\/thai-krieger-massage\/\" \/>\n<meta property=\"og:locale\" content=\"en_US\" \/>\n<meta property=\"og:type\" content=\"article\" \/>\n<meta property=\"og:title\" content=\"Thai-Krieger-Massage= - Thai Massage Kessenich - TMK\" \/>\n<meta property=\"og:description\" content=\"Die Thai-Krieger-Massage (Thai Warrior Massage) ist eine alte traditionelle thail\u00e4ndische Therapie. Vor dem 13. Jahrhundert wurde diese Massage verwendet, um verletzte Krieger zu heilen, die aus dem Krieg zur\u00fcckkehrten. Die Thai-Kriegermassage war offiziell verboten, weil die Regierung sie als primitiv ansah. Lehre und Praxis waren an \u00f6ffentlichen Orten verboten, wurden aber in der Mitte der [&hellip;]\" \/>\n<meta property=\"og:url\" content=\"https:\/\/thaimassage-kessenich.be\/index.php\/deutsch\/behandlungen\/thai-krieger-massage\/\" \/>\n<meta property=\"og:site_name\" content=\"Thai Massage Kessenich - TMK\" \/>\n<meta property=\"article:modified_time\" content=\"2024-01-21T16:41:11+00:00\" \/>\n<meta name=\"twitter:card\" content=\"summary_large_image\" \/>\n<meta name=\"twitter:label1\" content=\"Est. reading time\" \/>\n\t<meta name=\"twitter:data1\" content=\"2 minutes\" \/>\n<script type=\"application\/ld+json\" class=\"yoast-schema-graph\">{\"@context\":\"https:\/\/schema.org\",\"@graph\":[{\"@type\":\"WebPage\",\"@id\":\"https:\/\/thaimassage-kessenich.be\/index.php\/deutsch\/behandlungen\/thai-krieger-massage\/\",\"url\":\"https:\/\/thaimassage-kessenich.be\/index.php\/deutsch\/behandlungen\/thai-krieger-massage\/\",\"name\":\"Thai-Krieger-Massage= - Thai Massage Kessenich - TMK\",\"isPartOf\":{\"@id\":\"https:\/\/thaimassage-kessenich.be\/#website\"},\"datePublished\":\"2024-01-19T20:19:38+00:00\",\"dateModified\":\"2024-01-21T16:41:11+00:00\",\"breadcrumb\":{\"@id\":\"https:\/\/thaimassage-kessenich.be\/index.php\/deutsch\/behandlungen\/thai-krieger-massage\/#breadcrumb\"},\"inLanguage\":\"en-US\",\"potentialAction\":[{\"@type\":\"ReadAction\",\"target\":[\"https:\/\/thaimassage-kessenich.be\/index.php\/deutsch\/behandlungen\/thai-krieger-massage\/\"]}]},{\"@type\":\"BreadcrumbList\",\"@id\":\"https:\/\/thaimassage-kessenich.be\/index.php\/deutsch\/behandlungen\/thai-krieger-massage\/#breadcrumb\",\"itemListElement\":[{\"@type\":\"ListItem\",\"position\":1,\"name\":\"Home\",\"item\":\"https:\/\/thaimassage-kessenich.be\/\"},{\"@type\":\"ListItem\",\"position\":2,\"name\":\"DEUTSCH\",\"item\":\"https:\/\/thaimassage-kessenich.be\/index.php\/deutsch\/\"},{\"@type\":\"ListItem\",\"position\":3,\"name\":\"Behandlungen=\",\"item\":\"https:\/\/thaimassage-kessenich.be\/index.php\/deutsch\/behandlungen\/\"},{\"@type\":\"ListItem\",\"position\":4,\"name\":\"Thai-Krieger-Massage=\"}]},{\"@type\":\"WebSite\",\"@id\":\"https:\/\/thaimassage-kessenich.be\/#website\",\"url\":\"https:\/\/thaimassage-kessenich.be\/\",\"name\":\"Thai Massage Kessenich - TMK\",\"description\":\"Ontspannende en helende massages\",\"publisher\":{\"@id\":\"https:\/\/thaimassage-kessenich.be\/#organization\"},\"potentialAction\":[{\"@type\":\"SearchAction\",\"target\":{\"@type\":\"EntryPoint\",\"urlTemplate\":\"https:\/\/thaimassage-kessenich.be\/?s={search_term_string}\"},\"query-input\":{\"@type\":\"PropertyValueSpecification\",\"valueRequired\":true,\"valueName\":\"search_term_string\"}}],\"inLanguage\":\"en-US\"},{\"@type\":\"Organization\",\"@id\":\"https:\/\/thaimassage-kessenich.be\/#organization\",\"name\":\"Thai Massage Kessenich - TMK\",\"url\":\"https:\/\/thaimassage-kessenich.be\/\",\"logo\":{\"@type\":\"ImageObject\",\"inLanguage\":\"en-US\",\"@id\":\"https:\/\/thaimassage-kessenich.be\/#\/schema\/logo\/image\/\",\"url\":\"https:\/\/thaimassage-kessenich.be\/wp-content\/uploads\/2024\/01\/2024-01-09-TMK-logo-final-zw-copy-512x512-1.png\",\"contentUrl\":\"https:\/\/thaimassage-kessenich.be\/wp-content\/uploads\/2024\/01\/2024-01-09-TMK-logo-final-zw-copy-512x512-1.png\",\"width\":512,\"height\":511,\"caption\":\"Thai Massage Kessenich - TMK\"},\"image\":{\"@id\":\"https:\/\/thaimassage-kessenich.be\/#\/schema\/logo\/image\/\"}}]}<\/script>\n<!-- \/ Yoast SEO plugin. -->","yoast_head_json":{"title":"Thai-Krieger-Massage= - Thai Massage Kessenich - TMK","robots":{"index":"index","follow":"follow","max-snippet":"max-snippet:-1","max-image-preview":"max-image-preview:large","max-video-preview":"max-video-preview:-1"},"canonical":"https:\/\/thaimassage-kessenich.be\/index.php\/deutsch\/behandlungen\/thai-krieger-massage\/","og_locale":"en_US","og_type":"article","og_title":"Thai-Krieger-Massage= - Thai Massage Kessenich - TMK","og_description":"Die Thai-Krieger-Massage (Thai Warrior Massage) ist eine alte traditionelle thail\u00e4ndische Therapie. Vor dem 13. Jahrhundert wurde diese Massage verwendet, um verletzte Krieger zu heilen, die aus dem Krieg zur\u00fcckkehrten. Die Thai-Kriegermassage war offiziell verboten, weil die Regierung sie als primitiv ansah. Lehre und Praxis waren an \u00f6ffentlichen Orten verboten, wurden aber in der Mitte der [&hellip;]","og_url":"https:\/\/thaimassage-kessenich.be\/index.php\/deutsch\/behandlungen\/thai-krieger-massage\/","og_site_name":"Thai Massage Kessenich - TMK","article_modified_time":"2024-01-21T16:41:11+00:00","twitter_card":"summary_large_image","twitter_misc":{"Est. reading time":"2 minutes"},"schema":{"@context":"https:\/\/schema.org","@graph":[{"@type":"WebPage","@id":"https:\/\/thaimassage-kessenich.be\/index.php\/deutsch\/behandlungen\/thai-krieger-massage\/","url":"https:\/\/thaimassage-kessenich.be\/index.php\/deutsch\/behandlungen\/thai-krieger-massage\/","name":"Thai-Krieger-Massage= - Thai Massage Kessenich - TMK","isPartOf":{"@id":"https:\/\/thaimassage-kessenich.be\/#website"},"datePublished":"2024-01-19T20:19:38+00:00","dateModified":"2024-01-21T16:41:11+00:00","breadcrumb":{"@id":"https:\/\/thaimassage-kessenich.be\/index.php\/deutsch\/behandlungen\/thai-krieger-massage\/#breadcrumb"},"inLanguage":"en-US","potentialAction":[{"@type":"ReadAction","target":["https:\/\/thaimassage-kessenich.be\/index.php\/deutsch\/behandlungen\/thai-krieger-massage\/"]}]},{"@type":"BreadcrumbList","@id":"https:\/\/thaimassage-kessenich.be\/index.php\/deutsch\/behandlungen\/thai-krieger-massage\/#breadcrumb","itemListElement":[{"@type":"ListItem","position":1,"name":"Home","item":"https:\/\/thaimassage-kessenich.be\/"},{"@type":"ListItem","position":2,"name":"DEUTSCH","item":"https:\/\/thaimassage-kessenich.be\/index.php\/deutsch\/"},{"@type":"ListItem","position":3,"name":"Behandlungen=","item":"https:\/\/thaimassage-kessenich.be\/index.php\/deutsch\/behandlungen\/"},{"@type":"ListItem","position":4,"name":"Thai-Krieger-Massage="}]},{"@type":"WebSite","@id":"https:\/\/thaimassage-kessenich.be\/#website","url":"https:\/\/thaimassage-kessenich.be\/","name":"Thai Massage Kessenich - TMK","description":"Ontspannende en helende massages","publisher":{"@id":"https:\/\/thaimassage-kessenich.be\/#organization"},"potentialAction":[{"@type":"SearchAction","target":{"@type":"EntryPoint","urlTemplate":"https:\/\/thaimassage-kessenich.be\/?s={search_term_string}"},"query-input":{"@type":"PropertyValueSpecification","valueRequired":true,"valueName":"search_term_string"}}],"inLanguage":"en-US"},{"@type":"Organization","@id":"https:\/\/thaimassage-kessenich.be\/#organization","name":"Thai Massage Kessenich - TMK","url":"https:\/\/thaimassage-kessenich.be\/","logo":{"@type":"ImageObject","inLanguage":"en-US","@id":"https:\/\/thaimassage-kessenich.be\/#\/schema\/logo\/image\/","url":"https:\/\/thaimassage-kessenich.be\/wp-content\/uploads\/2024\/01\/2024-01-09-TMK-logo-final-zw-copy-512x512-1.png","contentUrl":"https:\/\/thaimassage-kessenich.be\/wp-content\/uploads\/2024\/01\/2024-01-09-TMK-logo-final-zw-copy-512x512-1.png","width":512,"height":511,"caption":"Thai Massage Kessenich - TMK"},"image":{"@id":"https:\/\/thaimassage-kessenich.be\/#\/schema\/logo\/image\/"}}]}},"_links":{"self":[{"href":"https:\/\/thaimassage-kessenich.be\/index.php\/wp-json\/wp\/v2\/pages\/1368","targetHints":{"allow":["GET"]}}],"collection":[{"href":"https:\/\/thaimassage-kessenich.be\/index.php\/wp-json\/wp\/v2\/pages"}],"about":[{"href":"https:\/\/thaimassage-kessenich.be\/index.php\/wp-json\/wp\/v2\/types\/page"}],"author":[{"embeddable":true,"href":"https:\/\/thaimassage-kessenich.be\/index.php\/wp-json\/wp\/v2\/users\/1"}],"replies":[{"embeddable":true,"href":"https:\/\/thaimassage-kessenich.be\/index.php\/wp-json\/wp\/v2\/comments?post=1368"}],"version-history":[{"count":3,"href":"https:\/\/thaimassage-kessenich.be\/index.php\/wp-json\/wp\/v2\/pages\/1368\/revisions"}],"predecessor-version":[{"id":1489,"href":"https:\/\/thaimassage-kessenich.be\/index.php\/wp-json\/wp\/v2\/pages\/1368\/revisions\/1489"}],"up":[{"embeddable":true,"href":"https:\/\/thaimassage-kessenich.be\/index.php\/wp-json\/wp\/v2\/pages\/1324"}],"wp:attachment":[{"href":"https:\/\/thaimassage-kessenich.be\/index.php\/wp-json\/wp\/v2\/media?parent=1368"}],"curies":[{"name":"wp","href":"https:\/\/api.w.org\/{rel}","templated":true}]}}