{"id":294,"date":"2023-12-16T15:43:24","date_gmt":"2023-12-16T15:43:24","guid":{"rendered":"https:\/\/thaimassage-kessenich.be\/?page_id=294"},"modified":"2024-01-21T15:31:32","modified_gmt":"2024-01-21T15:31:32","slug":"aromatherapie-massage","status":"publish","type":"page","link":"https:\/\/thaimassage-kessenich.be\/index.php\/menu\/aromatherapie-massage\/","title":{"rendered":"Aromatherapie Massage"},"content":{"rendered":"<p>Aromatherapie massage is een massagetherapie maar dan met sterk geconcentreerde plantaardige oli\u00ebn, essenti\u00eble oli\u00ebn genoemd, toegevoegd aan de massageolie of -lotion. Je kunt kiezen uit een aantal verschillende geuren (zoals vanille, roos, &#8230;).<\/p>\n<p><img loading=\"lazy\" decoding=\"async\" class=\"size-medium wp-image-222 aligncenter\" src=\"https:\/\/thaimassage-kessenich.be\/wp-content\/uploads\/2023\/12\/S__3309666-300x184.jpg\" alt=\"\" width=\"300\" height=\"184\" srcset=\"https:\/\/thaimassage-kessenich.be\/wp-content\/uploads\/2023\/12\/S__3309666-300x184.jpg 300w, https:\/\/thaimassage-kessenich.be\/wp-content\/uploads\/2023\/12\/S__3309666.jpg 420w\" sizes=\"auto, (max-width: 300px) 100vw, 300px\" \/><\/p>\n<ul>\n<li>Aromatherapiemassage is bijzonder geschikt voor aandoeningen waarbij stress een rol speelt of voor het verbeteren van emotioneel gerelateerde omstandigheden.<\/li>\n<li>Stress en stressgerelateerde aandoeningen zoals slapeloosheid<\/li>\n<li>Hoofdpijn<\/li>\n<li>Spijsverteringsstoornissen<\/li>\n<li>Premenstrueel syndroom (<a href=\"https:\/\/www.degynaecoloog.nl\/onderwerpen\/premenstrueel-syndroom-pms\/\">PMS<\/a>)<\/li>\n<li>Rugpijn<\/li>\n<\/ul>\n<p>&nbsp;<\/p>\n<p><strong>Directe links naar de andere pagina&#8217;s in het menu :<\/strong><\/p>\n<ul>\n<li><a href=\"https:\/\/thaimassage-kessenich.be\/index.php\/menu\/aromatherapie-massage\/\">Aromatherapie-massage<\/a><\/li>\n<li><a href=\"https:\/\/thaimassage-kessenich.be\/index.php\/menu\/aloe-vera-massage\/\">Aloe-vera massage<\/a><\/li>\n<li><a href=\"https:\/\/thaimassage-kessenich.be\/index.php\/menu\/hete-olie-massage-hot-oil-massage\/\">Hete olie massage \/ Hot Oil Massage<\/a><\/li>\n<li><a href=\"https:\/\/thaimassage-kessenich.be\/index.php\/menu\/hot-stone-massage-hete-stenen-massage\/\">Hete stenen massage \/ Hot Stone Massage<\/a><\/li>\n<li><a href=\"https:\/\/thaimassage-kessenich.be\/index.php\/menu\/thai-herbal-massage-kruidenstempel-massage\/\">Kruidenstempelmassage \/ Herbal Stamps Massage<\/a><\/li>\n<li><a href=\"https:\/\/thaimassage-kessenich.be\/index.php\/menu\/olie-massage\/\">Olie-massage \/ Oil Massage<\/a><\/li>\n<li><a href=\"https:\/\/thaimassage-kessenich.be\/index.php\/menu\/reflexzonen-voetmassage\/\">Reflexzonen voetmassage \/ Reflexology Foot Massage<\/a><\/li>\n<li><a href=\"https:\/\/thaimassage-kessenich.be\/index.php\/menu\/sports-massage\/\">Sportmassage \/ Sports Massage<\/a><\/li>\n<li><a href=\"https:\/\/thaimassage-kessenich.be\/index.php\/menu\/thai-warrior-massage\/\">Thaise krijgersmassage \/ Thai Warrior Massage<\/a><\/li>\n<li><a href=\"https:\/\/thaimassage-kessenich.be\/index.php\/menu\/thai-massage\/\">Traditionele Thaise massage \/ Traditional Thai Massage<\/a><\/li>\n<\/ul>\n<p>&nbsp;<\/p>\n","protected":false},"excerpt":{"rendered":"<p>Aromatherapie massage is een massagetherapie maar dan met sterk geconcentreerde plantaardige oli\u00ebn, essenti\u00eble oli\u00ebn genoemd, toegevoegd aan de massageolie of -lotion. Je kunt kiezen uit een aantal verschillende geuren (zoals vanille, roos, &#8230;). Aromatherapiemassage is bijzonder geschikt voor aandoeningen waarbij stress een rol speelt of voor het verbeteren van emotioneel gerelateerde omstandigheden. Stress en stressgerelateerde [&hellip;]<\/p>\n","protected":false},"author":1,"featured_media":0,"parent":743,"menu_order":0,"comment_status":"closed","ping_status":"closed","template":"","meta":{"_kadence_starter_templates_imported_post":false,"footnotes":""},"class_list":["post-294","page","type-page","status-publish","hentry"],"yoast_head":"<!-- This site is optimized with the Yoast SEO plugin v27.2 - https:\/\/yoast.com\/product\/yoast-seo-wordpress\/ -->\n<title>Aromatherapie Massage - Thai Massage Kessenich - TMK<\/title>\n<meta name=\"description\" content=\"aromatherapy\" \/>\n<meta name=\"robots\" content=\"index, follow, max-snippet:-1, max-image-preview:large, max-video-preview:-1\" \/>\n<link rel=\"canonical\" href=\"https:\/\/thaimassage-kessenich.be\/index.php\/menu\/aromatherapie-massage\/\" \/>\n<meta property=\"og:locale\" content=\"en_US\" \/>\n<meta property=\"og:type\" content=\"article\" \/>\n<meta property=\"og:title\" content=\"Aromatherapie Massage - Thai Massage Kessenich - TMK\" \/>\n<meta property=\"og:description\" content=\"aromatherapy\" \/>\n<meta property=\"og:url\" content=\"https:\/\/thaimassage-kessenich.be\/index.php\/menu\/aromatherapie-massage\/\" \/>\n<meta property=\"og:site_name\" content=\"Thai Massage Kessenich - TMK\" \/>\n<meta property=\"article:modified_time\" content=\"2024-01-21T15:31:32+00:00\" \/>\n<meta property=\"og:image\" content=\"https:\/\/thaimassage-kessenich.be\/wp-content\/uploads\/2023\/12\/S__3309666-300x184.jpg\" \/>\n<meta name=\"twitter:card\" content=\"summary_large_image\" \/>\n<meta name=\"twitter:label1\" content=\"Est. reading time\" \/>\n\t<meta name=\"twitter:data1\" content=\"1 minute\" \/>\n<script type=\"application\/ld+json\" class=\"yoast-schema-graph\">{\"@context\":\"https:\/\/schema.org\",\"@graph\":[{\"@type\":\"TechArticle\",\"@id\":\"https:\/\/thaimassage-kessenich.be\/index.php\/menu\/aromatherapie-massage\/#article\",\"isPartOf\":{\"@id\":\"https:\/\/thaimassage-kessenich.be\/index.php\/menu\/aromatherapie-massage\/\"},\"author\":{\"name\":\"admin\",\"@id\":\"https:\/\/thaimassage-kessenich.be\/#\/schema\/person\/e3c38fff35bab0b4137fae0c0b1f468e\"},\"headline\":\"Aromatherapie Massage\",\"datePublished\":\"2023-12-16T15:43:24+00:00\",\"dateModified\":\"2024-01-21T15:31:32+00:00\",\"mainEntityOfPage\":{\"@id\":\"https:\/\/thaimassage-kessenich.be\/index.php\/menu\/aromatherapie-massage\/\"},\"wordCount\":121,\"publisher\":{\"@id\":\"https:\/\/thaimassage-kessenich.be\/#organization\"},\"image\":{\"@id\":\"https:\/\/thaimassage-kessenich.be\/index.php\/menu\/aromatherapie-massage\/#primaryimage\"},\"thumbnailUrl\":\"https:\/\/thaimassage-kessenich.be\/wp-content\/uploads\/2023\/12\/S__3309666-300x184.jpg\",\"inLanguage\":\"en-US\"},{\"@type\":[\"WebPage\",\"ItemPage\"],\"@id\":\"https:\/\/thaimassage-kessenich.be\/index.php\/menu\/aromatherapie-massage\/\",\"url\":\"https:\/\/thaimassage-kessenich.be\/index.php\/menu\/aromatherapie-massage\/\",\"name\":\"Aromatherapie Massage - Thai Massage Kessenich - TMK\",\"isPartOf\":{\"@id\":\"https:\/\/thaimassage-kessenich.be\/#website\"},\"primaryImageOfPage\":{\"@id\":\"https:\/\/thaimassage-kessenich.be\/index.php\/menu\/aromatherapie-massage\/#primaryimage\"},\"image\":{\"@id\":\"https:\/\/thaimassage-kessenich.be\/index.php\/menu\/aromatherapie-massage\/#primaryimage\"},\"thumbnailUrl\":\"https:\/\/thaimassage-kessenich.be\/wp-content\/uploads\/2023\/12\/S__3309666-300x184.jpg\",\"datePublished\":\"2023-12-16T15:43:24+00:00\",\"dateModified\":\"2024-01-21T15:31:32+00:00\",\"description\":\"aromatherapy\",\"breadcrumb\":{\"@id\":\"https:\/\/thaimassage-kessenich.be\/index.php\/menu\/aromatherapie-massage\/#breadcrumb\"},\"inLanguage\":\"en-US\",\"potentialAction\":[{\"@type\":\"ReadAction\",\"target\":[\"https:\/\/thaimassage-kessenich.be\/index.php\/menu\/aromatherapie-massage\/\"]}]},{\"@type\":\"ImageObject\",\"inLanguage\":\"en-US\",\"@id\":\"https:\/\/thaimassage-kessenich.be\/index.php\/menu\/aromatherapie-massage\/#primaryimage\",\"url\":\"https:\/\/thaimassage-kessenich.be\/wp-content\/uploads\/2023\/12\/S__3309666.jpg\",\"contentUrl\":\"https:\/\/thaimassage-kessenich.be\/wp-content\/uploads\/2023\/12\/S__3309666.jpg\",\"width\":420,\"height\":258},{\"@type\":\"BreadcrumbList\",\"@id\":\"https:\/\/thaimassage-kessenich.be\/index.php\/menu\/aromatherapie-massage\/#breadcrumb\",\"itemListElement\":[{\"@type\":\"ListItem\",\"position\":1,\"name\":\"Home\",\"item\":\"https:\/\/thaimassage-kessenich.be\/\"},{\"@type\":\"ListItem\",\"position\":2,\"name\":\"Menu\",\"item\":\"https:\/\/thaimassage-kessenich.be\/index.php\/menu\/\"},{\"@type\":\"ListItem\",\"position\":3,\"name\":\"Aromatherapie Massage\"}]},{\"@type\":\"WebSite\",\"@id\":\"https:\/\/thaimassage-kessenich.be\/#website\",\"url\":\"https:\/\/thaimassage-kessenich.be\/\",\"name\":\"Thai Massage Kessenich - TMK\",\"description\":\"Ontspannende en helende massages\",\"publisher\":{\"@id\":\"https:\/\/thaimassage-kessenich.be\/#organization\"},\"potentialAction\":[{\"@type\":\"SearchAction\",\"target\":{\"@type\":\"EntryPoint\",\"urlTemplate\":\"https:\/\/thaimassage-kessenich.be\/?s={search_term_string}\"},\"query-input\":{\"@type\":\"PropertyValueSpecification\",\"valueRequired\":true,\"valueName\":\"search_term_string\"}}],\"inLanguage\":\"en-US\"},{\"@type\":\"Organization\",\"@id\":\"https:\/\/thaimassage-kessenich.be\/#organization\",\"name\":\"Thai Massage Kessenich - TMK\",\"url\":\"https:\/\/thaimassage-kessenich.be\/\",\"logo\":{\"@type\":\"ImageObject\",\"inLanguage\":\"en-US\",\"@id\":\"https:\/\/thaimassage-kessenich.be\/#\/schema\/logo\/image\/\",\"url\":\"https:\/\/thaimassage-kessenich.be\/wp-content\/uploads\/2024\/01\/2024-01-09-TMK-logo-final-zw-copy-512x512-1.png\",\"contentUrl\":\"https:\/\/thaimassage-kessenich.be\/wp-content\/uploads\/2024\/01\/2024-01-09-TMK-logo-final-zw-copy-512x512-1.png\",\"width\":512,\"height\":511,\"caption\":\"Thai Massage Kessenich - TMK\"},\"image\":{\"@id\":\"https:\/\/thaimassage-kessenich.be\/#\/schema\/logo\/image\/\"}},{\"@type\":\"Person\",\"@id\":\"https:\/\/thaimassage-kessenich.be\/#\/schema\/person\/e3c38fff35bab0b4137fae0c0b1f468e\",\"name\":\"admin\",\"image\":{\"@type\":\"ImageObject\",\"inLanguage\":\"en-US\",\"@id\":\"https:\/\/secure.gravatar.com\/avatar\/58e8f26bb32b8176d477f34ebfaa1fa9883fa8cb9c6bfe38399a7afd611b743a?s=96&d=mm&r=g\",\"url\":\"https:\/\/secure.gravatar.com\/avatar\/58e8f26bb32b8176d477f34ebfaa1fa9883fa8cb9c6bfe38399a7afd611b743a?s=96&d=mm&r=g\",\"contentUrl\":\"https:\/\/secure.gravatar.com\/avatar\/58e8f26bb32b8176d477f34ebfaa1fa9883fa8cb9c6bfe38399a7afd611b743a?s=96&d=mm&r=g\",\"caption\":\"admin\"},\"sameAs\":[\"https:\/\/thaimassage-kessenich.be\"],\"url\":\"https:\/\/thaimassage-kessenich.be\/index.php\/author\/b2bd1a492886642e\/\"}]}<\/script>\n<!-- \/ Yoast SEO plugin. -->","yoast_head_json":{"title":"Aromatherapie Massage - Thai Massage Kessenich - TMK","description":"aromatherapy","robots":{"index":"index","follow":"follow","max-snippet":"max-snippet:-1","max-image-preview":"max-image-preview:large","max-video-preview":"max-video-preview:-1"},"canonical":"https:\/\/thaimassage-kessenich.be\/index.php\/menu\/aromatherapie-massage\/","og_locale":"en_US","og_type":"article","og_title":"Aromatherapie Massage - Thai Massage Kessenich - TMK","og_description":"aromatherapy","og_url":"https:\/\/thaimassage-kessenich.be\/index.php\/menu\/aromatherapie-massage\/","og_site_name":"Thai Massage Kessenich - TMK","article_modified_time":"2024-01-21T15:31:32+00:00","og_image":[{"url":"https:\/\/thaimassage-kessenich.be\/wp-content\/uploads\/2023\/12\/S__3309666-300x184.jpg","type":"","width":"","height":""}],"twitter_card":"summary_large_image","twitter_misc":{"Est. reading time":"1 minute"},"schema":{"@context":"https:\/\/schema.org","@graph":[{"@type":"TechArticle","@id":"https:\/\/thaimassage-kessenich.be\/index.php\/menu\/aromatherapie-massage\/#article","isPartOf":{"@id":"https:\/\/thaimassage-kessenich.be\/index.php\/menu\/aromatherapie-massage\/"},"author":{"name":"admin","@id":"https:\/\/thaimassage-kessenich.be\/#\/schema\/person\/e3c38fff35bab0b4137fae0c0b1f468e"},"headline":"Aromatherapie Massage","datePublished":"2023-12-16T15:43:24+00:00","dateModified":"2024-01-21T15:31:32+00:00","mainEntityOfPage":{"@id":"https:\/\/thaimassage-kessenich.be\/index.php\/menu\/aromatherapie-massage\/"},"wordCount":121,"publisher":{"@id":"https:\/\/thaimassage-kessenich.be\/#organization"},"image":{"@id":"https:\/\/thaimassage-kessenich.be\/index.php\/menu\/aromatherapie-massage\/#primaryimage"},"thumbnailUrl":"https:\/\/thaimassage-kessenich.be\/wp-content\/uploads\/2023\/12\/S__3309666-300x184.jpg","inLanguage":"en-US"},{"@type":["WebPage","ItemPage"],"@id":"https:\/\/thaimassage-kessenich.be\/index.php\/menu\/aromatherapie-massage\/","url":"https:\/\/thaimassage-kessenich.be\/index.php\/menu\/aromatherapie-massage\/","name":"Aromatherapie Massage - Thai Massage Kessenich - TMK","isPartOf":{"@id":"https:\/\/thaimassage-kessenich.be\/#website"},"primaryImageOfPage":{"@id":"https:\/\/thaimassage-kessenich.be\/index.php\/menu\/aromatherapie-massage\/#primaryimage"},"image":{"@id":"https:\/\/thaimassage-kessenich.be\/index.php\/menu\/aromatherapie-massage\/#primaryimage"},"thumbnailUrl":"https:\/\/thaimassage-kessenich.be\/wp-content\/uploads\/2023\/12\/S__3309666-300x184.jpg","datePublished":"2023-12-16T15:43:24+00:00","dateModified":"2024-01-21T15:31:32+00:00","description":"aromatherapy","breadcrumb":{"@id":"https:\/\/thaimassage-kessenich.be\/index.php\/menu\/aromatherapie-massage\/#breadcrumb"},"inLanguage":"en-US","potentialAction":[{"@type":"ReadAction","target":["https:\/\/thaimassage-kessenich.be\/index.php\/menu\/aromatherapie-massage\/"]}]},{"@type":"ImageObject","inLanguage":"en-US","@id":"https:\/\/thaimassage-kessenich.be\/index.php\/menu\/aromatherapie-massage\/#primaryimage","url":"https:\/\/thaimassage-kessenich.be\/wp-content\/uploads\/2023\/12\/S__3309666.jpg","contentUrl":"https:\/\/thaimassage-kessenich.be\/wp-content\/uploads\/2023\/12\/S__3309666.jpg","width":420,"height":258},{"@type":"BreadcrumbList","@id":"https:\/\/thaimassage-kessenich.be\/index.php\/menu\/aromatherapie-massage\/#breadcrumb","itemListElement":[{"@type":"ListItem","position":1,"name":"Home","item":"https:\/\/thaimassage-kessenich.be\/"},{"@type":"ListItem","position":2,"name":"Menu","item":"https:\/\/thaimassage-kessenich.be\/index.php\/menu\/"},{"@type":"ListItem","position":3,"name":"Aromatherapie Massage"}]},{"@type":"WebSite","@id":"https:\/\/thaimassage-kessenich.be\/#website","url":"https:\/\/thaimassage-kessenich.be\/","name":"Thai Massage Kessenich - TMK","description":"Ontspannende en helende massages","publisher":{"@id":"https:\/\/thaimassage-kessenich.be\/#organization"},"potentialAction":[{"@type":"SearchAction","target":{"@type":"EntryPoint","urlTemplate":"https:\/\/thaimassage-kessenich.be\/?s={search_term_string}"},"query-input":{"@type":"PropertyValueSpecification","valueRequired":true,"valueName":"search_term_string"}}],"inLanguage":"en-US"},{"@type":"Organization","@id":"https:\/\/thaimassage-kessenich.be\/#organization","name":"Thai Massage Kessenich - TMK","url":"https:\/\/thaimassage-kessenich.be\/","logo":{"@type":"ImageObject","inLanguage":"en-US","@id":"https:\/\/thaimassage-kessenich.be\/#\/schema\/logo\/image\/","url":"https:\/\/thaimassage-kessenich.be\/wp-content\/uploads\/2024\/01\/2024-01-09-TMK-logo-final-zw-copy-512x512-1.png","contentUrl":"https:\/\/thaimassage-kessenich.be\/wp-content\/uploads\/2024\/01\/2024-01-09-TMK-logo-final-zw-copy-512x512-1.png","width":512,"height":511,"caption":"Thai Massage Kessenich - TMK"},"image":{"@id":"https:\/\/thaimassage-kessenich.be\/#\/schema\/logo\/image\/"}},{"@type":"Person","@id":"https:\/\/thaimassage-kessenich.be\/#\/schema\/person\/e3c38fff35bab0b4137fae0c0b1f468e","name":"admin","image":{"@type":"ImageObject","inLanguage":"en-US","@id":"https:\/\/secure.gravatar.com\/avatar\/58e8f26bb32b8176d477f34ebfaa1fa9883fa8cb9c6bfe38399a7afd611b743a?s=96&d=mm&r=g","url":"https:\/\/secure.gravatar.com\/avatar\/58e8f26bb32b8176d477f34ebfaa1fa9883fa8cb9c6bfe38399a7afd611b743a?s=96&d=mm&r=g","contentUrl":"https:\/\/secure.gravatar.com\/avatar\/58e8f26bb32b8176d477f34ebfaa1fa9883fa8cb9c6bfe38399a7afd611b743a?s=96&d=mm&r=g","caption":"admin"},"sameAs":["https:\/\/thaimassage-kessenich.be"],"url":"https:\/\/thaimassage-kessenich.be\/index.php\/author\/b2bd1a492886642e\/"}]}},"_links":{"self":[{"href":"https:\/\/thaimassage-kessenich.be\/index.php\/wp-json\/wp\/v2\/pages\/294","targetHints":{"allow":["GET"]}}],"collection":[{"href":"https:\/\/thaimassage-kessenich.be\/index.php\/wp-json\/wp\/v2\/pages"}],"about":[{"href":"https:\/\/thaimassage-kessenich.be\/index.php\/wp-json\/wp\/v2\/types\/page"}],"author":[{"embeddable":true,"href":"https:\/\/thaimassage-kessenich.be\/index.php\/wp-json\/wp\/v2\/users\/1"}],"replies":[{"embeddable":true,"href":"https:\/\/thaimassage-kessenich.be\/index.php\/wp-json\/wp\/v2\/comments?post=294"}],"version-history":[{"count":9,"href":"https:\/\/thaimassage-kessenich.be\/index.php\/wp-json\/wp\/v2\/pages\/294\/revisions"}],"predecessor-version":[{"id":1464,"href":"https:\/\/thaimassage-kessenich.be\/index.php\/wp-json\/wp\/v2\/pages\/294\/revisions\/1464"}],"up":[{"embeddable":true,"href":"https:\/\/thaimassage-kessenich.be\/index.php\/wp-json\/wp\/v2\/pages\/743"}],"wp:attachment":[{"href":"https:\/\/thaimassage-kessenich.be\/index.php\/wp-json\/wp\/v2\/media?parent=294"}],"curies":[{"name":"wp","href":"https:\/\/api.w.org\/{rel}","templated":true}]}}