{"id":921,"date":"2024-01-10T19:47:28","date_gmt":"2024-01-10T19:47:28","guid":{"rendered":"https:\/\/thaimassage-kessenich.be\/?page_id=921"},"modified":"2026-03-30T13:08:03","modified_gmt":"2026-03-30T13:08:03","slug":"pricelist","status":"publish","type":"page","link":"https:\/\/thaimassage-kessenich.be\/index.php\/deutsch\/pricelist\/","title":{"rendered":"Preisliste-"},"content":{"rendered":"<p>== <a href=\"https:\/\/thaimassage-kessenich.be\/index.php\/deutsch\/startseite\/\">STARTSEITE<\/a> &#8211; <a href=\"https:\/\/thaimassage-kessenich.be\/index.php\/deutsch\/uber-uns\/\">UEBER UNS<\/a> &#8211; <a href=\"https:\/\/thaimassage-kessenich.be\/index.php\/deutsch\/geschichte\/\">GESCHICHTE<\/a> &#8211; <a href=\"https:\/\/thaimassage-kessenich.be\/index.php\/deutsch\/behandlungen\/\">BEHANDLUNGEN<\/a> &#8211; <a href=\"https:\/\/thaimassage-kessenich.be\/index.php\/deutsch\/pricelist\/\">PREISLISTE<\/a> &#8211; <a href=\"https:\/\/thaimassage-kessenich.be\/index.php\/deutsch\/kontakt-de\/\">KONTAKT<\/a> ==<\/p>\n<p><img loading=\"lazy\" decoding=\"async\" class=\"alignnone wp-image-1669 size-large\" src=\"https:\/\/thaimassage-kessenich.be\/wp-content\/uploads\/2024\/12\/DE-1024x755.jpg\" alt=\"\" width=\"1024\" height=\"755\" srcset=\"https:\/\/thaimassage-kessenich.be\/wp-content\/uploads\/2024\/12\/DE-1024x755.jpg 1024w, https:\/\/thaimassage-kessenich.be\/wp-content\/uploads\/2024\/12\/DE-300x221.jpg 300w, https:\/\/thaimassage-kessenich.be\/wp-content\/uploads\/2024\/12\/DE-768x566.jpg 768w, https:\/\/thaimassage-kessenich.be\/wp-content\/uploads\/2024\/12\/DE-1536x1132.jpg 1536w, https:\/\/thaimassage-kessenich.be\/wp-content\/uploads\/2024\/12\/DE-2048x1510.jpg 2048w\" sizes=\"auto, (max-width: 1024px) 100vw, 1024px\" \/><\/p>\n<p><strong><span class=\"HwtZe\" lang=\"de\">Dies sind die Preise fuer standard Massagen.<\/span><\/strong><\/p>\n<p>Preise fuer Kombinationen von Massagen werden vor Anfang von die Massage vereinbart.<\/p>\n<p><strong>Hinweis:<br \/>\nWenn Sie elektronisch bezahlen m\u00f6chten und keine KBC- oder Payconiq-App haben, dann \u00fcberpr\u00fcfen Sie bitte vor der Massage, ob dies mit Ihrer eigenen App m\u00f6glich ist.<\/strong><br \/>\nUnserer Erfahrung nach ist es nicht m\u00f6glich, mit nicht-belgischen Apps zu bezahlen.<br \/>\n<strong>Wenn Sie sich nicht sicher sind, seien Sie bitte bereit, mit Bargeld zu bezahlen.<\/strong><\/p>\n<p><strong>Wir sind von Montag bis Samstag von 09:00h bis 20:00h ge\u00f6ffnet.<\/strong><\/p>\n<p><strong>Vielleicht eine nette Anregung.<\/strong><br \/>\nWenn Sie Ihren Freund oder Ihre Familie zu einem besonderen Anlass mit einem Geschenk \u00fcberraschen m\u00f6chten, k\u00f6nnen Sie in unserem Salon einen Gutschein f\u00fcr eine unserer Behandlungen erwerben.<\/p>\n<p><img loading=\"lazy\" decoding=\"async\" class=\"alignnone wp-image-1671 size-large\" src=\"https:\/\/thaimassage-kessenich.be\/wp-content\/uploads\/2024\/12\/IMG_2165-1024x768.jpeg\" alt=\"\" width=\"1024\" height=\"768\" srcset=\"https:\/\/thaimassage-kessenich.be\/wp-content\/uploads\/2024\/12\/IMG_2165-1024x768.jpeg 1024w, https:\/\/thaimassage-kessenich.be\/wp-content\/uploads\/2024\/12\/IMG_2165-300x225.jpeg 300w, https:\/\/thaimassage-kessenich.be\/wp-content\/uploads\/2024\/12\/IMG_2165-768x576.jpeg 768w, https:\/\/thaimassage-kessenich.be\/wp-content\/uploads\/2024\/12\/IMG_2165-1536x1152.jpeg 1536w, https:\/\/thaimassage-kessenich.be\/wp-content\/uploads\/2024\/12\/IMG_2165-2048x1536.jpeg 2048w\" sizes=\"auto, (max-width: 1024px) 100vw, 1024px\" \/><\/p>\n","protected":false},"excerpt":{"rendered":"<p>== STARTSEITE &#8211; UEBER UNS &#8211; GESCHICHTE &#8211; BEHANDLUNGEN &#8211; PREISLISTE &#8211; KONTAKT == Dies sind die Preise fuer standard Massagen. Preise fuer Kombinationen von Massagen werden vor Anfang von die Massage vereinbart. Hinweis: Wenn Sie elektronisch bezahlen m\u00f6chten und keine KBC- oder Payconiq-App haben, dann \u00fcberpr\u00fcfen Sie bitte vor der Massage, ob dies mit [&hellip;]<\/p>\n","protected":false},"author":1,"featured_media":0,"parent":1309,"menu_order":25,"comment_status":"closed","ping_status":"closed","template":"","meta":{"_kadence_starter_templates_imported_post":false,"footnotes":""},"class_list":["post-921","page","type-page","status-publish","hentry"],"yoast_head":"<!-- This site is optimized with the Yoast SEO plugin v27.2 - https:\/\/yoast.com\/product\/yoast-seo-wordpress\/ -->\n<title>Preisliste- Thai Massage Kessenich - TMK<\/title>\n<meta name=\"robots\" content=\"index, follow, max-snippet:-1, max-image-preview:large, max-video-preview:-1\" \/>\n<link rel=\"canonical\" href=\"https:\/\/thaimassage-kessenich.be\/index.php\/deutsch\/pricelist\/\" \/>\n<meta property=\"og:locale\" content=\"en_US\" \/>\n<meta property=\"og:type\" content=\"article\" \/>\n<meta property=\"og:title\" content=\"Preisliste- Thai Massage Kessenich - TMK\" \/>\n<meta property=\"og:description\" content=\"== STARTSEITE &#8211; UEBER UNS &#8211; GESCHICHTE &#8211; BEHANDLUNGEN &#8211; PREISLISTE &#8211; KONTAKT == Dies sind die Preise fuer standard Massagen. Preise fuer Kombinationen von Massagen werden vor Anfang von die Massage vereinbart. Hinweis: Wenn Sie elektronisch bezahlen m\u00f6chten und keine KBC- oder Payconiq-App haben, dann \u00fcberpr\u00fcfen Sie bitte vor der Massage, ob dies mit [&hellip;]\" \/>\n<meta property=\"og:url\" content=\"https:\/\/thaimassage-kessenich.be\/index.php\/deutsch\/pricelist\/\" \/>\n<meta property=\"og:site_name\" content=\"Thai Massage Kessenich - TMK\" \/>\n<meta property=\"article:modified_time\" content=\"2026-03-30T13:08:03+00:00\" \/>\n<meta property=\"og:image\" content=\"https:\/\/thaimassage-kessenich.be\/wp-content\/uploads\/2024\/12\/DE-scaled.jpg\" \/>\n\t<meta property=\"og:image:width\" content=\"2560\" \/>\n\t<meta property=\"og:image:height\" content=\"1887\" \/>\n\t<meta property=\"og:image:type\" content=\"image\/jpeg\" \/>\n<meta name=\"twitter:card\" content=\"summary_large_image\" \/>\n<meta name=\"twitter:label1\" content=\"Est. reading time\" \/>\n\t<meta name=\"twitter:data1\" content=\"1 minute\" \/>\n<script type=\"application\/ld+json\" class=\"yoast-schema-graph\">{\"@context\":\"https:\/\/schema.org\",\"@graph\":[{\"@type\":\"WebPage\",\"@id\":\"https:\/\/thaimassage-kessenich.be\/index.php\/deutsch\/pricelist\/\",\"url\":\"https:\/\/thaimassage-kessenich.be\/index.php\/deutsch\/pricelist\/\",\"name\":\"Preisliste- Thai Massage Kessenich - TMK\",\"isPartOf\":{\"@id\":\"https:\/\/thaimassage-kessenich.be\/#website\"},\"primaryImageOfPage\":{\"@id\":\"https:\/\/thaimassage-kessenich.be\/index.php\/deutsch\/pricelist\/#primaryimage\"},\"image\":{\"@id\":\"https:\/\/thaimassage-kessenich.be\/index.php\/deutsch\/pricelist\/#primaryimage\"},\"thumbnailUrl\":\"https:\/\/thaimassage-kessenich.be\/wp-content\/uploads\/2024\/12\/DE-1024x755.jpg\",\"datePublished\":\"2024-01-10T19:47:28+00:00\",\"dateModified\":\"2026-03-30T13:08:03+00:00\",\"breadcrumb\":{\"@id\":\"https:\/\/thaimassage-kessenich.be\/index.php\/deutsch\/pricelist\/#breadcrumb\"},\"inLanguage\":\"en-US\",\"potentialAction\":[{\"@type\":\"ReadAction\",\"target\":[\"https:\/\/thaimassage-kessenich.be\/index.php\/deutsch\/pricelist\/\"]}]},{\"@type\":\"ImageObject\",\"inLanguage\":\"en-US\",\"@id\":\"https:\/\/thaimassage-kessenich.be\/index.php\/deutsch\/pricelist\/#primaryimage\",\"url\":\"https:\/\/thaimassage-kessenich.be\/wp-content\/uploads\/2024\/12\/DE-scaled.jpg\",\"contentUrl\":\"https:\/\/thaimassage-kessenich.be\/wp-content\/uploads\/2024\/12\/DE-scaled.jpg\",\"width\":2560,\"height\":1887},{\"@type\":\"BreadcrumbList\",\"@id\":\"https:\/\/thaimassage-kessenich.be\/index.php\/deutsch\/pricelist\/#breadcrumb\",\"itemListElement\":[{\"@type\":\"ListItem\",\"position\":1,\"name\":\"Home\",\"item\":\"https:\/\/thaimassage-kessenich.be\/\"},{\"@type\":\"ListItem\",\"position\":2,\"name\":\"DEUTSCH\",\"item\":\"https:\/\/thaimassage-kessenich.be\/index.php\/deutsch\/\"},{\"@type\":\"ListItem\",\"position\":3,\"name\":\"Preisliste-\"}]},{\"@type\":\"WebSite\",\"@id\":\"https:\/\/thaimassage-kessenich.be\/#website\",\"url\":\"https:\/\/thaimassage-kessenich.be\/\",\"name\":\"Thai Massage Kessenich - TMK\",\"description\":\"Ontspannende en helende massages\",\"publisher\":{\"@id\":\"https:\/\/thaimassage-kessenich.be\/#organization\"},\"potentialAction\":[{\"@type\":\"SearchAction\",\"target\":{\"@type\":\"EntryPoint\",\"urlTemplate\":\"https:\/\/thaimassage-kessenich.be\/?s={search_term_string}\"},\"query-input\":{\"@type\":\"PropertyValueSpecification\",\"valueRequired\":true,\"valueName\":\"search_term_string\"}}],\"inLanguage\":\"en-US\"},{\"@type\":\"Organization\",\"@id\":\"https:\/\/thaimassage-kessenich.be\/#organization\",\"name\":\"Thai Massage Kessenich - TMK\",\"url\":\"https:\/\/thaimassage-kessenich.be\/\",\"logo\":{\"@type\":\"ImageObject\",\"inLanguage\":\"en-US\",\"@id\":\"https:\/\/thaimassage-kessenich.be\/#\/schema\/logo\/image\/\",\"url\":\"https:\/\/thaimassage-kessenich.be\/wp-content\/uploads\/2024\/01\/2024-01-09-TMK-logo-final-zw-copy-512x512-1.png\",\"contentUrl\":\"https:\/\/thaimassage-kessenich.be\/wp-content\/uploads\/2024\/01\/2024-01-09-TMK-logo-final-zw-copy-512x512-1.png\",\"width\":512,\"height\":511,\"caption\":\"Thai Massage Kessenich - TMK\"},\"image\":{\"@id\":\"https:\/\/thaimassage-kessenich.be\/#\/schema\/logo\/image\/\"}}]}<\/script>\n<!-- \/ Yoast SEO plugin. -->","yoast_head_json":{"title":"Preisliste- Thai Massage Kessenich - TMK","robots":{"index":"index","follow":"follow","max-snippet":"max-snippet:-1","max-image-preview":"max-image-preview:large","max-video-preview":"max-video-preview:-1"},"canonical":"https:\/\/thaimassage-kessenich.be\/index.php\/deutsch\/pricelist\/","og_locale":"en_US","og_type":"article","og_title":"Preisliste- Thai Massage Kessenich - TMK","og_description":"== STARTSEITE &#8211; UEBER UNS &#8211; GESCHICHTE &#8211; BEHANDLUNGEN &#8211; PREISLISTE &#8211; KONTAKT == Dies sind die Preise fuer standard Massagen. Preise fuer Kombinationen von Massagen werden vor Anfang von die Massage vereinbart. Hinweis: Wenn Sie elektronisch bezahlen m\u00f6chten und keine KBC- oder Payconiq-App haben, dann \u00fcberpr\u00fcfen Sie bitte vor der Massage, ob dies mit [&hellip;]","og_url":"https:\/\/thaimassage-kessenich.be\/index.php\/deutsch\/pricelist\/","og_site_name":"Thai Massage Kessenich - TMK","article_modified_time":"2026-03-30T13:08:03+00:00","og_image":[{"width":2560,"height":1887,"url":"https:\/\/thaimassage-kessenich.be\/wp-content\/uploads\/2024\/12\/DE-scaled.jpg","type":"image\/jpeg"}],"twitter_card":"summary_large_image","twitter_misc":{"Est. reading time":"1 minute"},"schema":{"@context":"https:\/\/schema.org","@graph":[{"@type":"WebPage","@id":"https:\/\/thaimassage-kessenich.be\/index.php\/deutsch\/pricelist\/","url":"https:\/\/thaimassage-kessenich.be\/index.php\/deutsch\/pricelist\/","name":"Preisliste- Thai Massage Kessenich - TMK","isPartOf":{"@id":"https:\/\/thaimassage-kessenich.be\/#website"},"primaryImageOfPage":{"@id":"https:\/\/thaimassage-kessenich.be\/index.php\/deutsch\/pricelist\/#primaryimage"},"image":{"@id":"https:\/\/thaimassage-kessenich.be\/index.php\/deutsch\/pricelist\/#primaryimage"},"thumbnailUrl":"https:\/\/thaimassage-kessenich.be\/wp-content\/uploads\/2024\/12\/DE-1024x755.jpg","datePublished":"2024-01-10T19:47:28+00:00","dateModified":"2026-03-30T13:08:03+00:00","breadcrumb":{"@id":"https:\/\/thaimassage-kessenich.be\/index.php\/deutsch\/pricelist\/#breadcrumb"},"inLanguage":"en-US","potentialAction":[{"@type":"ReadAction","target":["https:\/\/thaimassage-kessenich.be\/index.php\/deutsch\/pricelist\/"]}]},{"@type":"ImageObject","inLanguage":"en-US","@id":"https:\/\/thaimassage-kessenich.be\/index.php\/deutsch\/pricelist\/#primaryimage","url":"https:\/\/thaimassage-kessenich.be\/wp-content\/uploads\/2024\/12\/DE-scaled.jpg","contentUrl":"https:\/\/thaimassage-kessenich.be\/wp-content\/uploads\/2024\/12\/DE-scaled.jpg","width":2560,"height":1887},{"@type":"BreadcrumbList","@id":"https:\/\/thaimassage-kessenich.be\/index.php\/deutsch\/pricelist\/#breadcrumb","itemListElement":[{"@type":"ListItem","position":1,"name":"Home","item":"https:\/\/thaimassage-kessenich.be\/"},{"@type":"ListItem","position":2,"name":"DEUTSCH","item":"https:\/\/thaimassage-kessenich.be\/index.php\/deutsch\/"},{"@type":"ListItem","position":3,"name":"Preisliste-"}]},{"@type":"WebSite","@id":"https:\/\/thaimassage-kessenich.be\/#website","url":"https:\/\/thaimassage-kessenich.be\/","name":"Thai Massage Kessenich - TMK","description":"Ontspannende en helende massages","publisher":{"@id":"https:\/\/thaimassage-kessenich.be\/#organization"},"potentialAction":[{"@type":"SearchAction","target":{"@type":"EntryPoint","urlTemplate":"https:\/\/thaimassage-kessenich.be\/?s={search_term_string}"},"query-input":{"@type":"PropertyValueSpecification","valueRequired":true,"valueName":"search_term_string"}}],"inLanguage":"en-US"},{"@type":"Organization","@id":"https:\/\/thaimassage-kessenich.be\/#organization","name":"Thai Massage Kessenich - TMK","url":"https:\/\/thaimassage-kessenich.be\/","logo":{"@type":"ImageObject","inLanguage":"en-US","@id":"https:\/\/thaimassage-kessenich.be\/#\/schema\/logo\/image\/","url":"https:\/\/thaimassage-kessenich.be\/wp-content\/uploads\/2024\/01\/2024-01-09-TMK-logo-final-zw-copy-512x512-1.png","contentUrl":"https:\/\/thaimassage-kessenich.be\/wp-content\/uploads\/2024\/01\/2024-01-09-TMK-logo-final-zw-copy-512x512-1.png","width":512,"height":511,"caption":"Thai Massage Kessenich - TMK"},"image":{"@id":"https:\/\/thaimassage-kessenich.be\/#\/schema\/logo\/image\/"}}]}},"_links":{"self":[{"href":"https:\/\/thaimassage-kessenich.be\/index.php\/wp-json\/wp\/v2\/pages\/921","targetHints":{"allow":["GET"]}}],"collection":[{"href":"https:\/\/thaimassage-kessenich.be\/index.php\/wp-json\/wp\/v2\/pages"}],"about":[{"href":"https:\/\/thaimassage-kessenich.be\/index.php\/wp-json\/wp\/v2\/types\/page"}],"author":[{"embeddable":true,"href":"https:\/\/thaimassage-kessenich.be\/index.php\/wp-json\/wp\/v2\/users\/1"}],"replies":[{"embeddable":true,"href":"https:\/\/thaimassage-kessenich.be\/index.php\/wp-json\/wp\/v2\/comments?post=921"}],"version-history":[{"count":10,"href":"https:\/\/thaimassage-kessenich.be\/index.php\/wp-json\/wp\/v2\/pages\/921\/revisions"}],"predecessor-version":[{"id":1799,"href":"https:\/\/thaimassage-kessenich.be\/index.php\/wp-json\/wp\/v2\/pages\/921\/revisions\/1799"}],"up":[{"embeddable":true,"href":"https:\/\/thaimassage-kessenich.be\/index.php\/wp-json\/wp\/v2\/pages\/1309"}],"wp:attachment":[{"href":"https:\/\/thaimassage-kessenich.be\/index.php\/wp-json\/wp\/v2\/media?parent=921"}],"curies":[{"name":"wp","href":"https:\/\/api.w.org\/{rel}","templated":true}]}}